{"id":1298,"date":"2025-07-10T09:13:24","date_gmt":"2025-07-10T13:13:24","guid":{"rendered":"https:\/\/www.aepthermal.com\/quienes-somos\/"},"modified":"2025-07-10T14:07:58","modified_gmt":"2025-07-10T18:07:58","slug":"quienes-somos","status":"publish","type":"page","link":"https:\/\/www.aepthermal.com\/es\/quienes-somos\/","title":{"rendered":"Qui\u00e9nes somos"},"content":{"rendered":"<section class=\"cs-section no-padding cs-full-height inner_page_banner\" style=\"background-image: url(https:\/\/www.aepthermal.com\/wp-content\/uploads\/2025\/04\/iStock-2093307000.jpg); background-repeat: no-repeat;\" data-full-height-rate=\"75\"><div class=\"container-fluid\"><div class=\"row cs-equal-height cs-equal-height-center\"><div class=\"col-md-6 vc_custom_1742845337855\" style=\"background: radial-gradient(118.86% 123.26% at 73.16% 75%, #85b2ff96 0, #1eba47);\"><div class=\"cs-column-inner\">[vc_empty_space height=\u00bb100px\u00bb][vc_custom_heading text=\u00bbCon m\u00e1s de 40 a\u00f1os de experiencia, proporcionamos sistemas personalizados y energ\u00e9ticamente eficientes que alimentan las operaciones de forma fiable y dan forma al futuro de la calefacci\u00f3n industrial.\u00bb font_container=\u00bbtag:h2|font_size:40px|text_align:left|color:%23FFFFFF|line_height:45px\u00bb use_theme_fonts=\u00bbyes\u00bb css=\u00bb\u00bb][vc_empty_space height=\u00bb100px\u00bb]<\/div><\/div><div class=\"col-md-6 vc_custom_1742473025354\"><div class=\"cs-column-inner\"><\/div><\/div><\/div><\/div><\/section><section class=\"cs-section key_adv_fet\"><div class=\"container\"><div class=\"row\"><div class=\"col-md-7 cs-animation fadeInLeft key_adv_fet_content para_text wpb_animate_when_almost_visible wpb_zoomIn zoomIn wpb_start_animation\"><div class=\"cs-column-inner\">[vc_custom_heading text=\u00bbNuestro legado de innovaci\u00f3n\u00bb font_container=\u00bbtag:h2|text_align:left|color:%2337393F\u00bb use_theme_fonts=\u00bbyes\u00bb css=\u00bb\u00bb][vc_separator color=\u00bbcustom\u00bb align=\u00bbalign_left\u00bb border_width=\u00bb3&#8243; el_width=\u00bb70&#8243; css=\u00bb\u00bb accent_color=\u00bb#000080&#8243;]<div class=\"cs-column-text\"><p>Durante m\u00e1s de cuatro d\u00e9cadas, AEP Thermal ha sido pionera en el sector de las calderas de electrodos de alto voltaje, suministrando m\u00e1s de 4 GW de soluciones de calefacci\u00f3n de vanguardia en todo el mundo. Con operaciones internacionales en India y China, nos hemos forjado una reputaci\u00f3n de l\u00edder mundial en la producci\u00f3n de vapor y agua caliente de alto rendimiento, ofreciendo soluciones fiables y energ\u00e9ticamente eficientes. Nuestros dise\u00f1os CEJS y CEJW(S) proporcionan una versatilidad excepcional, permitiendo una modulaci\u00f3n del 100% o un control de la capacidad del 8% al 100%. En AEP Thermal, nos enorgullecemos de superar los l\u00edmites de la innovaci\u00f3n para satisfacer las necesidades cambiantes de las industrias de todo el mundo.   <\/p>\n<p>Como AEP Thermal vende sus equipos en todo el mundo, hemos estado expuestos a muchas industrias, desde instalaciones m\u00e9dicas, calefacci\u00f3n directa, centrales el\u00e9ctricas y centros educativos AEP Thermal trabaja con esta amplia variedad de clientes, lo que nos ha permitido compartir la experiencia en procesos e ingenier\u00eda de distintos campos y animar a los clientes a considerar soluciones de fuera de su industria que no hubieran parecido aplicables inmediatamente. Nuestros archivos detallados de proyectos realizados permiten a AEP Thermsl recuperar f\u00e1cilmente la experiencia del pasado y reformularla para las aplicaciones actuales. Nuestra experiencia beneficia a industrias e instituciones que necesitan soluciones de calefacci\u00f3n sostenibles y de alto rendimiento. Somos expertos mundiales en calderas el\u00e9ctricas dise\u00f1adas a medida.   <\/p>\n<p>Ponte en contacto con nosotros hoy mismo para ver c\u00f3mo AEP Thermal puede proporcionar a tu empresa calefacci\u00f3n el\u00e9ctrica dise\u00f1ada a medida para un futuro sostenible.<\/p>\n<\/div><div class=\"cs-btn-align text-left\"><a href=\"\/contact-us\/\" class=\"cs-btn cs-btn-custom cs-btn-square cs-btn-custom-own cs-btn-lg cs-btn-custom-69fb0ccb17303\">Contact Us<\/a><\/div><\/div><\/div><div class=\"col-md-5 cs-animation fadeInRight key_adv_fet_img wpb_animate_when_almost_visible wpb_zoomIn zoomIn wpb_start_animation\"><div class=\"cs-column-inner\">[vc_single_image image=\u00bb651&#8243; img_size=\u00bbfull\u00bb css=\u00bb\u00bb]<\/div><\/div><\/div><\/div><\/section><section class=\"cs-section our_clients_wrapper\"><div class=\"container\"><div class=\"row cs-equal-height cs-equal-height-center\"><div class=\"col-md-5 our_clients\"><div class=\"cs-column-inner\">[vc_single_image image=\u00bb668&#8243; img_size=\u00bbfull\u00bb css_animation=\u00bbfadeIn\u00bb css=\u00bb\u00bb el_class=\u00bbclient_one\u00bb][vc_single_image image=\u00bb667&#8243; img_size=\u00bbfull\u00bb css_animation=\u00bbfadeIn\u00bb css=\u00bb\u00bb el_class=\u00bbclient_two\u00bb][vc_single_image image=\u00bb666&#8243; img_size=\u00bbfull\u00bb css_animation=\u00bbfadeIn\u00bb css=\u00bb\u00bb el_class=\u00bbclient_three\u00bb][vc_single_image image=\u00bb665&#8243; img_size=\u00bbfull\u00bb css_animation=\u00bbfadeIn\u00bb css=\u00bb\u00bb el_class=\u00bbclient_four\u00bb]<\/div><\/div><div class=\"col-md-7 cs-animation fadeInRight wpb_animate_when_almost_visible wpb_zoomIn zoomIn wpb_start_animation\"><div class=\"cs-column-inner\">[vc_custom_heading text=\u00bbCon la confianza de los l\u00edderes del sector\u00bb font_container=\u00bbtag:h2|text_align:left|color:%2337393F\u00bb use_theme_fonts=\u00bbyes\u00bb css=\u00bb\u00bb][vc_separator color=\u00bbcustom\u00bb align=\u00bbalign_left\u00bb border_width=\u00bb3&#8243; el_width=\u00bb80&#8243; css=\u00bb\u00bb accent_color=\u00bb#000080&#8243;]<div class=\"cs-column-text\"><p>Hemos tenido el privilegio de trabajar con una amplia gama de clientes de diversos sectores, como empresas tecnol\u00f3gicas, agencias de marketing, instituciones educativas y corporaciones multinacionales. Nuestros socios conf\u00edan en nosotros por nuestro compromiso con la calidad, la fiabilidad y la entrega puntual. Al superar sistem\u00e1ticamente las expectativas, hemos establecido relaciones a largo plazo con organizaciones que conf\u00edan en nuestra experiencia para mejorar sus operaciones.<\/p>\n<\/div><div class=\"cs-btn-align text-left\"><a href=\"\/contact-us\/\" class=\"cs-btn cs-btn-custom cs-btn-square cs-btn-custom-own cs-btn-lg cs-btn-custom-69fb0ccb17496\">Contact Us<\/a><\/div><\/div><\/div><\/div><\/div><\/section><section class=\"cs-section features_benefits_wrapper\"><div class=\"container\"><div class=\"row\"><div class=\"col-md-12 cs-animation fadeInUp wpb_animate_when_almost_visible wpb_zoomIn zoomIn wpb_start_animation\"><div class=\"cs-column-inner\">[vc_custom_heading text=\u00bbSoluciones de calefacci\u00f3n sostenibles y eficientes\u00bb font_container=\u00bbtag:h2|text_align:center|color:%23111111&#8243; use_theme_fonts=\u00bbyes\u00bb css=\u00bb\u00bb][vc_separator color=\u00bbcustom\u00bb border_width=\u00bb3&#8243; el_width=\u00bb30&#8243; css=\u00bb\u00bb accent_color=\u00bb#000080&#8243;]<section class=\"cs-section content_box\"><div class=\"container\"><div class=\"row\"><div class=\"col-md-12 cs-animation fadeInLeft wpb_animate_when_almost_visible wpb_zoomIn zoomIn wpb_start_animation\"><div class=\"cs-column-inner\">[vc_single_image image=\u00bb653&#8243; img_size=\u00bbfull\u00bb css=\u00bb\u00bb]<div class=\"cs-column-text\"><p>En A.E.P. Thermal Inc. estamos redefiniendo la calefacci\u00f3n energ\u00e9ticamente eficiente con nuestras avanzadas calderas de electrodos de alta tensi\u00f3n. Dise\u00f1adas para una amplia gama de aplicaciones, como calefacci\u00f3n de edificios, procesamiento de alimentos, plantas industriales, miner\u00eda y generaci\u00f3n de energ\u00eda, nuestras calderas de electrodos ofrecen soluciones sostenibles y rentables. Con m\u00e1s de 40 a\u00f1os de experiencia en fabricaci\u00f3n mec\u00e1nica, el\u00e9ctrica y electr\u00f3nica, seguimos innovando, garantizando que nuestros productos ofrezcan el m\u00e1ximo rendimiento con el m\u00ednimo impacto medioambiental.<\/p>\n<\/div><\/div><\/div><\/div><\/div><\/section><div class=\"cs-btn-align text-center\"><a href=\"\/industries-applications\/\" class=\"cs-btn cs-btn-custom cs-btn-square cs-btn-custom-own cs-btn-lg cs-btn-custom-69fb0ccb1778b\">Learn More<\/a><\/div><\/div><\/div><\/div><\/div><\/section><section class=\"cs-section electrode_steam_boiler\"><div class=\"container\"><div class=\"row\"><div class=\"col-md-12\"><div class=\"cs-column-inner\"><section class=\"cs-section possible_uses single_desc\"><div class=\"container\"><div class=\"row\"><div class=\"col-md-4 cs-animation fadeInLeft title_img wpb_animate_when_almost_visible wpb_zoomIn zoomIn wpb_start_animation cs-column-background\" style=\" background-image: url(\/wp-content\/uploads\/2025\/04\/ChatGPT-PM.jpg);\"><div class=\"cs-column-inner\">[vc_custom_heading text=\u00bbNuestra l\u00ednea de productos\u00bb font_container=\u00bbtag:h2|text_align:center\u00bb use_theme_fonts=\u00bbyes\u00bb css=\u00bb\u00bb]<a href=\"\/high-voltage-boilers\/\" class=\"cs-btn cs-btn-custom cs-btn-square cs-btn-custom-own cs-btn-lg cs-btn-custom-69fb0ccb178ea\">Learn More<\/a><\/div><\/div><div class=\"col-md-8 cs-animation fadeInRight uses wpb_animate_when_almost_visible wpb_zoomIn zoomIn wpb_start_animation\"><div class=\"cs-column-inner\"><div class=\"cs-column-text mr-0\"><p>A.E.P. Thermal Inc. se especializa en:<\/p>\n<ul>\n<li><strong>Calderas de agua caliente de electrodos sumergidos<\/strong> &#8211; Ideales para calentar procesos o espacios, estas calderas funcionan con agua a niveles \u00f3ptimos de conductividad.<\/li>\n<li><strong>Calderas de vapor de electrodos sumergidos<\/strong> &#8211; Dise\u00f1adas para sistemas de distribuci\u00f3n trif\u00e1sicos de 4 hilos, utilizan la conductividad y las propiedades resistivas del agua para generar vapor de forma eficiente.<\/li>\n<li><strong>Calderas de Vapor de Chorro (Modelo CEJS)<\/strong> &#8211; L\u00edder del mercado con gran \u00e9xito operativo, ofrece generaci\u00f3n de vapor de gran capacidad en un espacio compacto.<\/li>\n<\/ul>\n<p>Nuestro compromiso con la sostenibilidad significa reducir la dependencia de los combustibles f\u00f3siles y apoyar al mismo tiempo los esfuerzos mundiales para reducir las emisiones de gases de efecto invernadero. Al invertir en tecnolog\u00eda punta, seguimos liderando el sector con soluciones de alto rendimiento y eficiencia energ\u00e9tica.<\/p>\n<\/div><\/div><\/div><\/div><\/div><\/section><\/div><\/div><\/div><\/div><\/section>\n","protected":false},"excerpt":{"rendered":"<p><span class=\"entry-read-more\"><a href=\"https:\/\/www.aepthermal.com\/es\/quienes-somos\/\" class=\"cs-btn cs-btn-flat cs-btn-rounded cs-btn-xxs cs-btn-flat-accent\">Leer m\u00e1s<\/a><\/span><\/p>\n","protected":false},"author":2,"featured_media":0,"parent":0,"menu_order":0,"comment_status":"closed","ping_status":"closed","template":"","meta":{"footnotes":""},"class_list":["post-1298","page","type-page","status-publish","hentry"],"_links":{"self":[{"href":"https:\/\/www.aepthermal.com\/es\/wp-json\/wp\/v2\/pages\/1298","targetHints":{"allow":["GET"]}}],"collection":[{"href":"https:\/\/www.aepthermal.com\/es\/wp-json\/wp\/v2\/pages"}],"about":[{"href":"https:\/\/www.aepthermal.com\/es\/wp-json\/wp\/v2\/types\/page"}],"author":[{"embeddable":true,"href":"https:\/\/www.aepthermal.com\/es\/wp-json\/wp\/v2\/users\/2"}],"replies":[{"embeddable":true,"href":"https:\/\/www.aepthermal.com\/es\/wp-json\/wp\/v2\/comments?post=1298"}],"version-history":[{"count":0,"href":"https:\/\/www.aepthermal.com\/es\/wp-json\/wp\/v2\/pages\/1298\/revisions"}],"wp:attachment":[{"href":"https:\/\/www.aepthermal.com\/es\/wp-json\/wp\/v2\/media?parent=1298"}],"curies":[{"name":"wp","href":"https:\/\/api.w.org\/{rel}","templated":true}]}}