{"id":1301,"date":"2025-07-10T09:13:31","date_gmt":"2025-07-10T13:13:31","guid":{"rendered":"https:\/\/www.aepthermal.com\/aplicaciones-industriales\/"},"modified":"2026-03-09T15:17:35","modified_gmt":"2026-03-09T19:17:35","slug":"aplicaciones-industriales","status":"publish","type":"page","link":"https:\/\/www.aepthermal.com\/es\/aplicaciones-industriales\/","title":{"rendered":"Aplicaciones industriales"},"content":{"rendered":"<section class=\"cs-section no-padding cs-full-height banner inner_page_banner\" style=\"background-image: url(\/wp-content\/uploads\/2025\/04\/iStock-589118460.jpg); background-repeat: no-repeat;\" data-full-height-rate=\"75\"><div class=\"container-fluid\"><div class=\"row cs-equal-height cs-equal-height-center\"><div class=\"col-md-6 cs-animation fadeInLeft wpb_animate_when_almost_visible wpb_zoomIn zoomIn wpb_start_animation vc_custom_1744741468126\" style=\"background: radial-gradient(118.86% 123.26% at 73.16% 75%, #85b2ff96 0, #1eba47);\"><div class=\"cs-column-inner\">[vc_empty_space height=\u00bb100px\u00bb][vc_custom_heading text=\u00bbImpulsando industrias e instituciones con eficiencia y sostenibilidad.\u00bb font_container=\u00bbtag:h2|font_size:50px|text_align:left|color:%23FFFFFF\u00bb use_theme_fonts=\u00bbyes\u00bb css=\u00bb\u00bb][vc_empty_space]<a href=\"\/contact-us\/\" class=\"cs-btn cs-btn-custom cs-btn-square cs-btn-custom-own cs-btn-lg cs-btn-custom-69fb0ccb18403\" title=\"Contact Us\">Contact Us<\/a>[vc_empty_space height=\u00bb100px\u00bb]<\/div><\/div><div class=\"col-md-6 vc_custom_1742473025354\"><div class=\"cs-column-inner\"><\/div><\/div><\/div><\/div><\/section><section class=\"cs-section electrode_steam_boiler\"><div class=\"container\"><div class=\"row\"><div class=\"col-md-12\"><div class=\"cs-column-inner\"><section class=\"cs-section possible_uses single_desc\"><div class=\"container\"><div class=\"row\"><div class=\"col-md-4 cs-animation fadeInLeft title_img wpb_animate_when_almost_visible wpb_zoomIn zoomIn wpb_start_animation cs-column-background\" style=\" background-image: url(https:\/\/www.aepthermal.com\/wp-content\/uploads\/2025\/04\/High-Voltage-Jet-Type-Steam-Boiler-\u2013-CEJS-Series.jpg);\"><div class=\"cs-column-inner\">[vc_custom_heading text=\u00bbProporcionando soluciones de calefacci\u00f3n fiables, limpias y escalables para cada sector\u00bb font_container=\u00bbtag:h2|text_align:center\u00bb use_theme_fonts=\u00bbyes\u00bb css=\u00bb\u00bb]<a href=\"\/contact-us\/\" class=\"cs-btn cs-btn-custom cs-btn-square cs-btn-custom-own cs-btn-lg cs-btn-custom-69fb0ccb187c6\" title=\"Contact Us\">Contact Us<\/a><\/div><\/div><div class=\"col-md-8 cs-animation fadeInRight uses wpb_animate_when_almost_visible wpb_zoomIn zoomIn wpb_start_animation\"><div class=\"cs-column-inner\"><div class=\"cs-column-text\"><p>En A.E.P. Thermal Inc., nuestros sistemas de calderas el\u00e9ctricas est\u00e1n dise\u00f1ados para satisfacer las demandas \u00fanicas de las industrias modernas, ofreciendo calefacci\u00f3n limpia, eficiente y sin emisiones en diversos sectores. Ya sea que gestiones un hospital, dirijas un campus universitario o alimentes una instalaci\u00f3n de fabricaci\u00f3n, nuestras calderas de electrodos de alto voltaje y sistemas de vapor el\u00e9ctrico ofrecen un rendimiento, seguridad y sostenibilidad incomparables. Con tiempos de arranque r\u00e1pidos, bajos requisitos de mantenimiento y la capacidad de integrarse sin problemas con fuentes de energ\u00eda renovable, nuestras calderas est\u00e1n redefiniendo el est\u00e1ndar de calefacci\u00f3n industrial e institucional.<\/p>\n<\/div><\/div><\/div><\/div><\/div><\/section><\/div><\/div><\/div><\/div><\/section><section class=\"cs-section no-padding ind_app_two_col\" style=\"background-image: url(\/wp-content\/uploads\/2025\/04\/iStock-487976596.jpg); background-attachment: fixed;background-repeat: no-repeat; background-position: right center; background-size: 50% 100%;\"><div class=\"container-fluid\"><div class=\"row cs-equal-height cs-equal-height-center\"><div class=\"col-md-5 cs-column-background vc_custom_1742479188905\" style=\"background-size: 400px; background-image: url(https:\/\/www.aepthermal.com\/wp-content\/uploads\/2025\/03\/bg-footer-1.png); background-position: 0% 100%;\"><div class=\"cs-column-inner\">[vc_separator color=\u00bbwhite\u00bb align=\u00bbalign_left\u00bb border_width=\u00bb3&#8243; css=\u00bb\u00bb][vc_custom_heading text=\u00bbInstalaciones m\u00e9dicas:<br \/>\nCalefacci\u00f3n segura, est\u00e9ril y energ\u00e9ticamente eficiente para centros sanitarios\u00bb font_container=\u00bbtag:h3|font_size:34px|text_align:left|color:%2337393F\u00bb use_theme_fonts=\u00bbyes\u00bb css=\u00bb\u00bb][vc_separator color=\u00bbcustom\u00bb align=\u00bbalign_left\u00bb border_width=\u00bb3&#8243; css=\u00bb\u00bb accent_color=\u00bb#1EBA47&#8243;]<div class=\"cs-column-text\"><p><span style=\"font-weight: 400;\">Los hospitales, cl\u00ednicas y campus sanitarios requieren vapor y agua caliente limpios y constantes para apoyar la esterilizaci\u00f3n, saneamiento, climatizaci\u00f3n y operaciones de equipos. Las calderas tradicionales de combustible suponen riesgos en entornos sensibles, incluidas las emisiones relacionadas con la combusti\u00f3n y los altos niveles de ruido. <\/span><b>Las calderas el\u00e9ctricas<\/b><span style=\"font-weight: 400;\"> ofrecen una <\/span><b>alternativa silenciosa y sin emisiones<\/b><span style=\"font-weight: 400;\"> que respalda tanto la seguridad del paciente como el rendimiento de las instalaciones.<\/span><\/p>\n<h4>Ventajas de las calderas el\u00e9ctricas en el \u00e1mbito m\u00e9dico:<\/h4>\n<ul>\n<li style=\"font-weight: 400;\" aria-level=\"1\"><span style=\"font-weight: 400;\">Sin emisiones de CO\u2082, NOx o SOx: ideal para uso en interiores<\/span><span style=\"font-weight: 400;\"><br \/>\n<\/span><\/li>\n<li style=\"font-weight: 400;\" aria-level=\"1\"><span style=\"font-weight: 400;\">Control preciso de temperatura y presi\u00f3n para autoclaves y esterilizadores<\/span><span style=\"font-weight: 400;\"><br \/>\n<\/span><\/li>\n<li style=\"font-weight: 400;\" aria-level=\"1\"><span style=\"font-weight: 400;\">Funcionamiento silencioso para entornos sensibles al ruido<\/span><span style=\"font-weight: 400;\"><br \/>\n<\/span><\/li>\n<li style=\"font-weight: 400;\" aria-level=\"1\"><span style=\"font-weight: 400;\">Mantenimiento m\u00ednimo y alta fiabilidad para uso 24\/7<\/span><span style=\"font-weight: 400;\"><br \/>\n<\/span><\/li>\n<li style=\"font-weight: 400;\" aria-level=\"1\"><span style=\"font-weight: 400;\">Compatible con sistemas de energ\u00eda renovable para una atenci\u00f3n sanitaria sostenible<\/span><span style=\"font-weight: 400;\"><br \/>\n<\/span><\/li>\n<li style=\"font-weight: 400;\" aria-level=\"1\"><span style=\"font-weight: 400;\">Riesgo reducido de incendio o fugas de combustible en comparaci\u00f3n con sistemas basados en combusti\u00f3n<\/span><span style=\"font-weight: 400;\"><br \/>\n<\/span><\/li>\n<li style=\"font-weight: 400;\" aria-level=\"1\"><span style=\"font-weight: 400;\">Zonificaci\u00f3n sencilla para departamentos o alas de edificios separados<\/span><\/li>\n<\/ul>\n<\/div><a href=\"\/contact-us\/\" class=\"cs-btn cs-btn-custom cs-btn-square cs-btn-custom-own cs-btn-lg cs-btn-custom-69fb0ccb18aef\" title=\"Contact Us\">Contact Us<\/a><\/div><\/div><div class=\"col-md-3 cs-animation fadeIn vc_custom_1742479196636\"><div class=\"cs-column-inner\">[vc_empty_space height=\u00bb80px\u00bb][vc_empty_space height=\u00bb80px\u00bb]<\/div><\/div><div class=\"col-md-4\"><div class=\"cs-column-inner\"><\/div><\/div><\/div><\/div><\/section><section class=\"cs-section no-padding ind_app_two_col\" style=\"background-image: url(\/wp-content\/uploads\/2025\/04\/iStock-915045118.jpg); background-position: 50% 0%; background-attachment: fixed;background-repeat: no-repeat; background-position: left center; background-size: 50% 100%;\"><div class=\"container-fluid\"><div class=\"row cs-equal-height cs-equal-height-center\"><div class=\"col-md-4\"><div class=\"cs-column-inner\"><\/div><\/div><div class=\"col-md-3 cs-animation fadeIn vc_custom_1742477297003\"><div class=\"cs-column-inner\">[vc_empty_space height=\u00bb80px\u00bb][vc_empty_space height=\u00bb80px\u00bb]<\/div><\/div><div class=\"col-md-5 cs-column-background vc_custom_1742478485825\" style=\"background-size:400px; background-image: url(https:\/\/www.aepthermal.com\/wp-content\/uploads\/2025\/03\/bg-footer-2.png); background-position: 100% 100%;\"><div class=\"cs-column-inner\">[vc_separator color=\u00bbwhite\u00bb align=\u00bbalign_left\u00bb border_width=\u00bb3&#8243; css=\u00bb\u00bb][vc_custom_heading text=\u00bbCalefacci\u00f3n urbana:<br \/>\nSoluciones de calefacci\u00f3n escalables para ciudades, bloques residenciales y complejos comerciales\u00bb font_container=\u00bbtag:h2|font_size:34px|text_align:left|color:%2337393F\u00bb use_theme_fonts=\u00bbyes\u00bb css=\u00bb\u00bb][vc_separator color=\u00bbcustom\u00bb align=\u00bbalign_left\u00bb border_width=\u00bb3&#8243; css=\u00bb\u00bb accent_color=\u00bb#1EBA47&#8243;]<div class=\"cs-column-text\"><p><b>Los sistemas de calefacci\u00f3n urbana <\/b>est\u00e1n evolucionando para cumplir los objetivos clim\u00e1ticos y reducir la dependencia de los combustibles f\u00f3siles. Las calderas el\u00e9ctricas se est\u00e1n convirtiendo en un pilar de las redes modernas de energ\u00eda urbana al ofrecer <b>calefacci\u00f3n flexible y de alta capacidad sin emisiones in situ<\/b>. Nuestros sistemas permiten a las empresas de servicios p\u00fablicos y municipios proporcionar <b>calor limpio y fiable<\/b> a hogares y empresas, especialmente cuando se combinan con <b>redes e\u00f3licas, solares o hidroel\u00e9ctricas<\/b>.  <\/p>\n<h4>Por qu\u00e9 las calderas el\u00e9ctricas son perfectas para la calefacci\u00f3n urbana:<\/h4>\n<ul>\n<li style=\"font-weight: 400;\" aria-level=\"1\"><span style=\"font-weight: 400;\">Tasas r\u00e1pidas de aumento y reducci\u00f3n para demanda variable<\/span><span style=\"font-weight: 400;\"><br \/>\n<\/span><\/li>\n<li style=\"font-weight: 400;\" aria-level=\"1\"><span style=\"font-weight: 400;\">Generaci\u00f3n de calor sin emisiones para municipios concienciados con el clima<\/span><span style=\"font-weight: 400;\"><br \/>\n<\/span><\/li>\n<li style=\"font-weight: 400;\" aria-level=\"1\"><span style=\"font-weight: 400;\">Puede utilizarse como herramienta de equilibrio de red durante picos de energ\u00eda renovable<\/span><span style=\"font-weight: 400;\"><br \/>\n<\/span><\/li>\n<li style=\"font-weight: 400;\" aria-level=\"1\"><span style=\"font-weight: 400;\">Simplifica la infraestructura de calefacci\u00f3n: no necesita almacenamiento de combustible<\/span><span style=\"font-weight: 400;\"><br \/>\n<\/span><\/li>\n<li style=\"font-weight: 400;\" aria-level=\"1\"><span style=\"font-weight: 400;\">Instalaciones silenciosas y que ahorran espacio en entornos urbanos<\/span><span style=\"font-weight: 400;\"><br \/>\n<\/span><\/li>\n<li style=\"font-weight: 400;\" aria-level=\"1\"><span style=\"font-weight: 400;\">Menores costes operativos totales gracias a la reducci\u00f3n del mantenimiento<\/span><span style=\"font-weight: 400;\"><br \/>\n<\/span><\/li>\n<li style=\"font-weight: 400;\" aria-level=\"1\"><span style=\"font-weight: 400;\">Preparadas para el futuro de las redes de calefacci\u00f3n bajas en carbono<\/span><\/li>\n<\/ul>\n<\/div><a href=\"https:\/\/www.aepthermal.com\/contact-us\/\" class=\"cs-btn cs-btn-custom cs-btn-square cs-btn-custom-own cs-btn-lg cs-btn-custom-69fb0ccb18db8\" title=\"Contact Us\">Contact Us <\/a><\/div><\/div><\/div><\/div><\/section><section class=\"cs-section no-padding cs-section-cover-bg ind_app_two_col\" style=\"background-image: url(\/wp-content\/uploads\/2025\/04\/iStock-1320950393-1.jpg); background-repeat: no-repeat; background-attachment: fixed;background-repeat: no-repeat; background-position: right center; background-size: 50% 100%;\"><div class=\"container-fluid\"><div class=\"row cs-equal-height cs-equal-height-center\"><div class=\"col-md-5 cs-column-background vc_custom_1742479188905\" style=\"background-size: 400px; background-image: url(https:\/\/www.aepthermal.com\/wp-content\/uploads\/2025\/03\/bg-footer-1.png); background-position: 0% 100%;\"><div class=\"cs-column-inner\">[vc_separator color=\u00bbwhite\u00bb align=\u00bbalign_left\u00bb border_width=\u00bb3&#8243; css=\u00bb\u00bb][vc_custom_heading text=\u00bbOperaciones industriales:<br \/>\nCalefacci\u00f3n de alto rendimiento para plantas de fabricaci\u00f3n y procesamiento\u00bb font_container=\u00bbtag:h2|font_size:34px|text_align:left|color:%2337393F\u00bb use_theme_fonts=\u00bbyes\u00bb css=\u00bb\u00bb][vc_separator color=\u00bbcustom\u00bb align=\u00bbalign_left\u00bb border_width=\u00bb3&#8243; css=\u00bb\u00bb accent_color=\u00bb#1EBA47&#8243;]<div class=\"cs-column-text\"><p><span style=\"font-weight: 400;\">Las operaciones industriales, desde el procesamiento de alimentos hasta productos qu\u00edmicos y pl\u00e1sticos, exigen <\/span><b>calefacci\u00f3n precisa y constante<\/b><span style=\"font-weight: 400;\">. Las  <\/span><b>calderas el\u00e9ctricas industriales<\/b><span style=\"font-weight: 400;\"> de A.E.P. Thermal Inc. est\u00e1n dise\u00f1adas para manejar exigencias diarias rigurosas, proporcionando <\/span><b>hasta 60 MW de vapor o agua caliente limpios<\/b><span style=\"font-weight: 400;\"> sin los riesgos o cargas regulatorias de los sistemas de combusti\u00f3n.<\/span><\/p>\n<p><b>Ventajas para instalaciones industriales:<\/b><\/p>\n<ul>\n<li style=\"font-weight: 400;\" aria-level=\"1\"><span style=\"font-weight: 400;\">Eficiencia t\u00e9rmica del 99,5% para un uso energ\u00e9tico rentable<\/span><span style=\"font-weight: 400;\"><br \/>\n<\/span><\/li>\n<li style=\"font-weight: 400;\" aria-level=\"1\"><span style=\"font-weight: 400;\">Sin tratamiento de gases de combusti\u00f3n, permisos de aire o log\u00edstica de entrega de combustible<\/span><span style=\"font-weight: 400;\"><br \/>\n<\/span><\/li>\n<li style=\"font-weight: 400;\" aria-level=\"1\"><span style=\"font-weight: 400;\">Huella compacta ideal para instalaciones en expansi\u00f3n<\/span><span style=\"font-weight: 400;\"><br \/>\n<\/span><\/li>\n<li style=\"font-weight: 400;\" aria-level=\"1\"><span style=\"font-weight: 400;\">Reduce el tiempo de inactividad con arranque m\u00e1s r\u00e1pido y mantenimiento m\u00ednimo<\/span><span style=\"font-weight: 400;\"><br \/>\n<\/span><\/li>\n<li style=\"font-weight: 400;\" aria-level=\"1\"><span style=\"font-weight: 400;\">Mejora la seguridad de los trabajadores: sin combusti\u00f3n ni combustibles inflamables<\/span><span style=\"font-weight: 400;\"><br \/>\n<\/span><\/li>\n<li style=\"font-weight: 400;\" aria-level=\"1\"><span style=\"font-weight: 400;\">Ideal para instalaciones en interiores en entornos de fabricaci\u00f3n limpios<\/span><span style=\"font-weight: 400;\"><br \/>\n<\/span><\/li>\n<li style=\"font-weight: 400;\" aria-level=\"1\"><span style=\"font-weight: 400;\">Respalda los objetivos de sostenibilidad con integraci\u00f3n de energ\u00eda renovable<\/span><\/li>\n<\/ul>\n<\/div><a href=\"\/contact-us\/\" class=\"cs-btn cs-btn-custom cs-btn-square cs-btn-custom-own cs-btn-lg cs-btn-custom-69fb0ccb18f65\" title=\"Contact Us\">Contact Us<\/a><\/div><\/div><div class=\"col-md-3 cs-animation fadeIn vc_custom_1742479196636\"><div class=\"cs-column-inner\">[vc_empty_space height=\u00bb80px\u00bb][vc_empty_space height=\u00bb80px\u00bb]<\/div><\/div><div class=\"col-md-4\"><div class=\"cs-column-inner\"><\/div><\/div><\/div><\/div><\/section><section class=\"cs-section no-padding cs-section-cover-bg ind_app_two_col\" style=\"background-image: url(\/wp-content\/uploads\/2025\/04\/iStock-545255228.jpg); background-repeat: no-repeat; background-position: 50% 0%; background-attachment: fixed;background-repeat: no-repeat; background-position: left center; background-size: 50% 100%;\"><div class=\"container-fluid\"><div class=\"row cs-equal-height cs-equal-height-center\"><div class=\"col-md-4\"><div class=\"cs-column-inner\"><\/div><\/div><div class=\"col-md-3 cs-animation fadeIn vc_custom_1742477297003\"><div class=\"cs-column-inner\">[vc_empty_space height=\u00bb80px\u00bb][vc_empty_space height=\u00bb80px\u00bb]<\/div><\/div><div class=\"col-md-5 cs-column-background vc_custom_1742478485825\" style=\"background-size:400px; background-image: url(https:\/\/www.aepthermal.com\/wp-content\/uploads\/2025\/03\/bg-footer-2.png); background-position: 100% 100%;\"><div class=\"cs-column-inner\">[vc_separator color=\u00bbwhite\u00bb align=\u00bbalign_left\u00bb border_width=\u00bb3&#8243; css=\u00bb\u00bb][vc_custom_heading text=\u00bbCentrales el\u00e9ctricas:<br \/>\nGeneraci\u00f3n de vapor flexible y receptiva a la red para infraestructuras energ\u00e9ticas modernas\u00bb font_container=\u00bbtag:h2|font_size:34px|text_align:left|color:%2337393F\u00bb use_theme_fonts=\u00bbyes\u00bb css=\u00bb\u00bb][vc_separator color=\u00bbcustom\u00bb align=\u00bbalign_left\u00bb border_width=\u00bb3&#8243; css=\u00bb\u00bb accent_color=\u00bb#1EBA47&#8243;]<div class=\"cs-column-text\"><p><span style=\"font-weight: 400;\">A medida que el sector energ\u00e9tico avanza hacia la descarbonizaci\u00f3n, las calderas el\u00e9ctricas proporcionan <\/span><b>apoyo vers\u00e1til tanto para la demanda pico como para servicios auxiliares de red<\/b><span style=\"font-weight: 400;\">. Ya sea que se utilicen en cogeneraci\u00f3n, equilibrio de carga o como respaldo de fuentes de energ\u00eda renovable,  <\/span><b>las calderas de electrodos de alto voltaje<\/b><span style=\"font-weight: 400;\"> proporcionan calor de respuesta r\u00e1pida y alta capacidad para complementar los sistemas existentes.<\/span><\/p>\n<p><b>Aplicaciones y ventajas en la generaci\u00f3n de energ\u00eda:<\/b><\/p>\n<ul>\n<li style=\"font-weight: 400;\" aria-level=\"1\"><span style=\"font-weight: 400;\">Puede actuar como sumidero de carga durante picos de energ\u00eda renovable<\/span><span style=\"font-weight: 400;\"><br \/>\n<\/span><\/li>\n<li style=\"font-weight: 400;\" aria-level=\"1\"><span style=\"font-weight: 400;\">Complementa los sistemas de calor y energ\u00eda combinados (CHP)<\/span><span style=\"font-weight: 400;\"><br \/>\n<\/span><\/li>\n<li style=\"font-weight: 400;\" aria-level=\"1\"><span style=\"font-weight: 400;\">Arranque r\u00e1pido y modulaci\u00f3n ideal para fluctuaciones de red<\/span><span style=\"font-weight: 400;\"><br \/>\n<\/span><\/li>\n<li style=\"font-weight: 400;\" aria-level=\"1\"><span style=\"font-weight: 400;\">Reduce las emisiones de gases de efecto invernadero en sistemas auxiliares<\/span><span style=\"font-weight: 400;\"><br \/>\n<\/span><\/li>\n<li style=\"font-weight: 400;\" aria-level=\"1\"><span style=\"font-weight: 400;\">Elimina la necesidad de transporte de combustible o permisos de combusti\u00f3n<\/span><span style=\"font-weight: 400;\"><br \/>\n<\/span><\/li>\n<li style=\"font-weight: 400;\" aria-level=\"1\"><span style=\"font-weight: 400;\">Se integra f\u00e1cilmente con sistemas SCADA o de control remoto<\/span><span style=\"font-weight: 400;\"><br \/>\n<\/span><\/li>\n<li style=\"font-weight: 400;\" aria-level=\"1\"><span style=\"font-weight: 400;\">Mejora la flexibilidad y resiliencia de la planta<\/span><\/li>\n<\/ul>\n<\/div><a href=\"https:\/\/www.aepthermal.com\/contact-us\/\" class=\"cs-btn cs-btn-custom cs-btn-square cs-btn-custom-own cs-btn-lg cs-btn-custom-69fb0ccb192f4\" title=\"Contact Us\">Contact Us <\/a><\/div><\/div><\/div><\/div><\/section><section class=\"cs-section no-padding ind_app_two_col\" style=\"background-image: url(\/wp-content\/uploads\/2025\/04\/iStock-1779070756-1.jpg); background-attachment: fixed;background-repeat: no-repeat; background-position: right center; background-size: 50% 100%;\"><div class=\"container-fluid\"><div class=\"row cs-equal-height cs-equal-height-center\"><div class=\"col-md-5 cs-column-background vc_custom_1742479188905\" style=\"background-size: 400px; background-image: url(https:\/\/www.aepthermal.com\/wp-content\/uploads\/2025\/03\/bg-footer-1.png); background-position: 0% 100%;\"><div class=\"cs-column-inner\">[vc_separator color=\u00bbwhite\u00bb align=\u00bbalign_left\u00bb border_width=\u00bb3&#8243; css=\u00bb\u00bb][vc_custom_heading text=\u00bbInstalaciones educativas:<br \/>\nCalefacci\u00f3n sostenible, silenciosa y fiable para escuelas, colegios y universidades\u00bb font_container=\u00bbtag:h2|font_size:34px|text_align:left|color:%2337393F\u00bb use_theme_fonts=\u00bbyes\u00bb css=\u00bb\u00bb][vc_separator color=\u00bbcustom\u00bb align=\u00bbalign_left\u00bb border_width=\u00bb3&#8243; css=\u00bb\u00bb accent_color=\u00bb#1EBA47&#8243;]<div class=\"cs-column-text\"><p><span style=\"font-weight: 400;\">Los campus se enfrentan a costes energ\u00e9ticos crecientes y a una presi\u00f3n cada vez mayor para cumplir los objetivos de sostenibilidad. <\/span><b>Las calderas el\u00e9ctricas<\/b><span style=\"font-weight: 400;\">  ofrecen una soluci\u00f3n de calefacci\u00f3n rentable, de bajo mantenimiento y silenciosa para aulas, residencias, laboratorios y cafeter\u00edas. Con cero emisiones in situ y alta eficiencia t\u00e9rmica, son la opci\u00f3n inteligente tanto para centros de educaci\u00f3n primaria y secundaria como para educaci\u00f3n superior.<\/span><\/p>\n<p><b>Por qu\u00e9 las escuelas y universidades adoran los sistemas de calderas el\u00e9ctricas:<\/b><\/p>\n<ul>\n<li style=\"font-weight: 400;\" aria-level=\"1\"><span style=\"font-weight: 400;\">Funcionamiento silencioso: ideal para entornos acad\u00e9micos<\/span><span style=\"font-weight: 400;\"><br \/>\n<\/span><\/li>\n<li style=\"font-weight: 400;\" aria-level=\"1\"><span style=\"font-weight: 400;\">Sin combusti\u00f3n = instalaci\u00f3n m\u00e1s segura en edificios antiguos<\/span><span style=\"font-weight: 400;\"><br \/>\n<\/span><\/li>\n<li style=\"font-weight: 400;\" aria-level=\"1\"><span style=\"font-weight: 400;\">Zonificaci\u00f3n sencilla para diferentes edificios o departamentos<\/span><span style=\"font-weight: 400;\"><br \/>\n<\/span><\/li>\n<li style=\"font-weight: 400;\" aria-level=\"1\"><span style=\"font-weight: 400;\">Bajos costes del ciclo de vida con mantenimiento m\u00ednimo<\/span><span style=\"font-weight: 400;\"><br \/>\n<\/span><\/li>\n<li style=\"font-weight: 400;\" aria-level=\"1\"><span style=\"font-weight: 400;\">La calefacci\u00f3n sin emisiones respalda las iniciativas de campus ecol\u00f3gico<\/span><span style=\"font-weight: 400;\"><br \/>\n<\/span><\/li>\n<li style=\"font-weight: 400;\" aria-level=\"1\"><span style=\"font-weight: 400;\">Se integra f\u00e1cilmente con sistemas solares, e\u00f3licos o de bater\u00edas<\/span><span style=\"font-weight: 400;\"><br \/>\n<\/span><\/li>\n<li style=\"font-weight: 400;\" aria-level=\"1\"><span style=\"font-weight: 400;\">Permite el seguimiento del uso de energ\u00eda en tiempo real y controles inteligentes<\/span><\/li>\n<\/ul>\n<\/div><a href=\"\/contact-us\/\" class=\"cs-btn cs-btn-custom cs-btn-square cs-btn-custom-own cs-btn-lg cs-btn-custom-69fb0ccb1a233\" title=\"Contact Us\">Contact Us<\/a><\/div><\/div><div class=\"col-md-3 cs-animation fadeIn vc_custom_1742479196636\"><div class=\"cs-column-inner\">[vc_empty_space height=\u00bb80px\u00bb][vc_empty_space height=\u00bb80px\u00bb]<\/div><\/div><div class=\"col-md-4\"><div class=\"cs-column-inner\"><\/div><\/div><\/div><\/div><\/section><section class=\"cs-section lg-padding promise_service_section\" style=\"background-image: url(https:\/\/www.aepthermal.com\/wp-content\/uploads\/2025\/03\/vector.png); background-repeat: no-repeat; background-position: 100% 100%; background-color: rgba(10,10,10,0.01);\"><div class=\"container\"><div class=\"row cs-equal-height cs-equal-height-center\"><div class=\"col-md-6 cs-animation fadeInLeft wpb_animate_when_almost_visible wpb_zoomIn zoomIn wpb_start_animation\"><div class=\"cs-column-inner\">[vc_separator color=\u00bbwhite\u00bb align=\u00bbalign_left\u00bb border_width=\u00bb3&#8243; el_width=\u00bb70&#8243; css=\u00bb\u00bb][vc_custom_heading text=\u00bbLa promesa de AEP Thermal\u00bb font_container=\u00bbtag:h2|font_size:34px|text_align:left|color:%2337393F\u00bb use_theme_fonts=\u00bbyes\u00bb css=\u00bb\u00bb][vc_separator color=\u00bbcustom\u00bb align=\u00bbalign_left\u00bb border_width=\u00bb3&#8243; el_width=\u00bb70&#8243; css=\u00bb\u00bb accent_color=\u00bb#000080&#8243;]<div class=\"cs-column-text\"><p>Prometemos ofrecer algo m\u00e1s que soluciones de calderas: proporcionamos sistemas dise\u00f1ados por expertos y a medida que impulsan la eficiencia, la fiabilidad y la sostenibilidad en cada instalaci\u00f3n. Nuestro compromiso es ser un socio de confianza, resolviendo los retos m\u00e1s complejos con agilidad e innovaci\u00f3n, mientras lideramos la industria hacia un futuro m\u00e1s limpio y alimentado por electricidad. <\/p>\n<p>Garantizamos un rendimiento impecable, valor a largo plazo y un ma\u00f1ana m\u00e1s ecol\u00f3gico.<\/p>\n<\/div><section class=\"cs-section no-padding promise_service_icon\" style=\"padding:30px 5%;\"><div class=\"container\"><div class=\"row\"><div class=\"col-md-4\"><div class=\"cs-column-inner\">[vc_single_image image=\u00bb987&#8243; img_size=\u00bbfull\u00bb alignment=\u00bbcenter\u00bb css=\u00bb\u00bb]<\/div><\/div><div class=\"col-md-4\"><div class=\"cs-column-inner\">[vc_single_image image=\u00bb989&#8243; img_size=\u00bbfull\u00bb alignment=\u00bbcenter\u00bb css=\u00bb\u00bb]<\/div><\/div><div class=\"col-md-4\"><div class=\"cs-column-inner\">[vc_single_image image=\u00bb991&#8243; img_size=\u00bbfull\u00bb alignment=\u00bbcenter\u00bb css=\u00bb\u00bb]<\/div><\/div><\/div><\/div><\/section><\/div><\/div><div class=\"col-md-6 cs-animation fadeInRight wpb_animate_when_almost_visible wpb_zoomIn zoomIn wpb_start_animation\"><div class=\"cs-column-inner\">[vc_single_image image=\u00bb1157&#8243; img_size=\u00bbfull\u00bb alignment=\u00bbcenter\u00bb css_animation=\u00bbfadeInRight\u00bb css=\u00bb\u00bb]<\/div><\/div><\/div><\/div><\/section>\n","protected":false},"excerpt":{"rendered":"<p><span class=\"entry-read-more\"><a href=\"https:\/\/www.aepthermal.com\/es\/aplicaciones-industriales\/\" class=\"cs-btn cs-btn-flat cs-btn-rounded cs-btn-xxs cs-btn-flat-accent\">Leer m\u00e1s<\/a><\/span><\/p>\n","protected":false},"author":1,"featured_media":0,"parent":0,"menu_order":0,"comment_status":"closed","ping_status":"closed","template":"","meta":{"footnotes":""},"class_list":["post-1301","page","type-page","status-publish","hentry"],"_links":{"self":[{"href":"https:\/\/www.aepthermal.com\/es\/wp-json\/wp\/v2\/pages\/1301","targetHints":{"allow":["GET"]}}],"collection":[{"href":"https:\/\/www.aepthermal.com\/es\/wp-json\/wp\/v2\/pages"}],"about":[{"href":"https:\/\/www.aepthermal.com\/es\/wp-json\/wp\/v2\/types\/page"}],"author":[{"embeddable":true,"href":"https:\/\/www.aepthermal.com\/es\/wp-json\/wp\/v2\/users\/1"}],"replies":[{"embeddable":true,"href":"https:\/\/www.aepthermal.com\/es\/wp-json\/wp\/v2\/comments?post=1301"}],"version-history":[{"count":0,"href":"https:\/\/www.aepthermal.com\/es\/wp-json\/wp\/v2\/pages\/1301\/revisions"}],"wp:attachment":[{"href":"https:\/\/www.aepthermal.com\/es\/wp-json\/wp\/v2\/media?parent=1301"}],"curies":[{"name":"wp","href":"https:\/\/api.w.org\/{rel}","templated":true}]}}