{"id":1310,"date":"2025-07-10T13:05:48","date_gmt":"2025-07-10T17:05:48","guid":{"rendered":"https:\/\/www.aepthermal.com\/caldera-de-vapor-de-chorro\/"},"modified":"2026-03-09T15:15:47","modified_gmt":"2026-03-09T19:15:47","slug":"caldera-de-vapor-de-chorro","status":"publish","type":"page","link":"https:\/\/www.aepthermal.com\/es\/caldera-de-vapor-de-chorro\/","title":{"rendered":"Caldera de vapor tipo jet"},"content":{"rendered":"<section class=\"cs-section no-padding cs-full-height banner inner_page_banner\" style=\"background-image: url(\/wp-content\/uploads\/2025\/04\/iStock-1922342677.jpg); background-repeat: no-repeat;\" data-full-height-rate=\"75\"><div class=\"container-fluid\"><div class=\"row cs-equal-height cs-equal-height-center\"><div class=\"col-md-6 cs-animation fadeInLeft wpb_animate_when_almost_visible wpb_zoomIn zoomIn wpb_start_animation vc_custom_1744741468126\" style=\"background: radial-gradient(118.86% 123.26% at 73.16% 75%, #85b2ff96 0, #1eba47);\"><div class=\"cs-column-inner\">[vc_empty_space height=\u00bb100px\u00bb][vc_custom_heading text=\u00bbCalefacci\u00f3n el\u00e9ctrica dise\u00f1ada a medida para un futuro sostenible.\u00bb font_container=\u00bbtag:h2|font_size:50px|text_align:left|color:%23FFFFFF\u00bb use_theme_fonts=\u00bbyes\u00bb css=\u00bb\u00bb][vc_empty_space]<a href=\"\/contact-us\/\" class=\"cs-btn cs-btn-custom cs-btn-square cs-btn-custom-own cs-btn-lg cs-btn-custom-69fb0cce94251\" title=\"Contact Us\">Contact Us<\/a>[vc_empty_space height=\u00bb100px\u00bb]<\/div><\/div><div class=\"col-md-6 vc_custom_1742473025354\"><div class=\"cs-column-inner\"><\/div><\/div><\/div><\/div><\/section><section class=\"cs-section electrode_steam_boiler\"><div class=\"container\"><div class=\"row\"><div class=\"col-md-12\"><div class=\"cs-column-inner\"><section class=\"cs-section possible_uses\"><div class=\"container\"><div class=\"row\"><div class=\"col-md-4 cs-animation fadeInLeft title_img wpb_animate_when_almost_visible wpb_zoomIn zoomIn wpb_start_animation cs-column-background\" style=\" background-image: url(https:\/\/www.aepthermal.com\/wp-content\/uploads\/2025\/04\/High-Voltage-Jet-Type-Steam-Boiler-\u2013-CEJS-Series.jpg);\"><div class=\"cs-column-inner\">[vc_custom_heading text=\u00bbCaldera de vapor tipo jet de alta tensi\u00f3n \u2013 Serie CEJS\u00bb font_container=\u00bbtag:h2|text_align:center\u00bb use_theme_fonts=\u00bbyes\u00bb css=\u00bb\u00bb]<div class=\"cs-column-text\"><p style=\"text-align: center;\"><span style=\"font-weight: 400;\">El modelo CEJS de caldera de vapor de electrodos de alta tensi\u00f3n es el l\u00edder probado con m\u00e1s horas de experiencia operativa en una amplia gama de aplicaciones que cualquier competidor. Los electrodos CEJS est\u00e1n montados verticalmente alrededor del interior del recipiente a presi\u00f3n, lo que permite al CEJS producir cantidades m\u00e1ximas de vapor en un espacio m\u00ednimo. <\/span><\/p>\n<\/div><a href=\"\/contact-us\/\" class=\"cs-btn cs-btn-custom cs-btn-square cs-btn-custom-own cs-btn-lg cs-btn-custom-69fb0cce946fa\" title=\"Contact Us\">Contact Us<\/a><\/div><\/div><div class=\"col-md-8 cs-animation fadeInRight uses wpb_animate_when_almost_visible wpb_zoomIn zoomIn wpb_start_animation\"><div class=\"cs-column-inner\"><div class=\"cs-column-text\"><p>El CEJS funciona con tensiones de distribuci\u00f3n existentes, de 4,16 a 25 kV con una eficiencia excepcional: \u00a1hasta un 99,9 % de eficiencia! Los modelos est\u00e1n disponibles para producir vapor en capacidades de hasta 122.470 kg por hora. Las clasificaciones de presi\u00f3n van desde 5,2 bar hasta 34,5 bar.<\/p>\n<\/div><div class=\"cs-column-text\"><p>Cuanta m\u00e1s corriente (amperios) fluye, m\u00e1s calor (BTU) se genera y m\u00e1s vapor se produce. Casi el 100 % de la energ\u00eda el\u00e9ctrica se convierte en calor sin p\u00e9rdidas por chimenea o transferencia de calor. <\/p>\n<\/div><div class=\"cs-column-text\"><p>Todas las calderas CEJS est\u00e1n dise\u00f1adas seg\u00fan ASME Sec. VIII Div.1 y son recipientes a presi\u00f3n certificados y registrados. Las calderas de electrodos utilizan las propiedades conductoras y resistivas del agua para transportar corriente el\u00e9ctrica y generar vapor. Una corriente alterna fluye desde un electrodo de una fase, a trav\u00e9s del neutro, hasta un electrodo de otra fase utilizando el agua como conductor. Dado que el agua tiene resistencia el\u00e9ctrica, el flujo de corriente genera calor directamente en el agua misma.<\/p>\n<\/div><\/div><\/div><\/div><\/div><\/section><\/div><\/div><\/div><\/div><\/section><section class=\"cs-section key_adv_fet\"><div class=\"container\"><div class=\"row\"><div class=\"col-md-12 cs-animation fadeInUp wpb_animate_when_almost_visible wpb_zoomIn zoomIn wpb_start_animation\"><div class=\"cs-column-inner\">[vc_custom_heading text=\u00bbVentajas y caracter\u00edsticas principales\u00bb use_theme_fonts=\u00bbyes\u00bb css=\u00bb\u00bb][vc_separator color=\u00bbcustom\u00bb align=\u00bbalign_left\u00bb border_width=\u00bb3&#8243; el_width=\u00bb50&#8243; css=\u00bb\u00bb accent_color=\u00bb#000080&#8243;]<div class=\"cs-column-text\"><p>Las calderas de electrodos utilizan las propiedades conductoras y resistivas del agua para transportar corriente el\u00e9ctrica y generar vapor. Una corriente alterna fluye desde un electrodo de una fase hasta el neutro. El segundo chorro fluye desde el electrodo hasta el contraelectrodo. Dado que el agua tiene resistencia el\u00e9ctrica, los flujos de corriente generan calor directamente en el agua misma. Cuanta m\u00e1s corriente (amperios) fluye, m\u00e1s calor (BTU) se genera y m\u00e1s vapor se produce. Casi el 100 % de la energ\u00eda el\u00e9ctrica se convierte en calor sin p\u00e9rdidas por chimenea o transferencia de calor. La protecci\u00f3n contra bajo nivel de agua es absoluta, ya que la ausencia de agua impide que fluya corriente y que la caldera de electrodos produzca vapor. A diferencia de las calderas el\u00e9ctricas convencionales o las calderas de combustibles f\u00f3siles, nada en la caldera de electrodos est\u00e1 a una temperatura superior al vapor producido. No hay p\u00e9rdida en la eficiencia de conversi\u00f3n, sin embargo, y simplemente limpiar los electrodos restaurar\u00e1 la capacidad total de la caldera. No puede haber acumulaci\u00f3n de calor en los electrodos, por lo tanto, no hay quemado de electrodos ni peligro para la caldera misma.<\/p>\n<\/div><\/div><\/div><div class=\"col-md-7 cs-animation fadeInLeft key_adv_fet_content wpb_animate_when_almost_visible wpb_zoomIn zoomIn wpb_start_animation\"><div class=\"cs-column-inner\"><div class=\"cs-column-text\"><div class=\"adv_fet\">\n<h4>Instalaci\u00f3n econ\u00f3mica<\/h4>\n<p>La caldera CEJS elimina la necesidad de l\u00edneas de combustible, almacenamiento, equipos de manipulaci\u00f3n, economizadores y sistemas de control de emisiones, lo que resulta en un ahorro significativo de gastos de capital.\n<\/p><\/div>\n<div class=\"adv_fet\">\n<h4>Mayor seguridad<\/h4>\n<p>Sin proceso de combusti\u00f3n, el modelo CEJS elimina los riesgos asociados con llamas, humos, l\u00edneas de combustible o tanques de almacenamiento. El dise\u00f1o garantiza que no haya peligros por bajo nivel de agua, ya que el flujo de corriente depende de la presencia de agua, y previene problemas como acumulaci\u00f3n de calor o quemado de electrodos, incluso en casos de incrustaciones.\n<\/p><\/div>\n<div class=\"adv_fet\">\n<h4>Menores costes operativos<\/h4>\n<p>El funcionamiento y mantenimiento sencillos de la caldera, combinados con controles autom\u00e1ticos, reducen la necesidad de personal operativo extenso. Su alta eficiencia se traduce en un menor consumo de energ\u00eda y gastos operativos.\n<\/p><\/div>\n<div class=\"adv_fet\">\n<h4>Mantenimiento m\u00ednimo<\/h4>\n<p>La ausencia de temperaturas excesivas y quemado garantiza una larga vida operativa. Con menos componentes y sin residuos de combustible, los requisitos de limpieza y mantenimiento se reducen sustancialmente.\n<\/p><\/div>\n<div class=\"adv_fet\">\n<h4>Respetuosa con el medio ambiente<\/h4>\n<p>Al funcionar sin combusti\u00f3n, la caldera CEJS no produce emisiones, se alinea con los objetivos de sostenibilidad y reduce la huella ambiental de tus operaciones.\n<\/p><\/div>\n<\/div><a href=\"\/contact-us\/\" class=\"cs-btn cs-btn-custom cs-btn-square cs-btn-custom-own cs-btn-lg cs-btn-custom-69fb0cce94c76\">Contact Us<\/a><\/div><\/div><div class=\"col-md-5 cs-animation fadeInRight key_adv_fet_img wpb_animate_when_almost_visible wpb_zoomIn zoomIn wpb_start_animation\"><div class=\"cs-column-inner\">[vc_single_image image=\u00bb1141&#8243; img_size=\u00bbfull\u00bb css=\u00bb\u00bb]<\/div><\/div><\/div><\/div><\/section><section class=\"cs-section benefits_section\" style=\"background-image: url(https:\/\/www.aepthermal.com\/wp-content\/uploads\/2025\/04\/Jet_Benefits.jpg);\"><div class=\"container\"><div class=\"row\"><div class=\"col-md-12\"><div class=\"cs-column-inner\">[vc_custom_heading text=\u00bbBeneficios\u00bb font_container=\u00bbtag:h2|text_align:center\u00bb use_theme_fonts=\u00bbyes\u00bb css=\u00bb\u00bb]<div class=\"cs-column-text benefits_disc\"><p style=\"text-align: center;\">La versatilidad y eficiencia de la caldera de vapor de electrodos de alta tensi\u00f3n CEJS la hacen adecuada para una amplia gama de industrias, incluyendo:<\/p>\n<\/div><\/div><\/div><div class=\"col-md-4 cs-animation fadeInUp shadow_box shadow_box_1 wpb_animate_when_almost_visible wpb_zoomIn zoomIn wpb_start_animation\"><div class=\"cs-column-inner\"><section class=\"cs-section benefits_col\"><div class=\"container\"><div class=\"row\"><div class=\"col-md-6 front-part\"><div class=\"cs-column-inner\">[vc_custom_heading text=\u00bbInstalaciones sanitarias\u00bb font_container=\u00bbtag:h3|text_align:center\u00bb use_theme_fonts=\u00bbyes\u00bb css=\u00bb\u00bb el_class=\u00bbhide_on_hover\u00bb]<div class=\"cs-column-text\"><p style=\"text-align: center;\">Proporcionando vapor limpio y fiable para esterilizaci\u00f3n y calefacci\u00f3n.<\/p>\n<\/div><\/div><\/div><div class=\"col-md-6 back-part\"><div class=\"cs-column-inner\"><div class=\"cs-column-text\"><p style=\"text-align: center;\">Proporcionando vapor limpio y fiable para esterilizaci\u00f3n y calefacci\u00f3n.<\/p>\n<\/div><\/div><\/div><\/div><\/div><\/section><\/div><\/div><div class=\"col-md-4 cs-animation fadeInDown shadow_box shadow_box_2 wpb_animate_when_almost_visible wpb_zoomIn zoomIn wpb_start_animation\"><div class=\"cs-column-inner\"><section class=\"cs-section benefits_col\"><div class=\"container\"><div class=\"row\"><div class=\"col-md-6 front-part\"><div class=\"cs-column-inner\">[vc_custom_heading text=\u00bbInstituciones educativas\u00bb font_container=\u00bbtag:h3|text_align:center\u00bb use_theme_fonts=\u00bbyes\u00bb css=\u00bb\u00bb el_class=\u00bbhide_on_hover\u00bb]<div class=\"cs-column-text show_on_hover\"><p style=\"text-align: center;\">Suministrando soluciones de calefacci\u00f3n eficientes para campus e instalaciones de investigaci\u00f3n.<\/p>\n<\/div><\/div><\/div><div class=\"col-md-6 back-part\"><div class=\"cs-column-inner\"><div class=\"cs-column-text show_on_hover\"><p style=\"text-align: center;\">Suministrando soluciones de calefacci\u00f3n eficientes para campus e instalaciones de investigaci\u00f3n.<\/p>\n<\/div><\/div><\/div><\/div><\/div><\/section><\/div><\/div><div class=\"col-md-4 cs-animation fadeInUp shadow_box shadow_box_3 wpb_animate_when_almost_visible wpb_zoomIn zoomIn wpb_start_animation\"><div class=\"cs-column-inner\"><section class=\"cs-section benefits_col\"><div class=\"container\"><div class=\"row\"><div class=\"col-md-6 front-part\"><div class=\"cs-column-inner\">[vc_custom_heading text=\u00bbPlantas de fabricaci\u00f3n\u00bb font_container=\u00bbtag:h3|text_align:center\u00bb use_theme_fonts=\u00bbyes\u00bb css=\u00bb\u00bb el_class=\u00bbhide_on_hover\u00bb]<div class=\"cs-column-text show_on_hover\"><p style=\"text-align: center;\">Entregando vapor constante para diversos procesos de producci\u00f3n.<\/p>\n<\/div><\/div><\/div><div class=\"col-md-6 back-part\"><div class=\"cs-column-inner\"><div class=\"cs-column-text show_on_hover\"><p style=\"text-align: center;\">Entregando vapor constante para diversos procesos de producci\u00f3n.<\/p>\n<\/div><\/div><\/div><\/div><\/div><\/section><\/div><\/div><div class=\"col-md-4 cs-animation fadeInDown shadow_box shadow_box_4 wpb_animate_when_almost_visible wpb_zoomIn zoomIn wpb_start_animation\"><div class=\"cs-column-inner\"><section class=\"cs-section benefits_col\"><div class=\"container\"><div class=\"row\"><div class=\"col-md-6 front-part\"><div class=\"cs-column-inner\">[vc_custom_heading text=\u00bbGeneraci\u00f3n de energ\u00eda\u00bb font_container=\u00bbtag:h3|text_align:center\u00bb use_theme_fonts=\u00bbyes\u00bb css=\u00bb\u00bb el_class=\u00bbhide_on_hover\u00bb]<div class=\"cs-column-text show_on_hover\"><p style=\"text-align: center;\">Sirviendo como calderas auxiliares en centrales el\u00e9ctricas para demandas de carga pico.<\/p>\n<\/div><\/div><\/div><div class=\"col-md-6 back-part\"><div class=\"cs-column-inner\"><div class=\"cs-column-text show_on_hover\"><p style=\"text-align: center;\">Sirviendo como calderas auxiliares en centrales el\u00e9ctricas para demandas de carga pico.<\/p>\n<\/div><\/div><\/div><\/div><\/div><\/section><\/div><\/div><div class=\"col-md-4 cs-animation fadeInUp shadow_box shadow_box_5 wpb_animate_when_almost_visible wpb_zoomIn zoomIn wpb_start_animation\"><div class=\"cs-column-inner\"><section class=\"cs-section benefits_col\"><div class=\"container\"><div class=\"row\"><div class=\"col-md-6 front-part\"><div class=\"cs-column-inner\">[vc_custom_heading text=\u00bbSistemas de calefacci\u00f3n urbana\u00bb font_container=\u00bbtag:h3|text_align:center\u00bb use_theme_fonts=\u00bbyes\u00bb css=\u00bb\u00bb el_class=\u00bbhide_on_hover\u00bb]<div class=\"cs-column-text show_on_hover\"><p style=\"text-align: center;\">Ofreciendo soluciones de calefacci\u00f3n centralizada para complejos residenciales y comerciales.<\/p>\n<\/div><\/div><\/div><div class=\"col-md-6 back-part\"><div class=\"cs-column-inner\"><div class=\"cs-column-text show_on_hover\"><p style=\"text-align: center;\">Ofreciendo soluciones de calefacci\u00f3n centralizada para complejos residenciales y comerciales.<\/p>\n<\/div><\/div><\/div><\/div><\/div><\/section><\/div><\/div><\/div><\/div><\/section><section class=\"cs-section download_brochure\"><div class=\"container\"><div class=\"row\"><div class=\"col-md-6 cs-animation fadeInUp wpb_animate_when_almost_visible wpb_zoomIn zoomIn wpb_start_animation\"><div class=\"cs-column-inner\"><div class=\"cs-btn-align text-center\"><a href=\"\/wp-content\/uploads\/2025\/07\/Bulletin-CEJS-Rev.-2022-11-EN.pdf|target\" class=\"cs-btn cs-btn-custom cs-btn-square cs-btn-custom-own cs-btn-lg cs-btn-custom-69fb0cce95a42\">Descargar folleto CEJS<\/a><\/div><\/div><\/div><div class=\"col-md-6 cs-animation fadeInUp wpb_animate_when_almost_visible wpb_zoomIn zoomIn wpb_start_animation\"><div class=\"cs-column-inner\"><div class=\"cs-btn-align text-center\"><a href=\"\/wp-content\/uploads\/2025\/07\/Electrode-Steam-Boiler-Specification-EN.pdf|target\" class=\"cs-btn cs-btn-custom cs-btn-square cs-btn-custom-own cs-btn-lg cs-btn-custom-69fb0cce95abb\">Especificaciones <\/a><\/div><\/div><\/div><\/div><\/div><\/section><section class=\"cs-section lg-padding promise_service_section\" style=\"background-image: url(https:\/\/www.aepthermal.com\/wp-content\/uploads\/2025\/03\/vector.png); background-repeat: no-repeat; background-position: 100% 100%; background-color: rgba(10,10,10,0.01);\"><div class=\"container\"><div class=\"row cs-equal-height cs-equal-height-center\"><div class=\"col-md-6 cs-animation fadeInLeft wpb_animate_when_almost_visible wpb_zoomIn zoomIn wpb_start_animation\"><div class=\"cs-column-inner\">[vc_custom_heading text=\u00bbLa promesa de AEP Thermal\u00bb font_container=\u00bbtag:h2|font_size:34px|text_align:left|color:%2337393F\u00bb use_theme_fonts=\u00bbyes\u00bb css=\u00bb\u00bb][vc_separator color=\u00bbcustom\u00bb align=\u00bbalign_left\u00bb border_width=\u00bb3&#8243; el_width=\u00bb70&#8243; css=\u00bb\u00bb accent_color=\u00bb#000080&#8243;]<div class=\"cs-column-text\"><p>Prometemos ofrecer algo m\u00e1s que soluciones de calderas: proporcionamos sistemas dise\u00f1ados por expertos y a medida que impulsan la eficiencia, la fiabilidad y la sostenibilidad en cada instalaci\u00f3n. Nuestro compromiso es ser un socio de confianza, resolviendo los retos m\u00e1s complejos con agilidad e innovaci\u00f3n, mientras lideramos la industria hacia un futuro m\u00e1s limpio y alimentado por electricidad. <\/p>\n<p>Garantizamos un rendimiento impecable, valor a largo plazo y un ma\u00f1ana m\u00e1s ecol\u00f3gico.<\/p>\n<\/div><section class=\"cs-section no-padding promise_service_icon\" style=\"padding:30px 5%;\"><div class=\"container\"><div class=\"row\"><div class=\"col-md-4\"><div class=\"cs-column-inner\">[vc_single_image image=\u00bb987&#8243; img_size=\u00bbfull\u00bb alignment=\u00bbcenter\u00bb css=\u00bb\u00bb]<\/div><\/div><div class=\"col-md-4\"><div class=\"cs-column-inner\">[vc_single_image image=\u00bb989&#8243; img_size=\u00bbfull\u00bb alignment=\u00bbcenter\u00bb css=\u00bb\u00bb]<\/div><\/div><div class=\"col-md-4\"><div class=\"cs-column-inner\">[vc_single_image image=\u00bb991&#8243; img_size=\u00bbfull\u00bb alignment=\u00bbcenter\u00bb css=\u00bb\u00bb]<\/div><\/div><\/div><\/div><\/section><a href=\"\/contact-us\/\" class=\"cs-btn cs-btn-custom cs-btn-square cs-btn-custom-own cs-btn-lg cs-btn-custom-69fb0cce95d16\">Contact Us<\/a><\/div><\/div><div class=\"col-md-6 cs-animation fadeInRight wpb_animate_when_almost_visible wpb_zoomIn zoomIn wpb_start_animation\"><div class=\"cs-column-inner\">[vc_single_image image=\u00bb1087&#8243; img_size=\u00bbfull\u00bb alignment=\u00bbcenter\u00bb css_animation=\u00bbfadeInRight\u00bb css=\u00bb\u00bb]<\/div><\/div><\/div><\/div><\/section>\n","protected":false},"excerpt":{"rendered":"<p><span class=\"entry-read-more\"><a href=\"https:\/\/www.aepthermal.com\/es\/caldera-de-vapor-de-chorro\/\" class=\"cs-btn cs-btn-flat cs-btn-rounded cs-btn-xxs cs-btn-flat-accent\">Leer m\u00e1s<\/a><\/span><\/p>\n","protected":false},"author":2,"featured_media":0,"parent":0,"menu_order":0,"comment_status":"closed","ping_status":"closed","template":"","meta":{"footnotes":""},"class_list":["post-1310","page","type-page","status-publish","hentry"],"_links":{"self":[{"href":"https:\/\/www.aepthermal.com\/es\/wp-json\/wp\/v2\/pages\/1310","targetHints":{"allow":["GET"]}}],"collection":[{"href":"https:\/\/www.aepthermal.com\/es\/wp-json\/wp\/v2\/pages"}],"about":[{"href":"https:\/\/www.aepthermal.com\/es\/wp-json\/wp\/v2\/types\/page"}],"author":[{"embeddable":true,"href":"https:\/\/www.aepthermal.com\/es\/wp-json\/wp\/v2\/users\/2"}],"replies":[{"embeddable":true,"href":"https:\/\/www.aepthermal.com\/es\/wp-json\/wp\/v2\/comments?post=1310"}],"version-history":[{"count":0,"href":"https:\/\/www.aepthermal.com\/es\/wp-json\/wp\/v2\/pages\/1310\/revisions"}],"wp:attachment":[{"href":"https:\/\/www.aepthermal.com\/es\/wp-json\/wp\/v2\/media?parent=1310"}],"curies":[{"name":"wp","href":"https:\/\/api.w.org\/{rel}","templated":true}]}}