{"id":1313,"date":"2025-07-10T13:08:06","date_gmt":"2025-07-10T17:08:06","guid":{"rendered":"https:\/\/www.aepthermal.com\/calderas-de-vapor-de-electrodos-sumergidos\/"},"modified":"2026-03-09T15:15:10","modified_gmt":"2026-03-09T19:15:10","slug":"calderas-de-vapor-de-electrodos-sumergidos","status":"publish","type":"page","link":"https:\/\/www.aepthermal.com\/es\/calderas-de-vapor-de-electrodos-sumergidos\/","title":{"rendered":"Calderas de Vapor de Electrodo Inmerso"},"content":{"rendered":"<section class=\"cs-section no-padding cs-full-height inner_page_banner\" style=\"background-image: url(https:\/\/www.aepthermal.com\/wp-content\/uploads\/2025\/04\/iStock-1348078881_Opt.jpg); background-repeat: no-repeat;\" data-full-height-rate=\"75\"><div class=\"container-fluid\"><div class=\"row cs-equal-height cs-equal-height-center\"><div class=\"col-md-6 cs-animation fadeInLeft wpb_animate_when_almost_visible wpb_zoomIn zoomIn wpb_start_animation vc_custom_1744741468126\" style=\"background: radial-gradient(118.86% 123.26% at 73.16% 75%, #85b2ff96 0, #1eba47);\"><div class=\"cs-column-inner\">[vc_empty_space height=\u00bb100px\u00bb][vc_custom_heading text=\u00bbTecnolog\u00eda de calderas inigualable. Fiabilidad inquebrantable. Progreso sostenible.\u00bb font_container=\u00bbtag:h2|font_size:50px|text_align:left|color:%23FFFFFF\u00bb use_theme_fonts=\u00bbyes\u00bb css=\u00bb\u00bb][vc_empty_space][vc_empty_space height=\u00bb100px\u00bb]<\/div><\/div><div class=\"col-md-6 vc_custom_1742473025354\"><div class=\"cs-column-inner\"><\/div><\/div><\/div><\/div><\/section><section class=\"cs-section electrode_steam_boiler\"><div class=\"container\"><div class=\"row\"><div class=\"col-md-12\"><div class=\"cs-column-inner\"><section class=\"cs-section possible_uses\"><div class=\"container\"><div class=\"row\"><div class=\"col-md-4 cs-animation fadeInLeft title_img wpb_animate_when_almost_visible wpb_zoomIn zoomIn wpb_start_animation cs-column-background\" style=\" background-image: url(https:\/\/www.aepthermal.com\/wp-content\/uploads\/2025\/04\/Image-Apr-1-2025-04_34_16-PM.jpg);\"><div class=\"cs-column-inner\">[vc_custom_heading text=\u00bbCaldera de vapor de electrodos sumergidos de alta tensi\u00f3n\u00bb font_container=\u00bbtag:h2|text_align:center\u00bb use_theme_fonts=\u00bbyes\u00bb css=\u00bb\u00bb]<div class=\"cs-column-text\"><p style=\"text-align: center;\">Las calderas de electrodos utilizan las propiedades conductoras y resistivas del agua para transportar corriente el\u00e9ctrica y generar vapor. Una corriente alterna fluye de un electrodo a una fase a tierra utilizando el agua como conductor.<\/p>\n<p style=\"text-align: center;\">Estas calderas de electrodos tienen posibilidades de aplicaci\u00f3n ilimitadas all\u00ed donde exista la necesidad de calentar procesos o espacios.<\/p>\n<\/div><a href=\"\/contact-us\/\" class=\"cs-btn cs-btn-custom cs-btn-square cs-btn-custom-own cs-btn-lg cs-btn-custom-69fb0cce7fa87\" title=\"Contact Us\">Contact Us<\/a><\/div><\/div><div class=\"col-md-8 cs-animation fadeInRight uses wpb_animate_when_almost_visible wpb_zoomIn zoomIn wpb_start_animation\"><div class=\"cs-column-inner\"><div class=\"cs-column-text\"><p><strong>Una lista parcial de posibles usos incluye<br \/>\n<\/strong><\/p>\n<ul>\n<li style=\"font-weight: 400;\" aria-level=\"1\"><span style=\"font-weight: 400;\">Hospitales, escuelas, hoteles  <\/span><\/li>\n<li style=\"font-weight: 400;\" aria-level=\"1\"><span style=\"font-weight: 400;\">Restauraci\u00f3n y procesamiento de alimentos<\/span><\/li>\n<li style=\"font-weight: 400;\" aria-level=\"1\"><span style=\"font-weight: 400;\">F\u00e1bricas de ropa y textiles  <\/span><\/li>\n<li style=\"font-weight: 400;\" aria-level=\"1\"><span style=\"font-weight: 400;\">Plantas industriales<\/span><\/li>\n<li style=\"font-weight: 400;\" aria-level=\"1\"><span style=\"font-weight: 400;\">Plantas qu\u00edmicas y de pl\u00e1sticos  <\/span><\/li>\n<li style=\"font-weight: 400;\" aria-level=\"1\"><span style=\"font-weight: 400;\">Utilidades de lavado<\/span><\/li>\n<li style=\"font-weight: 400;\" aria-level=\"1\"><span style=\"font-weight: 400;\">Centrales el\u00e9ctricas<\/span><\/li>\n<\/ul>\n<\/div><div class=\"cs-column-text\"><p>Las calderas de electrodos utilizan las propiedades conductoras y resistivas del agua para transportar corriente el\u00e9ctrica y generar vapor. Una corriente alterna fluye de un electrodo a una fase a tierra utilizando el agua como conductor.<\/p>\n<\/div><div class=\"cs-column-text\"><p><strong>Requisitos el\u00e9ctricos<\/strong><\/p>\n<p>Las calderas CEJWS est\u00e1n dise\u00f1adas para su uso en distribuci\u00f3n trif\u00e1sica de 4 hilos (o trif\u00e1sica de 3 hilos con conexi\u00f3n especial a tierra) al disyuntor. La carcasa y la jaula de la caldera deben estar conectadas a tierra con el acero del edificio y la estera de tierra.<\/p>\n<\/div><\/div><\/div><\/div><\/div><\/section><\/div><\/div><\/div><\/div><\/section><section class=\"cs-section key_adv_fet\"><div class=\"container\"><div class=\"row\"><div class=\"col-md-7 cs-animation fadeInLeft key_adv_fet_content wpb_animate_when_almost_visible wpb_zoomIn zoomIn wpb_start_animation\"><div class=\"cs-column-inner\">[vc_custom_heading text=\u00bbPrincipales ventajas y caracter\u00edsticas\u00bb font_container=\u00bbtag:h2|text_align:left|color:%2337393F\u00bb use_theme_fonts=\u00bbyes\u00bb css=\u00bb\u00bb][vc_separator color=\u00bbcustom\u00bb align=\u00bbalign_left\u00bb border_width=\u00bb3&#8243; el_width=\u00bb70&#8243; css=\u00bb\u00bb accent_color=\u00bb#000080&#8243;]<div class=\"cs-column-text\"><div class=\"adv_fet\">\n<h4>Utilizar el agua como conductor<\/h4>\n<p>Las calderas de electrodos utilizan las propiedades conductoras y resistivas del agua para transportar corriente el\u00e9ctrica y generar vapor. Una corriente alterna fluye de un electrodo a una fase al contraelectrodo conectado a tierra utilizando el agua como conductor.\n<\/p><\/div>\n<div class=\"adv_fet\">\n<h4>El 100% de la energ\u00eda el\u00e9ctrica se convierte en calor<\/h4>\n<p>En la vista en secci\u00f3n de la caldera, el flujo de refrigeraci\u00f3n del agua lo proporciona la bomba de recirculaci\u00f3n y es impulsado hacia arriba a trav\u00e9s de tres tubos gu\u00eda de chorro alrededor de los electrodos. Como el agua es la resistencia el\u00e9ctrica, este flujo de corriente genera calor directamente en el agua misma. Cuanta m\u00e1s corriente (amperios) fluya, m\u00e1s calor (BTU) se genera y m\u00e1s vapor se produce. Casi el 100% de la energ\u00eda el\u00e9ctrica se convierte en calor.\n<\/p><\/div>\n<div class=\"adv_fet\">\n<h4>La cantidad de vapor generado se compensa<\/h4>\n<p>La cantidad de vapor generado se compensa mediante el sistema de agua de alimentaci\u00f3n, que se a\u00f1ade al caudal de agua de recirculaci\u00f3n para tener m\u00e1s efectos refrigerantes sobre los electrodos. Se utiliza un sistema de accionamiento electr\u00f3nico para interponer un escudo aislante conc\u00e9ntrico entre el electrodo y el contraelectrodo neutro. El movimiento del escudo aumenta la exposici\u00f3n entre el electrodo y el contraelectrodo, lo que provoca un aumento de la corriente entre ambos. El escudo de barrera puede reducir la potencia de la caldera hasta aproximadamente un 10% o una relaci\u00f3n de reducci\u00f3n de 10:1. Hay que interrumpir la alimentaci\u00f3n para reducir la potencia de la caldera por debajo del 10%.\n<\/p><\/div>\n<\/div><a href=\"\/contact-us\/\" class=\"cs-btn cs-btn-custom cs-btn-square cs-btn-custom-own cs-btn-lg cs-btn-custom-69fb0cce8001a\">Contact Us<\/a><\/div><\/div><div class=\"col-md-5 cs-animation fadeInRight key_adv_fet_img wpb_animate_when_almost_visible wpb_zoomIn zoomIn wpb_start_animation\"><div class=\"cs-column-inner\">[vc_single_image image=\u00bb1097&#8243; img_size=\u00bbfull\u00bb css=\u00bb\u00bb]<\/div><\/div><\/div><\/div><\/section><section class=\"cs-section benefits_section\" style=\"background-image: url(https:\/\/www.aepthermal.com\/wp-content\/uploads\/2025\/04\/Image-Apr-1-2025-04_31_44-PM.jpg);\"><div class=\"container\"><div class=\"row\"><div class=\"col-md-4 cs-animation fadeInUp shadow_box shadow_box_1 wpb_animate_when_almost_visible wpb_zoomIn zoomIn wpb_start_animation\"><div class=\"cs-column-inner\"><section class=\"cs-section benefits_col\"><div class=\"container\"><div class=\"row\"><div class=\"col-md-6 front-part\"><div class=\"cs-column-inner\">[vc_custom_heading text=\u00bbALTO RENDIMIENTO\u00bb font_container=\u00bbtag:h3|text_align:center\u00bb use_theme_fonts=\u00bbyes\u00bb css=\u00bb\u00bb el_class=\u00bbhide_on_hover\u00bb]<div class=\"cs-column-text\"><p style=\"text-align: center;\">Convierte pr\u00e1cticamente el 99,5% de la energ\u00eda el\u00e9ctrica en calor. Respuesta r\u00e1pida (plena carga en 30-40 minutos desde el arranque en fr\u00edo o en un minuto desde el arranque en caliente).<\/p>\n<\/div><\/div><\/div><div class=\"col-md-6 back-part\"><div class=\"cs-column-inner\"><div class=\"cs-column-text show_on_hover\"><p style=\"text-align: center;\">Convierte pr\u00e1cticamente el 99,5% de la energ\u00eda el\u00e9ctrica en calor. Respuesta r\u00e1pida (plena carga en 30-40 minutos desde el arranque en fr\u00edo o en un minuto desde el arranque en caliente).<\/p>\n<\/div><\/div><\/div><\/div><\/div><\/section><\/div><\/div><div class=\"col-md-4 cs-animation fadeInDown shadow_box shadow_box_2 wpb_animate_when_almost_visible wpb_zoomIn zoomIn wpb_start_animation\"><div class=\"cs-column-inner\"><section class=\"cs-section benefits_col\"><div class=\"container\"><div class=\"row\"><div class=\"col-md-6 front-part\"><div class=\"cs-column-inner\">[vc_custom_heading text=\u00bbINSTALACI\u00d3N ECON\u00d3MICA\u00bb font_container=\u00bbtag:h3|text_align:center\u00bb use_theme_fonts=\u00bbyes\u00bb css=\u00bb\u00bb el_class=\u00bbhide_on_hover\u00bb]<div class=\"cs-column-text show_on_hover\"><p style=\"text-align: center;\">Funcionan a tensiones de distribuci\u00f3n, lo que elimina la necesidad de conductos de combustible, equipos de almacenamiento y manipulaci\u00f3n, economizadores y equipos de control de emisiones, ahorrando en gastos de capital.<\/p>\n<\/div><\/div><\/div><div class=\"col-md-6 back-part\"><div class=\"cs-column-inner\"><div class=\"cs-column-text show_on_hover\"><p style=\"text-align: center;\">Funcionan a tensiones de distribuci\u00f3n, lo que elimina la necesidad de conductos de combustible, equipos de almacenamiento y manipulaci\u00f3n, economizadores y equipos de control de emisiones, ahorrando en gastos de capital.<\/p>\n<\/div><\/div><\/div><\/div><\/div><\/section><\/div><\/div><div class=\"col-md-4 cs-animation fadeInUp shadow_box shadow_box_3 wpb_animate_when_almost_visible wpb_zoomIn zoomIn wpb_start_animation\"><div class=\"cs-column-inner\"><section class=\"cs-section benefits_col\"><div class=\"container\"><div class=\"row\"><div class=\"col-md-6 front-part\"><div class=\"cs-column-inner\">[vc_custom_heading text=\u00bbMANTENIMIENTO M\u00cdNIMO\u00bb font_container=\u00bbtag:h3|text_align:center\u00bb use_theme_fonts=\u00bbyes\u00bb css=\u00bb\u00bb el_class=\u00bbhide_on_hover\u00bb]<div class=\"cs-column-text show_on_hover\"><p style=\"text-align: center;\">Los electrodos de larga duraci\u00f3n se enfr\u00edan mediante chorros de agua producidos por una bomba de bucle integrada. Al tener un n\u00famero m\u00ednimo de componentes y controles el\u00e9ctricos, proporcionan la m\u00e1xima fiabilidad. Sin combustibles, se reduce la limpieza y el mantenimiento.<\/p>\n<\/div><\/div><\/div><div class=\"col-md-6 back-part\"><div class=\"cs-column-inner\"><div class=\"cs-column-text show_on_hover\"><p style=\"text-align: center;\">Los electrodos de larga duraci\u00f3n se enfr\u00edan mediante chorros de agua producidos por una bomba de bucle integrada. Al tener un n\u00famero m\u00ednimo de componentes y controles el\u00e9ctricos, proporcionan la m\u00e1xima fiabilidad. Sin combustibles, se reduce la limpieza y el mantenimiento.<\/p>\n<\/div><\/div><\/div><\/div><\/div><\/section><\/div><\/div><div class=\"col-md-4 cs-animation fadeInDown shadow_box shadow_box_4 wpb_animate_when_almost_visible wpb_zoomIn zoomIn wpb_start_animation\"><div class=\"cs-column-inner\"><section class=\"cs-section benefits_col\"><div class=\"container\"><div class=\"row\"><div class=\"col-md-6 front-part\"><div class=\"cs-column-inner\">[vc_custom_heading text=\u00bbMENORES COSTES DE EXPLOTACI\u00d3N\u00bb font_container=\u00bbtag:h3|text_align:center\u00bb use_theme_fonts=\u00bbyes\u00bb css=\u00bb\u00bb el_class=\u00bbhide_on_hover\u00bb]<div class=\"cs-column-text show_on_hover\"><p style=\"text-align: center;\">F\u00e1cil de manejar y sencillo de mantener. Los controles autom\u00e1ticos reducen la necesidad de personal operativo.<\/p>\n<\/div><\/div><\/div><div class=\"col-md-6 back-part\"><div class=\"cs-column-inner\"><div class=\"cs-column-text show_on_hover\"><p style=\"text-align: center;\">F\u00e1cil de manejar y sencillo de mantener. Los controles autom\u00e1ticos reducen la necesidad de personal operativo.<\/p>\n<\/div><\/div><\/div><\/div><\/div><\/section><\/div><\/div><div class=\"col-md-4 cs-animation fadeInUp shadow_box shadow_box_5 wpb_animate_when_almost_visible wpb_zoomIn zoomIn wpb_start_animation\"><div class=\"cs-column-inner\"><section class=\"cs-section benefits_col\"><div class=\"container\"><div class=\"row\"><div class=\"col-md-6 front-part\"><div class=\"cs-column-inner\">[vc_custom_heading text=\u00bbRESUELVE PROBLEMAS ENERG\u00c9TICOS\u00bb font_container=\u00bbtag:h3|text_align:center\u00bb use_theme_fonts=\u00bbyes\u00bb css=\u00bb\u00bb el_class=\u00bbhide_on_hover\u00bb]<div class=\"cs-column-text show_on_hover\"><p style=\"text-align: center;\">Para las zonas afectadas por asignaciones o interrupciones de gas natural y petr\u00f3leo costosas, las calderas de electrodos de suministro proporcionan una fuente fiable de vapor. Ofrecen una alternativa limpia y f\u00e1cil de usar a los combustibles f\u00f3siles.<\/p>\n<\/div><\/div><\/div><div class=\"col-md-6 back-part\"><div class=\"cs-column-inner\"><div class=\"cs-column-text show_on_hover\"><p style=\"text-align: center;\">Para las zonas afectadas por asignaciones o interrupciones de gas natural y petr\u00f3leo costosas, las calderas de electrodos de suministro proporcionan una fuente fiable de vapor. Ofrecen una alternativa limpia y f\u00e1cil de usar a los combustibles f\u00f3siles.<\/p>\n<\/div><\/div><\/div><\/div><\/div><\/section><\/div><\/div><div class=\"col-md-4 cs-animation fadeInDown shadow_box shadow_box_6 wpb_animate_when_almost_visible wpb_zoomIn zoomIn wpb_start_animation\"><div class=\"cs-column-inner\"><section class=\"cs-section benefits_col\"><div class=\"container\"><div class=\"row\"><div class=\"col-md-6 front-part\"><div class=\"cs-column-inner\">[vc_custom_heading text=\u00bbFUNCIONAMIENTO M\u00c1S SEGURO\u00bb font_container=\u00bbtag:h3|text_align:center\u00bb use_theme_fonts=\u00bbyes\u00bb css=\u00bb\u00bb el_class=\u00bbhide_on_hover\u00bb]<div class=\"cs-column-text show_on_hover\"><p style=\"text-align: center;\">No hay llamas, humos, conductos de combustible ni dep\u00f3sitos de almacenamiento. No hay peligro de estiaje, ya que la corriente no puede fluir sin agua. Se elimina el choque t\u00e9rmico. El\u00e9ctricamente seguro gracias al recipiente a presi\u00f3n conectado a tierra.<\/p>\n<\/div><\/div><\/div><div class=\"col-md-6 back-part\"><div class=\"cs-column-inner\"><div class=\"cs-column-text show_on_hover\"><p style=\"text-align: center;\">No hay llamas, humos, conductos de combustible ni dep\u00f3sitos de almacenamiento. No hay peligro de estiaje, ya que la corriente no puede fluir sin agua. Se elimina el choque t\u00e9rmico. El\u00e9ctricamente seguro gracias al recipiente a presi\u00f3n conectado a tierra.<\/p>\n<\/div><\/div><\/div><\/div><\/div><\/section><\/div><\/div><\/div><\/div><\/section><section class=\"cs-section download_brochure\"><div class=\"container\"><div class=\"row\"><div class=\"col-md-12 cs-animation fadeInUp wpb_animate_when_almost_visible wpb_zoomIn zoomIn wpb_start_animation\"><div class=\"cs-column-inner\"><div class=\"cs-btn-align text-center\"><a href=\"\/wp-content\/uploads\/2025\/07\/Bulletin-CEJWS-Rev.2023-01-ES.pdf\" class=\"cs-btn cs-btn-custom cs-btn-square cs-btn-custom-own cs-btn-lg cs-btn-custom-69fb0cce820e7\" target=\"_blank\">Descargar el folleto del CEJWS  <\/a><\/div><\/div><\/div><\/div><\/div><\/section><section class=\"cs-section lg-padding promise_service_section\" style=\"background-image: url(https:\/\/www.aepthermal.com\/wp-content\/uploads\/2025\/03\/vector.png); background-repeat: no-repeat; background-position: 100% 100%; background-color: rgba(10,10,10,0.01);\"><div class=\"container\"><div class=\"row cs-equal-height cs-equal-height-center\"><div class=\"col-md-6 cs-animation fadeInLeft wpb_animate_when_almost_visible wpb_zoomIn zoomIn wpb_start_animation\"><div class=\"cs-column-inner\">[vc_custom_heading text=\u00bbLa promesa de AEP Thermal\u00bb font_container=\u00bbtag:h2|font_size:34px|text_align:left|color:%2337393F\u00bb use_theme_fonts=\u00bbyes\u00bb css=\u00bb\u00bb][vc_separator color=\u00bbcustom\u00bb align=\u00bbalign_left\u00bb border_width=\u00bb3&#8243; el_width=\u00bb70&#8243; css=\u00bb\u00bb accent_color=\u00bb#000080&#8243;]<div class=\"cs-column-text\"><p>Prometemos ofrecer algo m\u00e1s que soluciones de calderas: proporcionamos sistemas personalizados y dise\u00f1ados por expertos que impulsan la eficiencia, la fiabilidad y la sostenibilidad en cada instalaci\u00f3n. Nuestro compromiso es ser un socio de confianza, que resuelve los retos m\u00e1s complejos con agilidad e innovaci\u00f3n, al tiempo que lidera el sector hacia un futuro m\u00e1s limpio y propulsado por energ\u00eda el\u00e9ctrica. <\/p>\n<p>Garantizamos un rendimiento sin fisuras, valor a largo plazo y un ma\u00f1ana m\u00e1s ecol\u00f3gico.<\/p>\n<\/div><section class=\"cs-section no-padding promise_service_icon\" style=\"padding:30px 5%;\"><div class=\"container\"><div class=\"row\"><div class=\"col-md-4\"><div class=\"cs-column-inner\">[vc_single_image image=\u00bb987&#8243; img_size=\u00bbfull\u00bb alignment=\u00bbcenter\u00bb css=\u00bb\u00bb]<\/div><\/div><div class=\"col-md-4\"><div class=\"cs-column-inner\">[vc_single_image image=\u00bb989&#8243; img_size=\u00bbfull\u00bb alignment=\u00bbcenter\u00bb css=\u00bb\u00bb]<\/div><\/div><div class=\"col-md-4\"><div class=\"cs-column-inner\">[vc_single_image image=\u00bb991&#8243; img_size=\u00bbfull\u00bb alignment=\u00bbcenter\u00bb css=\u00bb\u00bb]<\/div><\/div><\/div><\/div><\/section><\/div><\/div><div class=\"col-md-6 cs-animation fadeInRight wpb_animate_when_almost_visible wpb_zoomIn zoomIn wpb_start_animation\"><div class=\"cs-column-inner\">[vc_single_image image=\u00bb1087&#8243; img_size=\u00bbfull\u00bb alignment=\u00bbcenter\u00bb css_animation=\u00bbfadeInRight\u00bb css=\u00bb\u00bb]<\/div><\/div><\/div><\/div><\/section>\n","protected":false},"excerpt":{"rendered":"<p><span class=\"entry-read-more\"><a href=\"https:\/\/www.aepthermal.com\/es\/calderas-de-vapor-de-electrodos-sumergidos\/\" class=\"cs-btn cs-btn-flat cs-btn-rounded cs-btn-xxs cs-btn-flat-accent\">Leer m\u00e1s<\/a><\/span><\/p>\n","protected":false},"author":2,"featured_media":0,"parent":0,"menu_order":0,"comment_status":"closed","ping_status":"closed","template":"","meta":{"footnotes":""},"class_list":["post-1313","page","type-page","status-publish","hentry"],"_links":{"self":[{"href":"https:\/\/www.aepthermal.com\/es\/wp-json\/wp\/v2\/pages\/1313","targetHints":{"allow":["GET"]}}],"collection":[{"href":"https:\/\/www.aepthermal.com\/es\/wp-json\/wp\/v2\/pages"}],"about":[{"href":"https:\/\/www.aepthermal.com\/es\/wp-json\/wp\/v2\/types\/page"}],"author":[{"embeddable":true,"href":"https:\/\/www.aepthermal.com\/es\/wp-json\/wp\/v2\/users\/2"}],"replies":[{"embeddable":true,"href":"https:\/\/www.aepthermal.com\/es\/wp-json\/wp\/v2\/comments?post=1313"}],"version-history":[{"count":0,"href":"https:\/\/www.aepthermal.com\/es\/wp-json\/wp\/v2\/pages\/1313\/revisions"}],"wp:attachment":[{"href":"https:\/\/www.aepthermal.com\/es\/wp-json\/wp\/v2\/media?parent=1313"}],"curies":[{"name":"wp","href":"https:\/\/api.w.org\/{rel}","templated":true}]}}