{"id":1316,"date":"2025-07-10T13:52:14","date_gmt":"2025-07-10T17:52:14","guid":{"rendered":"https:\/\/www.aepthermal.com\/calderas-de-agua-caliente-de-electrodos-sumergidos\/"},"modified":"2026-03-09T15:16:29","modified_gmt":"2026-03-09T19:16:29","slug":"calderas-de-agua-caliente-de-electrodos-sumergidos","status":"publish","type":"page","link":"https:\/\/www.aepthermal.com\/es\/calderas-de-agua-caliente-de-electrodos-sumergidos\/","title":{"rendered":"Calderas de agua caliente de electrodo sumergido"},"content":{"rendered":"<section class=\"cs-section no-padding cs-full-height inner_page_banner\" style=\"background-image: url(\/wp-content\/uploads\/2025\/04\/iStock-1154341677.jpg); background-repeat: no-repeat;\" data-full-height-rate=\"75\"><div class=\"container-fluid\"><div class=\"row cs-equal-height cs-equal-height-center\"><div class=\"col-md-6 cs-animation fadeInLeft wpb_animate_when_almost_visible wpb_zoomIn zoomIn wpb_start_animation vc_custom_1744741468126\" style=\"background: radial-gradient(118.86% 123.26% at 73.16% 75%, #85b2ff96 0, #1eba47);\"><div class=\"cs-column-inner\">[vc_empty_space height=\u00bb100px\u00bb][vc_custom_heading text=\u00bbCalderas a medida. Potente rendimiento. Futuro sostenible.\u00bb font_container=\u00bbtag:h2|font_size:50px|text_align:left|color:%23FFFFFF\u00bb use_theme_fonts=\u00bbyes\u00bb css=\u00bb\u00bb][vc_empty_space][vc_empty_space height=\u00bb100px\u00bb]<\/div><\/div><div class=\"col-md-6 vc_custom_1742473025354\"><div class=\"cs-column-inner\"><\/div><\/div><\/div><\/div><\/section><section class=\"cs-section electrode_steam_boiler\"><div class=\"container\"><div class=\"row\"><div class=\"col-md-12\"><div class=\"cs-column-inner\"><section class=\"cs-section possible_uses single_desc\"><div class=\"container\"><div class=\"row\"><div class=\"col-md-4 cs-animation fadeInLeft title_img wpb_animate_when_almost_visible wpb_zoomIn zoomIn wpb_start_animation cs-column-background\" style=\" background-image: url(\/wp-content\/uploads\/2025\/04\/ChatGPT-PM.jpg);\"><div class=\"cs-column-inner\">[vc_custom_heading text=\u00bbCaldera de agua caliente de electrodos sumergidos de alta tensi\u00f3n\u00bb font_container=\u00bbtag:h2|text_align:center\u00bb use_theme_fonts=\u00bbyes\u00bb css=\u00bb\u00bb]<div class=\"cs-column-text\"><p style=\"text-align: center;\">A.E.P. Thermal ofrece calderas de agua caliente basadas en dise\u00f1os probados para complejos de edificios, estructuras comerciales e industria ligera. Esta caldera puede conectarse directamente a la red de distribuci\u00f3n el\u00e9ctrica de alta tensi\u00f3n.<\/p>\n<\/div><a href=\"\/contact-us\/\" class=\"cs-btn cs-btn-custom cs-btn-square cs-btn-custom-own cs-btn-lg cs-btn-custom-69e7386276345\">Contact Us<\/a><\/div><\/div><div class=\"col-md-8 cs-animation fadeInRight uses wpb_animate_when_almost_visible wpb_zoomIn zoomIn wpb_start_animation\"><div class=\"cs-column-inner\"><div class=\"cs-column-text mr-0\"><p><strong>Cualquier tensi\u00f3n hasta 20 KV, 3 fases, 3 hilos y l\u00ednea central puesta a tierra.<br \/>\n<\/strong><\/p>\n<ul>\n<li style=\"font-weight: 400;\" aria-level=\"1\"><span style=\"font-weight: 400;\">Rango de capacidad: de 2500 a 68.000 KW<\/span><\/li>\n<li style=\"font-weight: 400;\" aria-level=\"1\"><span style=\"font-weight: 400;\">Tensi\u00f3n de alimentaci\u00f3n el\u00e9ctrica: 4160 a 25000 V<\/span><\/li>\n<li style=\"font-weight: 400;\" aria-level=\"1\"><span style=\"font-weight: 400;\">Temperatura m\u00e1xima de funcionamiento para los modelos est\u00e1ndar 180 \u00b0C (360 \u00b0 F)<\/span><\/li>\n<li style=\"font-weight: 400;\" aria-level=\"1\"><span style=\"font-weight: 400;\">Presi\u00f3n de funcionamiento: de 3 a 14,5 bar (de 50 a 200 psi)<\/span><\/li>\n<li style=\"font-weight: 400;\" aria-level=\"1\"><span style=\"font-weight: 400;\">Alimentadores (paso de corriente) montados y certificados para 42000 V y 16 bar (230 psi) para cualquier tensi\u00f3n de funcionamiento<\/span><\/li>\n<li style=\"font-weight: 400;\" aria-level=\"1\"><span style=\"font-weight: 400;\">Respuesta r\u00e1pida: De 0 a 100 % de capacidad en:<\/span><span style=\"font-weight: 400;\"><br \/>\n<\/span><span style=\"font-weight: 400;\">Estado caliente: 1 minuto<\/span><span style=\"font-weight: 400;\"><br \/>\n<\/span><span style=\"font-weight: 400;\">De estado Fr\u00edo a Caliente 15 a 25 minutos (depende del tama\u00f1o)<\/span><\/li>\n<li style=\"font-weight: 400;\" aria-level=\"1\"><span style=\"font-weight: 400;\">Econ\u00f3mico incluso para potencias de 2 a 6 MW<\/span><\/li>\n<li style=\"font-weight: 400;\" aria-level=\"1\"><span style=\"font-weight: 400;\">Controles sencillos<\/span><\/li>\n<li style=\"font-weight: 400;\" aria-level=\"1\"><span style=\"font-weight: 400;\">Puede a\u00f1adirse a sistemas existentes y es adecuado para instalaciones de almacenamiento de agua opcionales<\/span><\/li>\n<li style=\"font-weight: 400;\" aria-level=\"1\"><span style=\"font-weight: 400;\">Posibilidad de aprovechar las bajas tarifas el\u00e9ctricas fuera de las horas punta y las oscilaciones de la demanda<\/span><\/li>\n<\/ul>\n<\/div><\/div><\/div><\/div><\/div><\/section><\/div><\/div><\/div><\/div><\/section><section class=\"cs-section features_benefits_wrapper\"><div class=\"container\"><div class=\"row\"><div class=\"col-md-12 cs-animation fadeInUp wpb_animate_when_almost_visible wpb_zoomIn zoomIn wpb_start_animation\"><div class=\"cs-column-inner\">[vc_custom_heading text=\u00bbC\u00f3mo funcionan\u00bb font_container=\u00bbtag:h2|text_align:center|color:%23111111&#8243; use_theme_fonts=\u00bbyes\u00bb css=\u00bb\u00bb][vc_separator color=\u00bbcustom\u00bb border_width=\u00bb3&#8243; el_width=\u00bb30&#8243; css=\u00bb\u00bb accent_color=\u00bb#000080&#8243;]<section class=\"cs-section content_box\"><div class=\"container\"><div class=\"row\"><div class=\"col-md-12 cs-animation fadeInLeft wpb_animate_when_almost_visible wpb_zoomIn zoomIn wpb_start_animation\"><div class=\"cs-column-inner\">[vc_single_image image=\u00bb1117&#8243; img_size=\u00bbfull\u00bb css=\u00bb\u00bb]<div class=\"cs-column-text\"><p>Las calderas CEJW convierten pr\u00e1cticamente el 100% de la energ\u00eda el\u00e9ctrica en calor. Los controles autom\u00e1ticos de carga y temperatura proporcionan un control sin escalones en un rango de potencia del 10 al 100%.<\/p>\n<ul>\n<li style=\"font-weight: 400;\" aria-level=\"1\"><span style=\"font-weight: 400;\">Instalaci\u00f3n econ\u00f3mica<\/span><\/li>\n<li style=\"font-weight: 400;\" aria-level=\"1\"><span style=\"font-weight: 400;\">Menores costes de explotaci\u00f3n<\/span><\/li>\n<li style=\"font-weight: 400;\" aria-level=\"1\"><span style=\"font-weight: 400;\">Funcionamiento m\u00e1s seguro<\/span><\/li>\n<li style=\"font-weight: 400;\" aria-level=\"1\"><span style=\"font-weight: 400;\">Mantenimiento m\u00ednimo<\/span><\/li>\n<li style=\"font-weight: 400;\" aria-level=\"1\"><span style=\"font-weight: 400;\">Respetuoso con el medio ambiente<\/span><\/li>\n<\/ul>\n<\/div><\/div><\/div><\/div><\/div><\/section><section class=\"cs-section content_box mt-0\"><div class=\"container\"><div class=\"row\"><div class=\"col-md-12 cs-animation fadeInRight wpb_animate_when_almost_visible wpb_zoomIn zoomIn wpb_start_animation\"><div class=\"cs-column-inner\">[vc_single_image image=\u00bb1127&#8243; img_size=\u00bbfull\u00bb css=\u00bb\u00bb]<div class=\"cs-column-text\"><p>Todas nuestras calderas de electrodos sumergidos est\u00e1n garantizadas durante un a\u00f1o en funcionamiento o 18 meses despu\u00e9s del env\u00edo contra defectos de fabricaci\u00f3n y materiales. La garant\u00eda se limita a la sustituci\u00f3n de las piezas defectuosas cuando se devuelven a la f\u00e1brica a portes pagados. Copia de la garant\u00eda disponible previa solicitud.<br \/>\nRecipiente a presi\u00f3n, dise\u00f1o ASME (Secci\u00f3n I o IV), se requiere certificado de registro de recipiente a presi\u00f3n con sello CRN\/U o CE \/ PED<\/p>\n<ul>\n<li style=\"font-weight: 400;\" aria-level=\"1\"><span style=\"font-weight: 400;\">Fuentes de alimentaci\u00f3n completamente montadas, probadas y certificadas para 16 bar (230 psi) y 42 KV<\/span><\/li>\n<li style=\"font-weight: 400;\" aria-level=\"1\"><span style=\"font-weight: 400;\">Actuador de caldera y sistema de control de capacidad<\/span><\/li>\n<li style=\"font-weight: 400;\" aria-level=\"1\"><span style=\"font-weight: 400;\">Pozo de registro grande DN 500 (20&#8243;)<\/span><\/li>\n<li style=\"font-weight: 400;\" aria-level=\"1\"><span style=\"font-weight: 400;\">Cubierta de chapa y aislamiento t\u00e9rmico de fibra cer\u00e1mica de 100 mm (4&#8243;)<\/span><\/li>\n<li style=\"font-weight: 400;\" aria-level=\"1\"><span style=\"font-weight: 400;\">Jaula de seguridad alrededor de las conexiones de alta tensi\u00f3n<\/span><\/li>\n<li style=\"font-weight: 400;\" aria-level=\"1\"><span style=\"font-weight: 400;\">V\u00e1lvula(s) de seguridad<\/span><\/li>\n<li style=\"font-weight: 400;\" aria-level=\"1\"><span style=\"font-weight: 400;\">V\u00e1lvula de vaciado manual (llenado inicial)<\/span><\/li>\n<li style=\"font-weight: 400;\" aria-level=\"1\"><span style=\"font-weight: 400;\">Purga de aire autom\u00e1tica<\/span><\/li>\n<\/ul>\n<\/div><\/div><\/div><\/div><\/div><\/section><\/div><\/div><\/div><\/div><\/section><section class=\"cs-section key_adv_fet\"><div class=\"container\"><div class=\"row\"><div class=\"col-md-7 cs-animation fadeInLeft key_adv_fet_content wpb_animate_when_almost_visible wpb_zoomIn zoomIn wpb_start_animation\"><div class=\"cs-column-inner\">[vc_custom_heading text=\u00bbIndustrias a las que servimos\u00bb font_container=\u00bbtag:h2|text_align:left|color:%2337393F\u00bb use_theme_fonts=\u00bbyes\u00bb css=\u00bb\u00bb][vc_separator color=\u00bbcustom\u00bb align=\u00bbalign_left\u00bb border_width=\u00bb3&#8243; el_width=\u00bb70&#8243; css=\u00bb\u00bb accent_color=\u00bb#000080&#8243;]<div class=\"cs-column-text\"><h2><span style=\"font-size: 16px;\">Posibilidades de aplicaci\u00f3n ilimitadas<\/span><\/h2>\n<div class=\"adv_fet\">\n<p>Estas calderas de electrodos tienen posibilidades de aplicaci\u00f3n ilimitadas all\u00ed donde exista la necesidad de calentar procesos o espacios. Una lista parcial de posibles usos incluye<\/p>\n<ul>\n<li style=\"font-weight: 400;\" aria-level=\"1\"><span style=\"font-weight: 400;\">Edificio de oficinas y apartamentos<\/span><\/li>\n<li style=\"font-weight: 400;\" aria-level=\"1\"><span style=\"font-weight: 400;\">Hospitales, escuelas y hoteles<\/span><\/li>\n<li style=\"font-weight: 400;\" aria-level=\"1\"><span style=\"font-weight: 400;\">Plantas de procesado de alimentos<\/span><\/li>\n<li style=\"font-weight: 400;\" aria-level=\"1\"><span style=\"font-weight: 400;\">F\u00e1bricas de ropa y textiles<\/span><\/li>\n<li style=\"font-weight: 400;\" aria-level=\"1\"><span style=\"font-weight: 400;\">Plantas industriales<\/span><\/li>\n<li style=\"font-weight: 400;\" aria-level=\"1\"><span style=\"font-weight: 400;\">Plantas pl\u00e1sticas y qu\u00edmicas<\/span><\/li>\n<li style=\"font-weight: 400;\" aria-level=\"1\"><span style=\"font-weight: 400;\">Operaciones mineras<\/span><\/li>\n<li style=\"font-weight: 400;\" aria-level=\"1\"><span style=\"font-weight: 400;\">Centrales el\u00e9ctricas para calefacci\u00f3n urbana<\/span><\/li>\n<li style=\"font-weight: 400;\" aria-level=\"1\"><span style=\"font-weight: 400;\">Fabricaci\u00f3n de autom\u00f3viles<\/span><\/li>\n<\/ul>\n<\/div>\n<\/div><a href=\"\/contact-us\/\" class=\"cs-btn cs-btn-custom cs-btn-square cs-btn-custom-own cs-btn-lg cs-btn-custom-69e7386276d2e\">Contact Us<\/a><\/div><\/div><div class=\"col-md-5 cs-animation fadeInRight key_adv_fet_img wpb_animate_when_almost_visible wpb_zoomIn zoomIn wpb_start_animation\"><div class=\"cs-column-inner\">[vc_single_image image=\u00bb1113&#8243; img_size=\u00bbfull\u00bb css=\u00bb\u00bb]<\/div><\/div><\/div><\/div><\/section><section class=\"cs-section download_brochure\"><div class=\"container\"><div class=\"row\"><div class=\"col-md-6 cs-animation fadeInUp wpb_animate_when_almost_visible wpb_zoomIn zoomIn wpb_start_animation\"><div class=\"cs-column-inner\"><div class=\"cs-btn-align text-center\"><a href=\"\/wp-content\/uploads\/2025\/07\/Bulletin-CEJW-ES.pdf\" class=\"cs-btn cs-btn-custom cs-btn-square cs-btn-custom-own cs-btn-lg cs-btn-custom-69e7386276f64\" target=\"_blank\">Descargar el folleto del CEJW  <\/a><\/div><\/div><\/div><div class=\"col-md-6 cs-animation fadeInUp wpb_animate_when_almost_visible wpb_zoomIn zoomIn wpb_start_animation\"><div class=\"cs-column-inner\"><div class=\"cs-btn-align text-center\"><a href=\"\/wp-content\/uploads\/2025\/07\/CEJW-specification-ES.pdf\" class=\"cs-btn cs-btn-custom cs-btn-square cs-btn-custom-own cs-btn-lg cs-btn-custom-69e7386276fe1\" target=\"_blank\">Especificaciones  <\/a><\/div><\/div><\/div><\/div><\/div><\/section><section class=\"cs-section\"><div class=\"container\"><div class=\"row cs-equal-height cs-equal-height-center\"><div class=\"col-md-6 wpb_animate_when_almost_visible wpb_zoomIn zoomIn wpb_start_animation\"><div class=\"cs-column-inner\">[vc_single_image image=\u00bb1119&#8243; img_size=\u00bbfull\u00bb css_animation=\u00bbfadeInLeft\u00bb css=\u00bb\u00bb]<\/div><\/div><div class=\"col-md-6 cs-animation fadeInRight wpb_animate_when_almost_visible wpb_zoomIn zoomIn wpb_start_animation\"><div class=\"cs-column-inner\">[vc_custom_heading text=\u00bbImpulsar el futuro con innovaci\u00f3n probada\u00bb font_container=\u00bbtag:h2|font_size:34px|text_align:left|color:%2337393F\u00bb use_theme_fonts=\u00bbyes\u00bb css=\u00bb\u00bb][vc_separator color=\u00bbcustom\u00bb align=\u00bbalign_left\u00bb border_width=\u00bb3&#8243; el_width=\u00bb70&#8243; css=\u00bb\u00bb accent_color=\u00bb#000080&#8243;]<div class=\"cs-column-text\"><p>En A.E.P. Thermal Inc. somos especialistas en soluciones personalizadas adaptadas a las diversas necesidades de industrias como la generaci\u00f3n de energ\u00eda, la miner\u00eda, el procesado de alimentos y la producci\u00f3n qu\u00edmica. Nuestro compromiso con la mejora continua, la innovaci\u00f3n y las relaciones a largo plazo con los clientes garantiza que nos mantengamos a la vanguardia del sector de las calderas el\u00e9ctricas, proporcionando un valor, una eficacia y un rendimiento superiores durante d\u00e9cadas.<\/p>\n<\/div><div class=\"cs-btn-align text-left\"><a href=\"https:\/\/www.aepthermal.com\/contact-us\/\" class=\"cs-btn cs-btn-custom cs-btn-square cs-btn-custom-own cs-btn-lg cs-btn-custom-69e738627715a\" title=\"Contact Us\">Contact Us<\/a><\/div><\/div><\/div><\/div><\/div><\/section><section class=\"cs-section lg-padding promise_service_section\" style=\"background-image: url(https:\/\/www.aepthermal.com\/wp-content\/uploads\/2025\/03\/vector.png); background-repeat: no-repeat; background-position: 100% 100%; background-color: rgba(10,10,10,0.01);\"><div class=\"container\"><div class=\"row cs-equal-height cs-equal-height-center\"><div class=\"col-md-6 cs-animation fadeInLeft wpb_animate_when_almost_visible wpb_zoomIn zoomIn wpb_start_animation\"><div class=\"cs-column-inner\">[vc_custom_heading text=\u00bbLa promesa de AEP Thermal\u00bb font_container=\u00bbtag:h2|font_size:34px|text_align:left|color:%2337393F\u00bb use_theme_fonts=\u00bbyes\u00bb css=\u00bb\u00bb][vc_separator color=\u00bbcustom\u00bb align=\u00bbalign_left\u00bb border_width=\u00bb3&#8243; el_width=\u00bb70&#8243; css=\u00bb\u00bb accent_color=\u00bb#000080&#8243;]<div class=\"cs-column-text\"><p>Prometemos ofrecer algo m\u00e1s que soluciones de calderas: proporcionamos sistemas personalizados y dise\u00f1ados por expertos que impulsan la eficiencia, la fiabilidad y la sostenibilidad en cada instalaci\u00f3n. Nuestro compromiso es ser un socio de confianza, que resuelve los retos m\u00e1s complejos con agilidad e innovaci\u00f3n, al tiempo que lidera el sector hacia un futuro m\u00e1s limpio y propulsado por energ\u00eda el\u00e9ctrica.<\/p>\n<p>Garantizamos un rendimiento sin fisuras, valor a largo plazo y un ma\u00f1ana m\u00e1s ecol\u00f3gico.<\/p>\n<\/div><section class=\"cs-section no-padding promise_service_icon\" style=\"padding:30px 5%;\"><div class=\"container\"><div class=\"row\"><div class=\"col-md-4\"><div class=\"cs-column-inner\">[vc_single_image image=\u00bb987&#8243; img_size=\u00bbfull\u00bb alignment=\u00bbcenter\u00bb css=\u00bb\u00bb]<\/div><\/div><div class=\"col-md-4\"><div class=\"cs-column-inner\">[vc_single_image image=\u00bb989&#8243; img_size=\u00bbfull\u00bb alignment=\u00bbcenter\u00bb css=\u00bb\u00bb]<\/div><\/div><div class=\"col-md-4\"><div class=\"cs-column-inner\">[vc_single_image image=\u00bb991&#8243; img_size=\u00bbfull\u00bb alignment=\u00bbcenter\u00bb css=\u00bb\u00bb]<\/div><\/div><\/div><\/div><\/section><\/div><\/div><div class=\"col-md-6 cs-animation fadeInRight wpb_animate_when_almost_visible wpb_zoomIn zoomIn wpb_start_animation\"><div class=\"cs-column-inner\">[vc_single_image image=\u00bb1115&#8243; img_size=\u00bbfull\u00bb alignment=\u00bbcenter\u00bb css_animation=\u00bbfadeInRight\u00bb css=\u00bb\u00bb]<\/div><\/div><\/div><\/div><\/section>\n","protected":false},"excerpt":{"rendered":"<p><span class=\"entry-read-more\"><a href=\"https:\/\/www.aepthermal.com\/es\/calderas-de-agua-caliente-de-electrodos-sumergidos\/\" class=\"cs-btn cs-btn-flat cs-btn-rounded cs-btn-xxs cs-btn-flat-accent\">Leer m\u00e1s<\/a><\/span><\/p>\n","protected":false},"author":2,"featured_media":0,"parent":0,"menu_order":0,"comment_status":"closed","ping_status":"closed","template":"","meta":{"footnotes":""},"class_list":["post-1316","page","type-page","status-publish","hentry"],"_links":{"self":[{"href":"https:\/\/www.aepthermal.com\/es\/wp-json\/wp\/v2\/pages\/1316","targetHints":{"allow":["GET"]}}],"collection":[{"href":"https:\/\/www.aepthermal.com\/es\/wp-json\/wp\/v2\/pages"}],"about":[{"href":"https:\/\/www.aepthermal.com\/es\/wp-json\/wp\/v2\/types\/page"}],"author":[{"embeddable":true,"href":"https:\/\/www.aepthermal.com\/es\/wp-json\/wp\/v2\/users\/2"}],"replies":[{"embeddable":true,"href":"https:\/\/www.aepthermal.com\/es\/wp-json\/wp\/v2\/comments?post=1316"}],"version-history":[{"count":0,"href":"https:\/\/www.aepthermal.com\/es\/wp-json\/wp\/v2\/pages\/1316\/revisions"}],"wp:attachment":[{"href":"https:\/\/www.aepthermal.com\/es\/wp-json\/wp\/v2\/media?parent=1316"}],"curies":[{"name":"wp","href":"https:\/\/api.w.org\/{rel}","templated":true}]}}