{"id":1319,"date":"2025-07-10T13:56:52","date_gmt":"2025-07-10T17:56:52","guid":{"rendered":"https:\/\/www.aepthermal.com\/calderas-de-alta-tension\/"},"modified":"2026-03-09T15:14:28","modified_gmt":"2026-03-09T19:14:28","slug":"calderas-de-alta-tension","status":"publish","type":"page","link":"https:\/\/www.aepthermal.com\/es\/calderas-de-alta-tension\/","title":{"rendered":"Calderas de alta tensi\u00f3n"},"content":{"rendered":"<section class=\"cs-section no-padding cs-full-height inner_page_banner\" style=\"background-image: url(\/wp-content\/uploads\/2025\/04\/iStock-1353967009_opt.jpg); background-repeat: no-repeat;\" data-full-height-rate=\"75\"><div class=\"container-fluid\"><div class=\"row cs-equal-height cs-equal-height-center\"><div class=\"col-md-6 cs-animation fadeInLeft wpb_animate_when_almost_visible wpb_zoomIn zoomIn wpb_start_animation vc_custom_1744741468126\" style=\"background: radial-gradient(118.86% 123.26% at 73.16% 75%, #85b2ff96 0, #1eba47);\"><div class=\"cs-column-inner\">[vc_empty_space height=\u00bb100px\u00bb][vc_custom_heading text=\u00bbAlimentar industrias e instituciones con eficiencia y sostenibilidad.\u00bb font_container=\u00bbtag:h2|font_size:50px|text_align:left|color:%23FFFFFF\u00bb use_theme_fonts=\u00bbyes\u00bb css=\u00bb\u00bb][vc_empty_space][vc_empty_space height=\u00bb100px\u00bb]<\/div><\/div><div class=\"col-md-6 vc_custom_1742473025354\"><div class=\"cs-column-inner\"><\/div><\/div><\/div><\/div><\/section><section class=\"cs-section cs-parallax custom-padding cs-section-cover-bg video_section\" style=\"background-image: url(\/wp-content\/uploads\/2025\/04\/ACME_ClientSS.jpg); background-repeat: no-repeat; padding-top: 130px; padding-bottom:130px;display:none;\"><div class=\"container\"><div class=\"row\"><div class=\"col-md-6 cs-animation fadeInLeft wpb_animate_when_almost_visible wpb_zoomIn zoomIn wpb_start_animation\"><div class=\"cs-column-inner\">[vc_custom_heading text=\u00bbSoluciones avanzadas para calderas de electrodos\u00bb font_container=\u00bbtag:h2|text_align:left|color:%23FFFFFF\u00bb use_theme_fonts=\u00bbyes\u00bb css=\u00bb\u00bb][vc_separator color=\u00bbcustom\u00bb align=\u00bbalign_left\u00bb border_width=\u00bb3&#8243; el_width=\u00bb80&#8243; css=\u00bb\u00bb accent_color=\u00bb#FFFFFF\u00bb]<div class=\"cs-column-text vc_custom_1744803720600\"><p>En A.E.P. Thermal Inc. somos especialistas en calderas de electrodos de alta tensi\u00f3n de \u00faltima generaci\u00f3n, dise\u00f1adas para ser eficientes, fiables y sostenibles. Con d\u00e9cadas de experiencia en fabricaci\u00f3n mec\u00e1nica, el\u00e9ctrica y electr\u00f3nica, proporcionamos soluciones de calefacci\u00f3n innovadoras que satisfacen las necesidades de diversas industrias. Nuestros tres modelos distintos de calderas ofrecen opciones flexibles y energ\u00e9ticamente eficientes para la producci\u00f3n de vapor y agua caliente, ayudando a las empresas a reducir los costes operativos y el impacto medioambiental.<\/p>\n<\/div><a href=\"\/wp-content\/uploads\/2025\/04\/Leaner-Cleaner-Electrode-Boiler-Subtitulos-Espanol-1-1-1.mp4\" class=\"cs-btn cs-btn-flat cs-btn-square cs-btn-flat-accent cs-btn-lg\" target=\"_blank\"><i class=\"cs-in fa fa-play\"><\/i>Watch video<\/a><\/div><\/div><div class=\"col-md-6\"><div class=\"cs-column-inner\"><\/div><\/div><\/div><\/div><div class=\"section-overlay\" style=\"background-color:rgba(0, 0, 0, 0.5);\"><\/div><\/section><section class=\"cs-section video_section\"><div class=\"container\"><div class=\"row\"><div class=\"col-md-12\"><div class=\"cs-column-inner\">[vc_custom_heading text=\u00bbSoluciones avanzadas para calderas de electrodos\u00bb font_container=\u00bbtag:h2|text_align:center|color:%23111111&#8243; use_theme_fonts=\u00bbyes\u00bb css=\u00bb\u00bb][vc_separator color=\u00bbcustom\u00bb border_width=\u00bb3&#8243; el_width=\u00bb80&#8243; css=\u00bb\u00bb accent_color=\u00bb#000080&#8243;]<section class=\"cs-section video_section_desc_wrapper\" style=\"background-image: url(\/wp-content\/uploads\/2025\/04\/ACME_ClientSS.jpg); background-repeat: no-repeat;\"><div class=\"container\"><div class=\"row\"><div class=\"col-md-6 video_section_desc\"><div class=\"cs-column-inner\"><div class=\"cs-column-text vc_custom_1751350288316\"><p>En A.E.P. Thermal Inc. somos especialistas en calderas de electrodos de alta tensi\u00f3n de \u00faltima generaci\u00f3n, dise\u00f1adas para ser eficientes, fiables y sostenibles.<br \/>\nCon d\u00e9cadas de experiencia en fabricaci\u00f3n mec\u00e1nica, el\u00e9ctrica y electr\u00f3nica, proporcionamos soluciones de calefacci\u00f3n innovadoras que satisfacen las necesidades de diversas industrias.<\/p>\n<p>Nuestros tres modelos distintos de calderas ofrecen opciones flexibles y energ\u00e9ticamente eficientes para la producci\u00f3n de vapor y agua caliente, ayudando a las empresas a reducir los costes operativos y el impacto medioambiental.<\/p>\n<\/div><\/div><\/div><div class=\"col-md-6 video_section_btn\"><div class=\"cs-column-inner\"><a href=\"\/wp-content\/uploads\/2025\/04\/Leaner-Cleaner-Electrode-Boiler-Subtitulos-Espanol-1-1-1.mp4|target\" class=\"cs-btn cs-btn-flat cs-btn-square cs-btn-flat-accent cs-btn-lg\"><i class=\"cs-in fa fa-play\"><\/i>Ver v\u00eddeo<\/a><\/div><\/div><\/div><\/div><\/section><\/div><\/div><\/div><\/div><\/section><section class=\"cs-section features_benefits_wrapper\" style=\"background-color:transparent;\"><div class=\"container\"><div class=\"row\"><div class=\"col-md-12 cs-animation fadeInUp wpb_animate_when_almost_visible wpb_zoomIn zoomIn wpb_start_animation\"><div class=\"cs-column-inner\">[vc_custom_heading text=\u00bbCaldera de agua caliente de electrodos sumergidos &#8211; Serie CEJW\u00bb font_container=\u00bbtag:h2|text_align:center|color:%23111111&#8243; use_theme_fonts=\u00bbyes\u00bb css=\u00bb\u00bb][vc_separator color=\u00bbcustom\u00bb border_width=\u00bb3&#8243; el_width=\u00bb80&#8243; css=\u00bb\u00bb accent_color=\u00bb#000080&#8243;]<div class=\"cs-column-text\"><p style=\"text-align: center;\">El <strong>modelo CEJW<\/strong> est\u00e1 dise\u00f1ado para funcionar inundado con agua a niveles de conductividad seleccionados, garantizando una eficiencia \u00f3ptima para aplicaciones de calentamiento de procesos y espacios. Estas calderas son ideales para industrias que requieren un suministro de agua caliente constante y fiable, manteniendo al mismo tiempo la eficiencia energ\u00e9tica. <\/p>\n<\/div><section class=\"cs-section content_box\"><div class=\"container\"><div class=\"row\"><div class=\"col-md-12 cs-animation fadeInLeft wpb_animate_when_almost_visible wpb_zoomIn zoomIn wpb_start_animation\"><div class=\"cs-column-inner\">[vc_single_image image=\u00bb1059&#8243; img_size=\u00bbfull\u00bb css=\u00bb\u00bb]<div class=\"cs-column-text\"><p><strong>Caracter\u00edsticas principales:<\/strong><\/p>\n<ul>\n<li><strong>Alta eficacia<\/strong>: Convierte pr\u00e1cticamente el 100% de la energ\u00eda el\u00e9ctrica en calor, maximizando el aprovechamiento de la energ\u00eda.<\/li>\n<li><strong>Controles autom\u00e1ticos<\/strong>: Incorpora controles autom\u00e1ticos de carga y temperatura, que proporcionan una regulaci\u00f3n continua en un rango de salida del 10% al 100%.<\/li>\n<li><strong>Aplicaciones vers\u00e1tiles<\/strong>: Adecuado para una amplia gama de industrias, incluidas:\n<ul>\n<li>Edificios de oficinas y viviendas<\/li>\n<li>Hospitales, escuelas y hoteles<\/li>\n<li>Plantas de procesado de alimentos<\/li>\n<li>F\u00e1bricas de ropa y textiles<\/li>\n<li>Instalaciones industriales<\/li>\n<li>Plantas pl\u00e1sticas y qu\u00edmicas<\/li>\n<li>Operaciones mineras<\/li>\n<li>Centrales el\u00e9ctricas para calefacci\u00f3n urbana<\/li>\n<li>Fabricaci\u00f3n de autom\u00f3viles<\/li>\n<\/ul>\n<\/li>\n<\/ul>\n<\/div><\/div><\/div><\/div><\/div><\/section><section class=\"cs-section content_box mt-0\"><div class=\"container\"><div class=\"row\"><div class=\"col-md-12 cs-animation fadeInRight wpb_animate_when_almost_visible wpb_zoomIn zoomIn wpb_start_animation\"><div class=\"cs-column-inner\">[vc_single_image image=\u00bb1121&#8243; img_size=\u00bbfull\u00bb css=\u00bb\u00bb]<div class=\"cs-column-text\"><p><strong>Beneficios adicionales:<\/strong><\/p>\n<ul>\n<li><strong>Instalaci\u00f3n econ\u00f3mica<\/strong>: Elimina la necesidad de conductos de combustible, almacenamiento y equipos de manipulaci\u00f3n, reduciendo los gastos de capital.<\/li>\n<li><strong>Menores costes de funcionamiento<\/strong>: Un funcionamiento sencillo y unos requisitos de mantenimiento m\u00ednimos contribuyen al ahorro de costes.<\/li>\n<li><strong>Responsabilidad medioambiental<\/strong>: Proporciona una alternativa limpia a los combustibles f\u00f3siles, en l\u00ednea con los objetivos de sostenibilidad.<\/li>\n<\/ul>\n<\/div><\/div><\/div><\/div><\/div><\/section><div class=\"cs-btn-align text-center\"><a href=\"\/immersed-electrode-hot-water-boilers\/\" class=\"cs-btn cs-btn-custom cs-btn-square cs-btn-custom-own cs-btn-lg cs-btn-custom-69fb0ce45ce8b\">Learn More<\/a><\/div><\/div><\/div><\/div><\/div><\/section><section class=\"cs-section features_benefits_wrapper\"><div class=\"container\"><div class=\"row\"><div class=\"col-md-12 cs-animation fadeInUp wpb_animate_when_almost_visible wpb_zoomIn zoomIn wpb_start_animation\"><div class=\"cs-column-inner\">[vc_custom_heading text=\u00bbCaldera de vapor de electrodos sumergidos &#8211; Serie CEJWS\u00bb font_container=\u00bbtag:h2|text_align:center|color:%23111111&#8243; use_theme_fonts=\u00bbyes\u00bb css=\u00bb\u00bb][vc_separator color=\u00bbcustom\u00bb border_width=\u00bb3&#8243; el_width=\u00bb80&#8243; css=\u00bb\u00bb accent_color=\u00bb#000080&#8243;]<div class=\"cs-column-text\"><p style=\"text-align: center;\">El <strong>modelo CEJWS<\/strong> est\u00e1 dise\u00f1ado para su uso en sistemas de distribuci\u00f3n trif\u00e1sicos de 4 hilos, utilizando las propiedades conductivas y resistivas del agua para generar vapor de forma eficiente. Esta caldera es ideal para industrias que requieren una producci\u00f3n de vapor de alto rendimiento con un impacto medioambiental m\u00ednimo. <\/p>\n<\/div><section class=\"cs-section content_box\"><div class=\"container\"><div class=\"row\"><div class=\"col-md-12 cs-animation fadeInRight wpb_animate_when_almost_visible wpb_zoomIn zoomIn wpb_start_animation\"><div class=\"cs-column-inner\">[vc_single_image image=\u00bb1065&#8243; img_size=\u00bbfull\u00bb css=\u00bb\u00bb]<div class=\"cs-column-text\"><p><strong>Caracter\u00edsticas principales:<\/strong><\/p>\n<ul>\n<li><strong><strong>Alta eficacia: <\/strong><\/strong>Convierte pr\u00e1cticamente el 99,5% de la energ\u00eda el\u00e9ctrica en calor, garantizando el m\u00e1ximo aprovechamiento de la energ\u00eda.<\/li>\n<li><strong>Respuesta r\u00e1pida:<\/strong> Alcanza la plena carga en 30-40 minutos desde un arranque en fr\u00edo o en un minuto desde un arranque en caliente, proporcionando una r\u00e1pida disponibilidad de vapor.<\/li>\n<li><strong>Aplicaciones vers\u00e1tiles<\/strong>: Adecuado para una amplia gama de industrias, incluidas:\n<ul>\n<li>Hospitales, escuelas y hoteles<\/li>\n<li>Restauraci\u00f3n y procesamiento de alimentos<\/li>\n<li>F\u00e1bricas de ropa y textiles<\/li>\n<li>Instalaciones industriales<\/li>\n<li>Plantas pl\u00e1sticas y qu\u00edmicas<\/li>\n<li>Utilidades de lavado<\/li>\n<li>Centrales el\u00e9ctricas<\/li>\n<\/ul>\n<\/li>\n<\/ul>\n<\/div><\/div><\/div><\/div><\/div><\/section><section class=\"cs-section content_box mt-0\"><div class=\"container\"><div class=\"row\"><div class=\"col-md-12 cs-animation fadeInLeft wpb_animate_when_almost_visible wpb_zoomIn zoomIn wpb_start_animation\"><div class=\"cs-column-inner\">[vc_single_image image=\u00bb1093&#8243; img_size=\u00bbfull\u00bb css=\u00bb\u00bb]<div class=\"cs-column-text cs-animation fadeInRight\"><p><strong>Beneficios adicionales:<\/strong><\/p>\n<ul>\n<li><strong>Instalaci\u00f3n econ\u00f3mica:<\/strong> Funciona a tensiones de distribuci\u00f3n, eliminando la necesidad de conductos de combustible, equipos de almacenamiento y manipulaci\u00f3n, economizadores y equipos de control de emisiones, lo que supone un ahorro en gastos de capital.<\/li>\n<li><strong>Costes operativos m\u00e1s bajos:<\/strong> Un funcionamiento simplificado y un mantenimiento m\u00ednimo reducen los gastos operativos.<\/li>\n<li><strong>Seguridad energ\u00e9tica:<\/strong> Proporciona una fuente fiable de vapor en zonas afectadas por asignaciones o interrupciones de gas natural, ofreciendo una alternativa limpia a los combustibles f\u00f3siles.<\/li>\n<li><strong>Seguridad mejorada:<\/strong> Presenta ventajas de seguridad inherentes respecto a las calderas tradicionales alimentadas con combustibles f\u00f3siles.<\/li>\n<\/ul>\n<\/div><\/div><\/div><\/div><\/div><\/section><div class=\"cs-btn-align text-center\"><a href=\"\/immersed-electrode-steam-boilers\/\" class=\"cs-btn cs-btn-custom cs-btn-square cs-btn-custom-own cs-btn-lg cs-btn-custom-69fb0ce45d23c\">Learn More<\/a><\/div><\/div><\/div><\/div><\/div><\/section><section class=\"cs-section features_benefits_wrapper\"><div class=\"container\"><div class=\"row\"><div class=\"col-md-12 cs-animation fadeInUp wpb_animate_when_almost_visible wpb_zoomIn zoomIn wpb_start_animation\"><div class=\"cs-column-inner\">[vc_custom_heading text=\u00bbCaldera de vapor de chorro &#8211; Serie CEJS\u00bb font_container=\u00bbtag:h2|text_align:center|color:%23111111&#8243; use_theme_fonts=\u00bbyes\u00bb css=\u00bb\u00bb][vc_separator color=\u00bbcustom\u00bb border_width=\u00bb3&#8243; el_width=\u00bb80&#8243; css=\u00bb\u00bb accent_color=\u00bb#000080&#8243;]<div class=\"cs-column-text\"><p style=\"text-align: center;\">El <strong>modelo CEJS<\/strong> es l\u00edder del mercado de calderas de vapor de electrodos de alto voltaje, con gran \u00e9xito operativo en diversos sectores. Su dise\u00f1o compacto y su alto rendimiento la convierten en la opci\u00f3n preferida de las empresas que necesitan la m\u00e1xima producci\u00f3n de vapor en un espacio m\u00ednimo. <\/p>\n<\/div><section class=\"cs-section content_box\"><div class=\"container\"><div class=\"row\"><div class=\"col-md-12 cs-animation fadeInLeft wpb_animate_when_almost_visible wpb_zoomIn zoomIn wpb_start_animation\"><div class=\"cs-column-inner\">[vc_single_image image=\u00bb1125&#8243; img_size=\u00bbfull\u00bb css=\u00bb\u00bb]<div class=\"cs-column-text\"><p><strong>Caracter\u00edsticas principales:<\/strong><\/p>\n<ul>\n<li><strong>Dise\u00f1o compacto:<\/strong> Ofrece una gran producci\u00f3n de vapor ocupando un espacio m\u00ednimo, lo que optimiza la distribuci\u00f3n de las instalaciones.<\/li>\n<li><strong>Instalaci\u00f3n econ\u00f3mica:<\/strong> No se necesitan conductos de combustible, equipos de almacenamiento y manipulaci\u00f3n, economizadores ni equipos de control de emisiones, lo que ahorra en gastos de capital.<\/li>\n<li><strong>Aplicaciones vers\u00e1tiles:<\/strong> Adecuado para diversas industrias que requieren una producci\u00f3n de vapor eficiente y fiable, entre ellas:\n<ul>\n<li>Edificios de oficinas y viviendas<\/li>\n<li>Hospitales, escuelas y hoteles<\/li>\n<li>Restaurantes y procesamiento de alimentos<\/li>\n<li>F\u00e1bricas de ropa y textiles<\/li>\n<li>Plantas industriales<\/li>\n<li>Plantas pl\u00e1sticas y qu\u00edmicas<\/li>\n<li>Utilidades<\/li>\n<li>Centrales el\u00e9ctricas<\/li>\n<\/ul>\n<\/li>\n<\/ul>\n<\/div><\/div><\/div><\/div><\/div><\/section><section class=\"cs-section content_box mt-0\"><div class=\"container\"><div class=\"row\"><div class=\"col-md-12 cs-animation fadeInRight wpb_animate_when_almost_visible wpb_zoomIn zoomIn wpb_start_animation\"><div class=\"cs-column-inner\">[vc_single_image image=\u00bb1065&#8243; img_size=\u00bbfull\u00bb css=\u00bb\u00bb]<div class=\"cs-column-text\"><p><strong>Beneficios adicionales:<\/strong><\/p>\n<ul>\n<li><strong>Respuesta r\u00e1pida:<\/strong> Capaz de alcanzar la plena carga r\u00e1pidamente, mejorando la flexibilidad operativa.<\/li>\n<li><strong>Responsabilidad medioambiental:<\/strong> Proporciona una alternativa limpia y eficiente a las calderas tradicionales alimentadas con combustibles f\u00f3siles, apoyando las iniciativas de sostenibilidad.<\/li>\n<li><strong>Funcionamiento m\u00e1s seguro:<\/strong> No hay peligro de combusti\u00f3n porque no hay \ufb02amas, humos, conductos de combustible ni dep\u00f3sitos de almacenamiento. No hay peligro de falta de agua, ya que la corriente no puede fluir sin agua, y no hay problemas de acumulaci\u00f3n de calor ni de quemado de electrodos, aunque se produzcan incrustaciones. Se elimina el choque t\u00e9rmico.  <\/li>\n<\/ul>\n<\/div><\/div><\/div><\/div><\/div><\/section><div class=\"cs-btn-align text-center\"><a href=\"\/jet-type-steam-boiler\/\" class=\"cs-btn cs-btn-custom cs-btn-square cs-btn-custom-own cs-btn-lg cs-btn-custom-69fb0ce45d5fb\">Learn More<\/a><\/div><\/div><\/div><\/div><\/div><\/section><section class=\"cs-section lg-padding why_choose_us\" style=\"background-image: url(\/wp-content\/uploads\/2025\/04\/iStock-143917584.jpg); background-repeat: no-repeat; background-position: 100% 100%;background-repeat: no-repeat;background-size: 700px;\"><div class=\"container\"><div class=\"row cs-equal-height cs-equal-height-center\"><div class=\"col-md-12 cs-animation fadeInUp wpb_animate_when_almost_visible wpb_zoomIn zoomIn wpb_start_animation vc_custom_1744741934396\" style=\"background-size: 400px;\"><div class=\"cs-column-inner\">[vc_custom_heading text=\u00bb\u00bfPor qu\u00e9 elegir A.E.P. Thermal Inc.?\u00bb font_container=\u00bbtag:h2|font_size:34px|text_align:center|color:%23000080&#8243; use_theme_fonts=\u00bbyes\u00bb css=\u00bb\u00bb][vc_separator color=\u00bbcustom\u00bb border_width=\u00bb3&#8243; el_width=\u00bb80&#8243; css=\u00bb\u00bb accent_color=\u00bb#000080&#8243;]<div class=\"cs-column-text\"><p style=\"text-align: center;\"><span style=\"font-weight: 400;\">A.E.P. Thermal Inc. se compromete a proporcionar tecnolog\u00eda de calderas avanzada y energ\u00e9ticamente eficiente que ayude a las empresas a optimizar sus operaciones y reducir su huella de carbono. Nuestra dedicaci\u00f3n a la innovaci\u00f3n y la responsabilidad medioambiental se ejemplifica en nuestras calderas de electrodos sumergidos de alta tensi\u00f3n, que son econ\u00f3micas de instalar, tienen menores costes de funcionamiento, requieren un mantenimiento m\u00ednimo y son m\u00e1s seguras y respetuosas con el medio ambiente que las calderas tradicionales. <\/span><\/p>\n<p style=\"text-align: center;\">Si necesitas agua caliente, vapor de proceso o producci\u00f3n de vapor industrial de gran capacidad, nuestras calderas de electrodos ofrecen la soluci\u00f3n perfecta.<\/p>\n<\/div><div class=\"cs-btn-align text-center\"><a href=\"\/contact-us\/\" class=\"cs-btn cs-btn-custom cs-btn-square cs-btn-custom-own cs-btn-lg cs-btn-custom-69fb0ce45d74c\">Contact Us<\/a><\/div><\/div><\/div><\/div><\/div><\/section><section class=\"cs-section lg-padding promise_service_section\" style=\"background-image: url(https:\/\/www.aepthermal.com\/wp-content\/uploads\/2025\/03\/vector.png); background-repeat: no-repeat; background-position: 100% 100%; background-color: rgba(10,10,10,0.01);\"><div class=\"container\"><div class=\"row cs-equal-height cs-equal-height-center\"><div class=\"col-md-6 cs-animation fadeInLeft wpb_animate_when_almost_visible wpb_zoomIn zoomIn wpb_start_animation\"><div class=\"cs-column-inner\">[vc_custom_heading text=\u00bbLa promesa de AEP Thermal\u00bb font_container=\u00bbtag:h2|font_size:34px|text_align:left|color:%2337393F\u00bb use_theme_fonts=\u00bbyes\u00bb css=\u00bb\u00bb][vc_separator color=\u00bbcustom\u00bb align=\u00bbalign_left\u00bb border_width=\u00bb3&#8243; el_width=\u00bb70&#8243; css=\u00bb\u00bb accent_color=\u00bb#000080&#8243;]<div class=\"cs-column-text\"><p>Prometemos ofrecer algo m\u00e1s que soluciones de calderas: proporcionamos sistemas personalizados y dise\u00f1ados por expertos que impulsan la eficiencia, la fiabilidad y la sostenibilidad en cada instalaci\u00f3n. Nuestro compromiso es ser un socio de confianza, que resuelve los retos m\u00e1s complejos con agilidad e innovaci\u00f3n, al tiempo que lidera el sector hacia un futuro m\u00e1s limpio y propulsado por energ\u00eda el\u00e9ctrica. <\/p>\n<p>Garantizamos un rendimiento sin fisuras, valor a largo plazo y un ma\u00f1ana m\u00e1s ecol\u00f3gico.<\/p>\n<\/div><section class=\"cs-section no-padding promise_service_icon\" style=\"padding:30px 5%;\"><div class=\"container\"><div class=\"row\"><div class=\"col-md-4\"><div class=\"cs-column-inner\">[vc_single_image image=\u00bb987&#8243; img_size=\u00bbfull\u00bb alignment=\u00bbcenter\u00bb css=\u00bb\u00bb]<\/div><\/div><div class=\"col-md-4\"><div class=\"cs-column-inner\">[vc_single_image image=\u00bb989&#8243; img_size=\u00bbfull\u00bb alignment=\u00bbcenter\u00bb css=\u00bb\u00bb]<\/div><\/div><div class=\"col-md-4\"><div class=\"cs-column-inner\">[vc_single_image image=\u00bb991&#8243; img_size=\u00bbfull\u00bb alignment=\u00bbcenter\u00bb css=\u00bb\u00bb]<\/div><\/div><\/div><\/div><\/section><\/div><\/div><div class=\"col-md-6 cs-animation fadeInRight wpb_animate_when_almost_visible wpb_zoomIn zoomIn wpb_start_animation\"><div class=\"cs-column-inner\">[vc_single_image image=\u00bb1083&#8243; img_size=\u00bbfull\u00bb alignment=\u00bbcenter\u00bb css_animation=\u00bbfadeInRight\u00bb css=\u00bb\u00bb]<\/div><\/div><\/div><\/div><\/section>\n","protected":false},"excerpt":{"rendered":"<p><span class=\"entry-read-more\"><a href=\"https:\/\/www.aepthermal.com\/es\/calderas-de-alta-tension\/\" class=\"cs-btn cs-btn-flat cs-btn-rounded cs-btn-xxs cs-btn-flat-accent\">Leer m\u00e1s<\/a><\/span><\/p>\n","protected":false},"author":2,"featured_media":0,"parent":0,"menu_order":0,"comment_status":"closed","ping_status":"closed","template":"","meta":{"footnotes":""},"class_list":["post-1319","page","type-page","status-publish","hentry"],"_links":{"self":[{"href":"https:\/\/www.aepthermal.com\/es\/wp-json\/wp\/v2\/pages\/1319","targetHints":{"allow":["GET"]}}],"collection":[{"href":"https:\/\/www.aepthermal.com\/es\/wp-json\/wp\/v2\/pages"}],"about":[{"href":"https:\/\/www.aepthermal.com\/es\/wp-json\/wp\/v2\/types\/page"}],"author":[{"embeddable":true,"href":"https:\/\/www.aepthermal.com\/es\/wp-json\/wp\/v2\/users\/2"}],"replies":[{"embeddable":true,"href":"https:\/\/www.aepthermal.com\/es\/wp-json\/wp\/v2\/comments?post=1319"}],"version-history":[{"count":0,"href":"https:\/\/www.aepthermal.com\/es\/wp-json\/wp\/v2\/pages\/1319\/revisions"}],"wp:attachment":[{"href":"https:\/\/www.aepthermal.com\/es\/wp-json\/wp\/v2\/media?parent=1319"}],"curies":[{"name":"wp","href":"https:\/\/api.w.org\/{rel}","templated":true}]}}