{"id":1321,"date":"2025-07-10T13:58:20","date_gmt":"2025-07-10T17:58:20","guid":{"rendered":"https:\/\/www.aepthermal.com\/preguntas-frecuentes\/"},"modified":"2026-03-09T15:18:09","modified_gmt":"2026-03-09T19:18:09","slug":"preguntas-frecuentes","status":"publish","type":"page","link":"https:\/\/www.aepthermal.com\/es\/preguntas-frecuentes\/","title":{"rendered":"Preguntas frecuentes"},"content":{"rendered":"<section class=\"cs-section no-padding cs-full-height banner faqs_banner inner_page_banner\" style=\"background-image: url(\/wp-content\/uploads\/2025\/04\/iStock-1830167512.jpg); background-repeat: no-repeat; background-position: 100% 100%;\" data-full-height-rate=\"75\"><div class=\"container-fluid\"><div class=\"row cs-equal-height cs-equal-height-center\"><div class=\"col-md-6 cs-animation fadeInLeft wpb_animate_when_almost_visible wpb_zoomIn zoomIn wpb_start_animation vc_custom_1745243952504\"><div class=\"cs-column-inner\"><\/div><\/div><div class=\"col-md-6 vc_custom_1742473025354\"><div class=\"cs-column-inner\"><\/div><\/div><\/div><\/div><\/section><section class=\"cs-section possible_uses faqs_cont\"><div class=\"container\"><div class=\"row\"><div class=\"col-md-12 uses\"><div class=\"cs-column-inner\"><div class=\"cs-column-text\"><h2 style=\"text-align: center;\">Calderas personalizadas. Rendimiento potente. Futuro sostenible.  <\/h2>\n<p>\u00bfBuscas calderas industriales de alto rendimiento y eficiencia energ\u00e9tica? En A.E.P. Thermal Inc. nos especializamos en calderas de chorro (jet boilers), calderas de vapor y calderas de electrodos de alta tensi\u00f3n de vanguardia, dise\u00f1adas para los sistemas energ\u00e9ticos modernos. Ya sea en el procesamiento de alimentos, la industria farmac\u00e9utica, la fabricaci\u00f3n o la calefacci\u00f3n urbana, nuestra tecnolog\u00eda de calderas ofrece una transferencia de calor r\u00e1pida, bajas emisiones y una fiabilidad inigualable. Respaldados por a\u00f1os de experiencia en el sector y un compromiso con la sostenibilidad, ayudamos a las empresas a reducir su huella de carbono y a optimizar sus operaciones t\u00e9rmicas. Descubre la soluci\u00f3n de caldera perfecta para tus instalaciones: dise\u00f1ada para el rendimiento, construida para el futuro.<\/p>\n<\/div><\/div><\/div><\/div><\/div><\/section><section class=\"cs-section\"><div class=\"container\"><div class=\"row\"><div class=\"col-md-12\"><div class=\"cs-column-inner\"><div class=\"cs-accordions faqs_section\"><div class=\"cs-accordion\"><h6 class=\"cs-accordion-title\"><i class=\"cs-in fa cs-anim-icon\"><\/i>\u00bfPor qu\u00e9 elegir una caldera de alto voltaje?<\/h6><div class=\"cs-accordion-content\"><div class=\"cs-column-text\"><p> Las calderas de electrodos sumergidos son sencillas de operar y mantener, sin necesidad de complejos equipos de control de contaminaci\u00f3n o combusti\u00f3n. Los usuarios tambi\u00e9n pueden aprovechar tarifas de energ\u00eda m\u00e1s bajas durante los periodos valle diarios o estacionales.<\/p>\n<\/div><\/div><\/div><div class=\"cs-accordion\"><h6 class=\"cs-accordion-title\"><i class=\"cs-in fa cs-anim-icon\"><\/i>\u00bfD\u00f3nde se pueden instalar las calderas sumergidas Electore?<\/h6><div class=\"cs-accordion-content\"><div class=\"cs-column-text\"><p>Las calderas AEP pueden utilizarse en diversas \u00e1reas que requieren procesos de agua caliente a gran escala, como edificios de oficinas, hospitales, escuelas, hoteles, moteles, plantas textiles y de confecci\u00f3n, operaciones mineras, centrales el\u00e9ctricas para calefacci\u00f3n urbana e instalaciones de fabricaci\u00f3n de autom\u00f3viles.<\/p>\n<\/div><\/div><\/div><div class=\"cs-accordion\"><h6 class=\"cs-accordion-title\"><i class=\"cs-in fa cs-anim-icon\"><\/i>\u00bfCu\u00e1les son las ventajas y caracter\u00edsticas especiales de dise\u00f1o de las calderas de electrodos de APE Thermal?<\/h6><div class=\"cs-accordion-content\"><div class=\"cs-column-text\"><p>El dise\u00f1o de forma especial de los electrodos de AEP Thermal permite obtener el mejor rendimiento en densidad de corriente, as\u00ed como un efecto de enfriamiento econ\u00f3mico incluso para capacidades entre 2 y 20 MW, con controles sencillos para el uso de cualquier persona.<\/p>\n<\/div><\/div><\/div><div class=\"cs-accordion\"><h6 class=\"cs-accordion-title\"><i class=\"cs-in fa cs-anim-icon\"><\/i>\u00bfC\u00f3mo funcionan las calderas de electrodos de alta tensi\u00f3n?<\/h6><div class=\"cs-accordion-content\"><div class=\"cs-column-text\"><p>Las calderas de electrodos de alta tensi\u00f3n utilizan la electricidad para generar calor haciendo pasar una corriente el\u00e9ctrica a trav\u00e9s del agua. La conductividad natural del agua permite que esta act\u00fae como una resistencia, produciendo calor y generando vapor o agua caliente sin necesidad de fuentes de combustible tradicionales como el gas o el petr\u00f3leo.<\/p>\n<\/div><\/div><\/div><div class=\"cs-accordion\"><h6 class=\"cs-accordion-title\"><i class=\"cs-in fa cs-anim-icon\"><\/i>\u00bfCu\u00e1les son las ventajas de utilizar una caldera de electrodos frente a una caldera tradicional de combustible?<\/h6><div class=\"cs-accordion-content\"><div class=\"cs-column-text\"><h3>Las calderas de electrodos ofrecen varias ventajas, entre ellas:<\/h3>\n<ul>\n<li><strong>Mayor eficiencia<\/strong> (convierten casi el 100% de la energ\u00eda el\u00e9ctrica en calor).<\/li>\n<li><strong>Menor mantenimiento<\/strong> debido a que tienen menos piezas m\u00f3viles y no hay proceso de combusti\u00f3n.<\/li>\n<li><strong>Tiempo de respuesta m\u00e1s r\u00e1pido<\/strong>, alcanzando su plena capacidad en cuesti\u00f3n de minutos.<\/li>\n<li><strong>Reducci\u00f3n de emisiones<\/strong>, proporcionando una alternativa limpia y sostenible a los sistemas basados en combustibles f\u00f3siles.<\/li>\n<li><strong>Instalaci\u00f3n simplificada<\/strong>, eliminando la necesidad de almacenamiento y manipulaci\u00f3n de combustible.<\/li>\n<\/ul>\n<\/div><\/div><\/div><div class=\"cs-accordion\"><h6 class=\"cs-accordion-title\"><i class=\"cs-in fa cs-anim-icon\"><\/i>\u00bfQu\u00e9 industrias suelen utilizar calderas de electrodos de alta tensi\u00f3n?<\/h6><div class=\"cs-accordion-content\"><div class=\"cs-column-text\"><p>Las calderas de electrodos se utilizan en diversas industrias, incluyendo:<\/p>\n<ul>\n<li>Calefacci\u00f3n urbana y sistemas HVAC de edificios<\/li>\n<li>Plantas de procesamiento de alimentos<\/li>\n<li>Hospitales, colegios y hoteles<\/li>\n<li>Fabricaci\u00f3n industrial y plantas qu\u00edmicas<\/li>\n<li>Operaciones mineras<\/li>\n<li>Centrales el\u00e9ctricas y servicios energ\u00e9ticos<\/li>\n<li>Producci\u00f3n de textiles y pl\u00e1sticos<\/li>\n<\/ul>\n<\/div><\/div><\/div><div class=\"cs-accordion\"><h6 class=\"cs-accordion-title\"><i class=\"cs-in fa cs-anim-icon\"><\/i>\u00bfQu\u00e9 tan eficientes energ\u00e9ticamente son las calderas de electrodos?<\/h6><div class=\"cs-accordion-content\"><div class=\"cs-column-text\"><p>Las calderas de electrodos son extremadamente eficientes desde el punto de vista energ\u00e9tico, alcanzando normalmente una <strong>eficiencia t\u00e9rmica del 99,5% o superior<\/strong>. Dado que convierten directamente la energ\u00eda el\u00e9ctrica en calor, minimizan las p\u00e9rdidas de energ\u00eda, lo que las convierte en una de las soluciones de calefacci\u00f3n m\u00e1s eficientes disponibles.<\/p>\n<\/div><\/div><\/div><div class=\"cs-accordion\"><h6 class=\"cs-accordion-title\"><i class=\"cs-in fa cs-anim-icon\"><\/i>\u00bfPueden integrarse las calderas de electrodos con fuentes de energ\u00eda renovables?<\/h6><div class=\"cs-accordion-content\"><div class=\"cs-column-text\"><p>\u00a1S\u00ed! Las calderas de electrodos pueden integrarse perfectamente con fuentes de energ\u00eda <strong>e\u00f3lica, solar e hidroel\u00e9ctrica<\/strong>. Al utilizar electricidad, pueden aprovechar las redes de energ\u00eda renovable para ofrecer soluciones de vapor y agua caliente con <strong>cero emisiones<\/strong>, reduciendo a\u00fan m\u00e1s la dependencia de los combustibles f\u00f3siles.<\/p>\n<\/div><\/div><\/div><div class=\"cs-accordion\"><h6 class=\"cs-accordion-title\"><i class=\"cs-in fa cs-anim-icon\"><\/i>\u00bfCon qu\u00e9 rapidez puede una caldera de electrodos alcanzar su plena capacidad?<\/h6><div class=\"cs-accordion-content\"><div class=\"cs-column-text\"><p>Las calderas de electrodos tienen un tiempo de arranque excepcionalmente r\u00e1pido. Desde un <strong>estado de reserva en caliente<\/strong>, pueden alcanzar la carga completa en <strong>menos de un minuto<\/strong>. Desde un <strong>arranque en fr\u00edo<\/strong>, suelen alcanzar la capacidad m\u00e1xima en <strong>30-40 minutos<\/strong>, significativamente m\u00e1s r\u00e1pido que las calderas tradicionales.<\/p>\n<\/div><\/div><\/div><div class=\"cs-accordion\"><h6 class=\"cs-accordion-title\"><i class=\"cs-in fa cs-anim-icon\"><\/i>\u00bfSon seguras las calderas de electrodos?<\/h6><div class=\"cs-accordion-content\"><div class=\"cs-column-text\"><p><span style=\"font-weight: 400;\">S\u00ed, las calderas de electrodos presentan <\/span><b>ventajas de seguridad inherentes<\/b><span style=\"font-weight: 400;\">  sobre las calderas de combustible. Dado que   <\/span><b>no hay proceso de combusti\u00f3n<\/b><span style=\"font-weight: 400;\">, no hay riesgo de explosi\u00f3n, producci\u00f3n de mon\u00f3xido de carbono o fugas de combustible. Adem\u00e1s, las funciones de seguridad integradas garantizan niveles de agua y control el\u00e9ctrico adecuados. <\/span><\/p>\n<\/div><\/div><\/div><div class=\"cs-accordion\"><h6 class=\"cs-accordion-title\"><i class=\"cs-in fa cs-anim-icon\"><\/i>\u00bfCu\u00e1les son los requisitos de mantenimiento de una caldera de electrodos?<\/h6><div class=\"cs-accordion-content\"><div class=\"cs-column-text\"><p>El mantenimiento es m\u00ednimo en comparaci\u00f3n con las calderas tradicionales. Las tareas clave de mantenimiento incluyen: <\/p>\n<ul>\n<li>Supervisar la <strong>conductividad y calidad del agua<\/strong> para un rendimiento \u00f3ptimo.<\/li>\n<li>Inspecciones rutinarias del <strong>sistema el\u00e9ctrico<\/strong> para garantizar la seguridad y la eficiencia.<\/li>\n<li>Comprobar y limpiar los electrodos seg\u00fan sea necesario.<br \/>\nAl no tener quemadores, bombas de combustible ni c\u00e1maras de combusti\u00f3n, los costes de mantenimiento y los tiempos de inactividad se reducen significativamente.<\/li>\n<\/ul>\n<\/div><\/div><\/div><div class=\"cs-accordion\"><h6 class=\"cs-accordion-title\"><i class=\"cs-in fa cs-anim-icon\"><\/i>\u00bfQu\u00e9 voltajes y capacidades de potencia est\u00e1n disponibles para las calderas de electrodos de A.E.P. Thermal Inc.?<\/h6><div class=\"cs-accordion-content\"><div class=\"cs-column-text\"><p><span style=\"font-weight: 400;\">Las calderas de A.E.P. Thermal Inc. pueden funcionar con voltajes de hasta <\/span><b>25 kV<\/b><span style=\"font-weight: 400;\"> y ofrecen capacidades que van desde <\/span><b>1 MW hasta 60 MW<\/b><span style=\"font-weight: 400;\">, lo que las hace adecuadas tanto para aplicaciones industriales a peque\u00f1a como a gran escala.<\/span><\/p>\n<\/div><\/div><\/div><div class=\"cs-accordion\"><h6 class=\"cs-accordion-title\"><i class=\"cs-in fa cs-anim-icon\"><\/i>\u00bfC\u00f3mo apoyan las calderas de electrodos los objetivos de sostenibilidad?<\/h6><div class=\"cs-accordion-content\"><div class=\"cs-column-text\"><p>Al eliminar la combusti\u00f3n de combustibles f\u00f3siles, las calderas de electrodos no producen emisiones directas de gases de efecto invernadero. Adem\u00e1s: <\/p>\n<ul>\n<li>Reducen los contaminantes atmosf\u00e9ricos como el NOx y el SOx.<\/li>\n<li>Disminuyen los niveles de ruido de funcionamiento en comparaci\u00f3n con los sistemas basados en combustible.<\/li>\n<li>Apoyan la transici\u00f3n hacia soluciones energ\u00e9ticas neutras en carbono cuando se combinan con renovables.<\/li>\n<\/ul>\n<\/div><\/div><\/div><div class=\"cs-accordion\"><h6 class=\"cs-accordion-title\"><i class=\"cs-in fa cs-anim-icon\"><\/i>\u00bfQu\u00e9 es una caldera de vapor y c\u00f3mo funciona?<\/h6><div class=\"cs-accordion-content\"><div class=\"cs-column-text\"><p><span style=\"font-weight: 400;\">Una <\/span><b>caldera de vapor<\/b><span style=\"font-weight: 400;\">  es un recipiente a presi\u00f3n que calienta agua para producir vapor destinado a la calefacci\u00f3n, la generaci\u00f3n de energ\u00eda o procesos industriales. Funciona con electricidad, gas natural, petr\u00f3leo o biomasa, y puede dise\u00f1arse para aplicaciones de baja o alta presi\u00f3n.<\/span><\/p>\n<\/div><\/div><\/div><div class=\"cs-accordion\"><h6 class=\"cs-accordion-title\"><i class=\"cs-in fa cs-anim-icon\"><\/i>\u00bfQu\u00e9 tipos de calderas de vapor existen?<\/h6><div class=\"cs-accordion-content\"><div class=\"cs-column-text\"><p><span style=\"font-weight: 400;\">Existen varios tipos de calderas de vapor, entre ellas:<\/span><\/p>\n<ul>\n<li>Calderas de vapor pirotubulares<\/li>\n<li>Calderas de vapor acuotubulares<\/li>\n<li>Calderas de vapor el\u00e9ctricas<\/li>\n<li>Calderas de electrodos de alta tensi\u00f3n<\/li>\n<\/ul>\n<p>Cada tipo tiene ventajas \u00fanicas para industrias y necesidades de procesos espec\u00edficos.<\/p>\n<\/div><\/div><\/div><div class=\"cs-accordion\"><h6 class=\"cs-accordion-title\"><i class=\"cs-in fa cs-anim-icon\"><\/i>\u00bfPor qu\u00e9 elegir una caldera de vapor el\u00e9ctrica?<\/h6><div class=\"cs-accordion-content\"><div class=\"cs-column-text\"><p><b>Las calderas de vapor el\u00e9ctricas<\/b><span style=\"font-weight: 400;\">  son una alternativa limpia y eficiente a los sistemas de combustibles f\u00f3siles. Son:<\/span><\/p>\n<ul>\n<li style=\"font-weight: 400;\" aria-level=\"1\"><span style=\"font-weight: 400;\">Libres de emisiones<\/span><\/li>\n<li aria-level=\"1\"><span style=\"font-weight: 400;\">Silenciosas y compactas<\/span><span style=\"font-weight: 400;\"><br \/>\n<\/span><\/li>\n<li aria-level=\"1\"><span style=\"font-weight: 400;\">Ideales para instalaciones en interiores<\/span><span style=\"font-weight: 400;\"><br \/>\n<\/span><\/li>\n<li aria-level=\"1\"><span style=\"font-weight: 400;\">De bajo mantenimiento al no tener componentes de combusti\u00f3n<\/span><\/li>\n<\/ul>\n<p><span style=\"font-weight: 400;\">Perfectas para edificios comerciales, fabricaci\u00f3n limpia y entornos urbanos.<\/span><\/p>\n<\/div><\/div><\/div><div class=\"cs-accordion\"><h6 class=\"cs-accordion-title\"><i class=\"cs-in fa cs-anim-icon\"><\/i>\u00bfQu\u00e9 industrias utilizan calderas de vapor?<\/h6><div class=\"cs-accordion-content\"><div class=\"cs-column-text\"><p><span style=\"font-weight: 400;\">Las calderas de vapor se utilizan en una amplia gama de sectores, tales como:<\/span><\/p>\n<ul>\n<li style=\"font-weight: 400;\" aria-level=\"1\"><span style=\"font-weight: 400;\">Fabricaci\u00f3n<\/span> de <b>alimentos y bebidas<\/b><\/li>\n<li aria-level=\"1\"><span style=\"font-weight: 400;\">Procesamiento <b>farmac\u00e9utico y qu\u00edmico<\/b><\/span><\/li>\n<li aria-level=\"1\"><span style=\"font-weight: 400;\"><b>Producci\u00f3n textil<\/b><\/span><\/li>\n<li aria-level=\"1\"><span style=\"font-weight: 400;\">Instalaciones<\/span> de <b>hospitales y centros sanitarios<\/b><\/li>\n<li aria-level=\"1\"><b>generaci\u00f3n de energ\u00eda<\/b><span style=\"font-weight: 400;\"> Operaciones de y servicios p\u00fablicos<\/span><\/li>\n<\/ul>\n<p><span style=\"font-weight: 400;\">Perfectas para edificios comerciales, fabricaci\u00f3n limpia y entornos urbanos.<\/span><\/p>\n<\/div><\/div><\/div><div class=\"cs-accordion\"><h6 class=\"cs-accordion-title\"><i class=\"cs-in fa cs-anim-icon\"><\/i>\u00bfQu\u00e9 tan seguras son las calderas de vapor?<\/h6><div class=\"cs-accordion-content\"><div class=\"cs-column-text\"><p><span style=\"font-weight: 400;\">Las calderas de vapor modernas est\u00e1n construidas con funciones de seguridad avanzadas que incluyen:<\/span><\/p>\n<ul>\n<li style=\"font-weight: 400;\" aria-level=\"1\"><span style=\"font-weight: 400;\">Controles autom\u00e1ticos de presi\u00f3n<\/span><\/li>\n<li aria-level=\"1\"><span style=\"font-weight: 400;\">Monitorizaci\u00f3n del nivel de agua<\/span><\/li>\n<li aria-level=\"1\"><span style=\"font-weight: 400;\">Cierres de seguridad<\/span><\/li>\n<li aria-level=\"1\"><span style=\"font-weight: 400;\">Instalaciones<\/span> de <b>hospitales y centros sanitarios<\/b><\/li>\n<li aria-level=\"1\"><span style=\"font-weight: 400;\">Sistemas de regulaci\u00f3n de temperatura<\/span><\/li>\n<\/ul>\n<p><span style=\"font-weight: 400;\">Una instalaci\u00f3n adecuada y las inspecciones rutinarias garantizan un funcionamiento seguro y fiable.<\/span><\/p>\n<\/div><\/div><\/div><div class=\"cs-accordion\"><h6 class=\"cs-accordion-title\"><i class=\"cs-in fa cs-anim-icon\"><\/i>\u00bfCon qu\u00e9 frecuencia se debe realizar el mantenimiento de una caldera de vapor?<\/h6><div class=\"cs-accordion-content\"><div class=\"cs-column-text\"><p><span style=\"font-weight: 400;\">Las calderas de vapor deben someterse a un mantenimiento regular para garantizar su m\u00e1ximo rendimiento y durabilidad a largo plazo. Las tareas clave incluyen: <\/span><\/p>\n<ul>\n<li style=\"font-weight: 400;\" aria-level=\"1\"><span style=\"font-weight: 400;\">Comprobar los niveles de agua y el tratamiento qu\u00edmico<\/span><\/li>\n<li aria-level=\"1\"><span style=\"font-weight: 400;\">Inspeccionar las v\u00e1lvulas de seguridad y los controles<\/span><\/li>\n<li aria-level=\"1\"><span style=\"font-weight: 400;\">Eliminar la acumulaci\u00f3n de cal o sedimentos<\/span><\/li>\n<\/ul>\n<p><span style=\"font-weight: 400;\">Una instalaci\u00f3n adecuada y las inspecciones rutinarias garantizan un funcionamiento seguro y fiable.<\/span><\/p>\n<\/div><\/div><\/div><div class=\"cs-accordion\"><h6 class=\"cs-accordion-title\"><i class=\"cs-in fa cs-anim-icon\"><\/i>\u00bfQu\u00e9 es una caldera de chorro (jet boiler) y c\u00f3mo funciona?<\/h6><div class=\"cs-accordion-content\"><div class=\"cs-column-text\"><p><span style=\"font-weight: 400;\">Una <\/span><b>caldera de chorro<\/b><span style=\"font-weight: 400;\">  es un sistema de calentamiento de agua o vapor de alta eficiencia que utiliza chorros de fluido a alta velocidad para transferir el calor r\u00e1pidamente. A diferencia de las calderas tradicionales, las calderas de chorro ofrecen una transferencia de calor por contacto directo, lo que las hace ideales para procesos que requieren un calentamiento r\u00e1pido y uniforme.<\/span><\/p>\n<\/div><\/div><\/div><div class=\"cs-accordion\"><h6 class=\"cs-accordion-title\"><i class=\"cs-in fa cs-anim-icon\"><\/i>\u00bfCu\u00e1les son las ventajas de utilizar una caldera de chorro?<\/h6><div class=\"cs-accordion-content\"><div class=\"cs-column-text\"><p><span style=\"font-weight: 400;\">Las calderas de chorro ofrecen varias ventajas:<\/span><\/p>\n<ul>\n<li><span style=\"font-weight: 400;\">Transferencia de calor ultrarr\u00e1pida<\/span><\/li>\n<li><span style=\"font-weight: 400;\">Dise\u00f1o compacto que ahorra espacio<\/span><\/li>\n<li><span style=\"font-weight: 400;\">Funcionamiento eficiente desde el punto de vista energ\u00e9tico<\/span><\/li>\n<li><span style=\"font-weight: 400;\">Necesidades m\u00ednimas de mantenimiento<\/span><\/li>\n<li><span style=\"font-weight: 400;\">F\u00e1cil integraci\u00f3n con los sistemas de procesos<\/span><\/li>\n<\/ul>\n<p><span style=\"font-weight: 400;\">Su entrega precisa de calor las hace perfectas para industrias con necesidades exigentes de rendimiento t\u00e9rmico.<\/span><\/p>\n<\/div><\/div><\/div><div class=\"cs-accordion\"><h6 class=\"cs-accordion-title\"><i class=\"cs-in fa cs-anim-icon\"><\/i>\u00bfQu\u00e9 industrias utilizan calderas de chorro?<\/h6><div class=\"cs-accordion-content\"><div class=\"cs-column-text\"><p><span style=\"font-weight: 400;\">Las calderas de chorro se utilizan habitualmente en:<\/span><\/p>\n<ul>\n<li style=\"font-weight: 400;\" aria-level=\"1\"><b>Procesamiento de alimentos y bebidas<\/b><span style=\"font-weight: 400;\"> para un calentamiento r\u00e1pido<\/span><span style=\"font-weight: 400;\"><br \/>\n<\/span><\/li>\n<li aria-level=\"1\"><span style=\"font-weight: 400;\">Plantas <b>farmac\u00e9uticas y qu\u00edmicas<\/b> para un control t\u00e9rmico constante<\/span><\/li>\n<li aria-level=\"1\"><span style=\"font-weight: 400;\">Industrias de <b>pulpa y papel<\/b> para vapor de proceso<\/span><\/li>\n<li aria-level=\"1\"><b>Tratamiento de aguas<\/b><span style=\"font-weight: 400;\"> para el calentamiento de tanques y pasteurizaci\u00f3n<\/span><\/li>\n<\/ul>\n<\/div><\/div><\/div><div class=\"cs-accordion\"><h6 class=\"cs-accordion-title\"><i class=\"cs-in fa cs-anim-icon\"><\/i>\u00bfSon f\u00e1ciles de mantener las calderas de chorro?<\/h6><div class=\"cs-accordion-content\"><div class=\"cs-column-text\"><p><span style=\"font-weight: 400;\">S\u00ed, las calderas de chorro tienen menos piezas m\u00f3viles que los sistemas convencionales, lo que significa menos tiempo de inactividad y menores costes de mantenimiento. Su dise\u00f1o optimizado ayuda a prevenir problemas comunes como la acumulaci\u00f3n de cal y el desgaste mec\u00e1nico. <\/span><\/p>\n<\/div><\/div><\/div><\/div><\/div><\/div><\/div><\/div><\/section><section class=\"cs-section\"><div class=\"container\"><div class=\"row\"><div class=\"col-md-12\"><div class=\"cs-column-inner\"><\/div><\/div><\/div><\/div><\/section><section class=\"cs-section\"><div class=\"container\"><div class=\"row\"><div class=\"col-md-12\"><div class=\"cs-column-inner\"><\/div><\/div><\/div><\/div><\/section>\n","protected":false},"excerpt":{"rendered":"<p><span class=\"entry-read-more\"><a href=\"https:\/\/www.aepthermal.com\/es\/preguntas-frecuentes\/\" class=\"cs-btn cs-btn-flat cs-btn-rounded cs-btn-xxs cs-btn-flat-accent\">Leer m\u00e1s<\/a><\/span><\/p>\n","protected":false},"author":1,"featured_media":0,"parent":0,"menu_order":0,"comment_status":"closed","ping_status":"closed","template":"","meta":{"footnotes":""},"class_list":["post-1321","page","type-page","status-publish","hentry"],"_links":{"self":[{"href":"https:\/\/www.aepthermal.com\/es\/wp-json\/wp\/v2\/pages\/1321","targetHints":{"allow":["GET"]}}],"collection":[{"href":"https:\/\/www.aepthermal.com\/es\/wp-json\/wp\/v2\/pages"}],"about":[{"href":"https:\/\/www.aepthermal.com\/es\/wp-json\/wp\/v2\/types\/page"}],"author":[{"embeddable":true,"href":"https:\/\/www.aepthermal.com\/es\/wp-json\/wp\/v2\/users\/1"}],"replies":[{"embeddable":true,"href":"https:\/\/www.aepthermal.com\/es\/wp-json\/wp\/v2\/comments?post=1321"}],"version-history":[{"count":0,"href":"https:\/\/www.aepthermal.com\/es\/wp-json\/wp\/v2\/pages\/1321\/revisions"}],"wp:attachment":[{"href":"https:\/\/www.aepthermal.com\/es\/wp-json\/wp\/v2\/media?parent=1321"}],"curies":[{"name":"wp","href":"https:\/\/api.w.org\/{rel}","templated":true}]}}