{"id":1296,"date":"2025-07-10T09:13:10","date_gmt":"2025-07-10T13:13:10","guid":{"rendered":"https:\/\/www.aepthermal.com\/a-propos-de-nous\/"},"modified":"2025-07-10T14:07:39","modified_gmt":"2025-07-10T18:07:39","slug":"a-propos-de-nous","status":"publish","type":"page","link":"https:\/\/www.aepthermal.com\/fr\/a-propos-de-nous\/","title":{"rendered":"A propos de nous"},"content":{"rendered":"<section class=\"cs-section no-padding cs-full-height inner_page_banner\" style=\"background-image: url(https:\/\/www.aepthermal.com\/wp-content\/uploads\/2025\/04\/iStock-2093307000.jpg); background-repeat: no-repeat;\" data-full-height-rate=\"75\"><div class=\"container-fluid\"><div class=\"row cs-equal-height cs-equal-height-center\"><div class=\"col-md-6 vc_custom_1742845337855\" style=\"background: radial-gradient(118.86% 123.26% at 73.16% 75%, #85b2ff96 0, #1eba47);\"><div class=\"cs-column-inner\">[vc_empty_space height=\u00a0\u00bb100px\u00a0\u00bb][vc_custom_heading text=\u00a0\u00bbForts de plus de 40 ans d&apos;expertise, nous fournissons des syst\u00e8mes personnalis\u00e9s \u00e0 haut rendement \u00e9nerg\u00e9tique qui alimentent les op\u00e9rations en toute fiabilit\u00e9 et fa\u00e7onnent l&apos;avenir du chauffage industriel.\u00a0\u00bb font_container=\u00a0\u00bbtag:h2|font_size:40px|text_align:left|color:%23FFFFFF|line_height:45px\u00a0\u00bb use_theme_fonts=\u00a0\u00bbyes\u00a0\u00bb css=\u00a0\u00bb\u00a0\u00bb][vc_empty_space height=\u00a0\u00bb100px\u00a0\u00bb]<\/div><\/div><div class=\"col-md-6 vc_custom_1742473025354\"><div class=\"cs-column-inner\"><\/div><\/div><\/div><\/div><\/section><section class=\"cs-section key_adv_fet\"><div class=\"container\"><div class=\"row\"><div class=\"col-md-7 cs-animation fadeInLeft key_adv_fet_content para_text wpb_animate_when_almost_visible wpb_zoomIn zoomIn wpb_start_animation\"><div class=\"cs-column-inner\">[vc_custom_heading text=\u00a0\u00bbNotre h\u00e9ritage en mati\u00e8re d&apos;innovation\u00a0\u00bb font_container=\u00a0\u00bbtag:h2|text_align:left|color:%2337393F\u00a0\u00bb use_theme_fonts=\u00a0\u00bbyes\u00a0\u00bb css=\u00a0\u00bb\u00a0\u00bb][vc_separator color=\u00a0\u00bbcustom\u00a0\u00bb align=\u00a0\u00bbalign_left\u00a0\u00bb border_width=\u00a0\u00bb3&Prime; el_width=\u00a0\u00bb70&Prime; css=\u00a0\u00bb\u00a0\u00bb accent_color=\u00a0\u00bb#000080&Prime;]<div class=\"cs-column-text\"><p>Depuis plus de quarante ans, AEP Thermal est un pionnier de l&rsquo;industrie des chaudi\u00e8res \u00e0 \u00e9lectrodes \u00e0 haute tension, fournissant plus de 4 GW de solutions de chauffage de pointe dans le monde entier. Avec des activit\u00e9s internationales en Inde et en Chine, nous avons acquis une r\u00e9putation de leader mondial dans la production de vapeur et d&rsquo;eau chaude \u00e0 haut rendement, en offrant des solutions fiables et efficaces sur le plan \u00e9nerg\u00e9tique. Nos mod\u00e8les CEJS et CEJW(S) offrent une polyvalence exceptionnelle, permettant une modulation de 100 % ou un contr\u00f4le de la capacit\u00e9 de 8 % \u00e0 100 %. Chez AEP Thermal, nous sommes fiers de repousser les limites de l&rsquo;innovation pour r\u00e9pondre aux besoins changeants des industries du monde entier.<\/p>\n<p>AEP Thermal travaille avec cette grande vari\u00e9t\u00e9 de clients, ce qui nous a permis de partager notre exp\u00e9rience en mati\u00e8re de processus et d&rsquo;ing\u00e9nierie dans diff\u00e9rents domaines et d&rsquo;inciter nos clients \u00e0 envisager des solutions ext\u00e9rieures \u00e0 leur secteur d&rsquo;activit\u00e9 qui n&rsquo;auraient pas sembl\u00e9 imm\u00e9diatement applicables. Nos dossiers d\u00e9taill\u00e9s sur les projets r\u00e9alis\u00e9s permettent \u00e0 AEP Thermsl de r\u00e9cup\u00e9rer facilement l&rsquo;expertise du pass\u00e9 et de la reformuler pour les applications actuelles. Notre exp\u00e9rience profite aux industries et aux institutions qui ont besoin de solutions de chauffage performantes et durables. Nous sommes les experts mondiaux en mati\u00e8re de chaudi\u00e8res \u00e9lectriques sur mesure.<\/p>\n<p>Contactez-nous d\u00e8s aujourd&rsquo;hui pour d\u00e9couvrir comment AEP Thermal peut fournir \u00e0 votre entreprise un chauffage \u00e9lectrique sur mesure pour un avenir durable !<\/p>\n<\/div><div class=\"cs-btn-align text-left\"><a href=\"\/contact-us\/\" class=\"cs-btn cs-btn-custom cs-btn-square cs-btn-custom-own cs-btn-lg cs-btn-custom-69fb0dca84cd9\">Contact Us<\/a><\/div><\/div><\/div><div class=\"col-md-5 cs-animation fadeInRight key_adv_fet_img wpb_animate_when_almost_visible wpb_zoomIn zoomIn wpb_start_animation\"><div class=\"cs-column-inner\">[vc_single_image image=\u00a0\u00bb651&Prime; img_size=\u00a0\u00bbfull\u00a0\u00bb css=\u00a0\u00bb\u00a0\u00bb]<\/div><\/div><\/div><\/div><\/section><section class=\"cs-section our_clients_wrapper\"><div class=\"container\"><div class=\"row cs-equal-height cs-equal-height-center\"><div class=\"col-md-5 our_clients\"><div class=\"cs-column-inner\">[vc_single_image image=\u00a0\u00bb668&Prime; img_size=\u00a0\u00bbfull\u00a0\u00bb css_animation=\u00a0\u00bbfadeIn\u00a0\u00bb css=\u00a0\u00bb\u00a0\u00bb el_class=\u00a0\u00bbclient_one\u00a0\u00bb][vc_single_image image=\u00a0\u00bb667&Prime; img_size=\u00a0\u00bbfull\u00a0\u00bb css_animation=\u00a0\u00bbfadeIn\u00a0\u00bb css=\u00a0\u00bb\u00a0\u00bb el_class=\u00a0\u00bbclient_two\u00a0\u00bb][vc_single_image image=\u00a0\u00bb666&Prime; img_size=\u00a0\u00bbfull\u00a0\u00bb css_animation=\u00a0\u00bbfadeIn\u00a0\u00bb css=\u00a0\u00bb\u00a0\u00bb el_class=\u00a0\u00bbclient_three\u00a0\u00bb][vc_single_image image=\u00a0\u00bb665&Prime; img_size=\u00a0\u00bbfull\u00a0\u00bb css_animation=\u00a0\u00bbfadeIn\u00a0\u00bb css=\u00a0\u00bb\u00a0\u00bb el_class=\u00a0\u00bbclient_four\u00a0\u00bb]<\/div><\/div><div class=\"col-md-7 cs-animation fadeInRight wpb_animate_when_almost_visible wpb_zoomIn zoomIn wpb_start_animation\"><div class=\"cs-column-inner\">[vc_custom_heading text=\u00a0\u00bbLa confiance des leaders de l&apos;industrie\u00a0\u00bb font_container=\u00a0\u00bbtag:h2|text_align:left|color:%2337393F\u00a0\u00bb use_theme_fonts=\u00a0\u00bbyes\u00a0\u00bb css=\u00a0\u00bb\u00a0\u00bb][vc_separator color=\u00a0\u00bbcustom\u00a0\u00bb align=\u00a0\u00bbalign_left\u00a0\u00bb border_width=\u00a0\u00bb3&Prime; el_width=\u00a0\u00bb80&Prime; css=\u00a0\u00bb\u00a0\u00bb accent_color=\u00a0\u00bb#000080&Prime;]<div class=\"cs-column-text\"><p>Nous avons eu le privil\u00e8ge de travailler avec un large \u00e9ventail de clients dans diff\u00e9rents secteurs, notamment des entreprises technologiques, des agences de marketing, des \u00e9tablissements d&rsquo;enseignement et des soci\u00e9t\u00e9s multinationales. Nos partenaires nous font confiance pour notre engagement en mati\u00e8re de qualit\u00e9, de fiabilit\u00e9 et de respect des d\u00e9lais. En d\u00e9passant constamment les attentes, nous avons \u00e9tabli des relations \u00e0 long terme avec des organisations qui comptent sur notre expertise pour am\u00e9liorer leurs op\u00e9rations.<\/p>\n<\/div><div class=\"cs-btn-align text-left\"><a href=\"\/contact-us\/\" class=\"cs-btn cs-btn-custom cs-btn-square cs-btn-custom-own cs-btn-lg cs-btn-custom-69fb0dca84e8a\">Contact Us<\/a><\/div><\/div><\/div><\/div><\/div><\/section><section class=\"cs-section features_benefits_wrapper\"><div class=\"container\"><div class=\"row\"><div class=\"col-md-12 cs-animation fadeInUp wpb_animate_when_almost_visible wpb_zoomIn zoomIn wpb_start_animation\"><div class=\"cs-column-inner\">[vc_custom_heading text=\u00a0\u00bbSolutions de chauffage durables et efficaces\u00a0\u00bb font_container=\u00a0\u00bbtag:h2|text_align:center|color:%23111111&Prime; use_theme_fonts=\u00a0\u00bbyes\u00a0\u00bb css=\u00a0\u00bb\u00a0\u00bb][vc_separator color=\u00a0\u00bbcustom\u00a0\u00bb border_width=\u00a0\u00bb3&Prime; el_width=\u00a0\u00bb30&Prime; css=\u00a0\u00bb\u00a0\u00bb accent_color=\u00a0\u00bb#000080&Prime;]<section class=\"cs-section content_box\"><div class=\"container\"><div class=\"row\"><div class=\"col-md-12 cs-animation fadeInLeft wpb_animate_when_almost_visible wpb_zoomIn zoomIn wpb_start_animation\"><div class=\"cs-column-inner\">[vc_single_image image=\u00a0\u00bb653&Prime; img_size=\u00a0\u00bbfull\u00a0\u00bb css=\u00a0\u00bb\u00a0\u00bb]<div class=\"cs-column-text\"><p>A.E.P. Thermal Inc. red\u00e9finit le chauffage \u00e9conome en \u00e9nergie gr\u00e2ce \u00e0 ses chaudi\u00e8res \u00e0 \u00e9lectrodes \u00e0 haute tension. Con\u00e7ues pour un large \u00e9ventail d&rsquo;applications &#8211; notamment le chauffage des b\u00e2timents, la transformation des aliments, les installations industrielles, l&rsquo;exploitation mini\u00e8re et la production d&rsquo;\u00e9nergie &#8211; nos chaudi\u00e8res \u00e0 \u00e9lectrodes offrent des solutions durables et rentables. Avec plus de 40 ans d&rsquo;expertise dans la fabrication m\u00e9canique, \u00e9lectrique et \u00e9lectronique, nous continuons \u00e0 innover, en veillant \u00e0 ce que nos produits offrent des performances maximales tout en ayant un impact minimal sur l&rsquo;environnement.<\/p>\n<\/div><\/div><\/div><\/div><\/div><\/section><div class=\"cs-btn-align text-center\"><a href=\"\/industries-applications\/\" class=\"cs-btn cs-btn-custom cs-btn-square cs-btn-custom-own cs-btn-lg cs-btn-custom-69fb0dca851dc\">Learn More<\/a><\/div><\/div><\/div><\/div><\/div><\/section><section class=\"cs-section electrode_steam_boiler\"><div class=\"container\"><div class=\"row\"><div class=\"col-md-12\"><div class=\"cs-column-inner\"><section class=\"cs-section possible_uses single_desc\"><div class=\"container\"><div class=\"row\"><div class=\"col-md-4 cs-animation fadeInLeft title_img wpb_animate_when_almost_visible wpb_zoomIn zoomIn wpb_start_animation cs-column-background\" style=\" background-image: url(\/wp-content\/uploads\/2025\/04\/ChatGPT-PM.jpg);\"><div class=\"cs-column-inner\">[vc_custom_heading text=\u00a0\u00bbNotre gamme de produits\u00a0\u00bb font_container=\u00a0\u00bbtag:h2|text_align:center\u00a0\u00bb use_theme_fonts=\u00a0\u00bbyes\u00a0\u00bb css=\u00a0\u00bb\u00a0\u00bb]<a href=\"\/high-voltage-boilers\/\" class=\"cs-btn cs-btn-custom cs-btn-square cs-btn-custom-own cs-btn-lg cs-btn-custom-69fb0dca8546c\">Learn More<\/a><\/div><\/div><div class=\"col-md-8 cs-animation fadeInRight uses wpb_animate_when_almost_visible wpb_zoomIn zoomIn wpb_start_animation\"><div class=\"cs-column-inner\"><div class=\"cs-column-text mr-0\"><p>A.E.P. Thermal Inc. se sp\u00e9cialise dans :<\/p>\n<ul>\n<li><strong>Chaudi\u00e8res \u00e0 eau chaude \u00e0 \u00e9lectrodes immerg\u00e9es<\/strong> &#8211; Id\u00e9ales pour le chauffage des proc\u00e9d\u00e9s ou des locaux, ces chaudi\u00e8res fonctionnent avec de l&rsquo;eau pr\u00e9sentant des niveaux de conductivit\u00e9 optimaux.<\/li>\n<li><strong>Chaudi\u00e8res \u00e0 vapeur \u00e0 \u00e9lectrodes immerg\u00e9es<\/strong> &#8211; Con\u00e7ues pour les syst\u00e8mes de distribution triphas\u00e9s \u00e0 4 fils, elles utilisent la conductivit\u00e9 et les propri\u00e9t\u00e9s r\u00e9sistives de l&rsquo;eau pour produire de la vapeur de mani\u00e8re efficace.<\/li>\n<li><strong>Chaudi\u00e8res \u00e0 vapeur \u00e0 jet (mod\u00e8le CEJS)<\/strong> &#8211; Un leader du march\u00e9 avec un grand succ\u00e8s op\u00e9rationnel, offrant une production de vapeur de grande capacit\u00e9 dans un encombrement compact.<\/li>\n<\/ul>\n<p>Notre engagement en faveur du d\u00e9veloppement durable implique de r\u00e9duire la d\u00e9pendance \u00e0 l&rsquo;\u00e9gard des combustibles fossiles tout en soutenant les efforts mondiaux visant \u00e0 r\u00e9duire les \u00e9missions de gaz \u00e0 effet de serre. En investissant dans des technologies de pointe, nous continuons \u00e0 \u00eatre \u00e0 la pointe de l&rsquo;industrie avec des solutions \u00e0 haut rendement \u00e9nerg\u00e9tique et \u00e0 haute performance.<\/p>\n<\/div><\/div><\/div><\/div><\/div><\/section><\/div><\/div><\/div><\/div><\/section>\n","protected":false},"excerpt":{"rendered":"<p><span class=\"entry-read-more\"><a href=\"https:\/\/www.aepthermal.com\/fr\/a-propos-de-nous\/\" class=\"cs-btn cs-btn-flat cs-btn-rounded cs-btn-xxs cs-btn-flat-accent\">Lire la suite<\/a><\/span><\/p>\n","protected":false},"author":2,"featured_media":0,"parent":0,"menu_order":0,"comment_status":"closed","ping_status":"closed","template":"","meta":{"footnotes":""},"class_list":["post-1296","page","type-page","status-publish","hentry"],"_links":{"self":[{"href":"https:\/\/www.aepthermal.com\/fr\/wp-json\/wp\/v2\/pages\/1296","targetHints":{"allow":["GET"]}}],"collection":[{"href":"https:\/\/www.aepthermal.com\/fr\/wp-json\/wp\/v2\/pages"}],"about":[{"href":"https:\/\/www.aepthermal.com\/fr\/wp-json\/wp\/v2\/types\/page"}],"author":[{"embeddable":true,"href":"https:\/\/www.aepthermal.com\/fr\/wp-json\/wp\/v2\/users\/2"}],"replies":[{"embeddable":true,"href":"https:\/\/www.aepthermal.com\/fr\/wp-json\/wp\/v2\/comments?post=1296"}],"version-history":[{"count":0,"href":"https:\/\/www.aepthermal.com\/fr\/wp-json\/wp\/v2\/pages\/1296\/revisions"}],"wp:attachment":[{"href":"https:\/\/www.aepthermal.com\/fr\/wp-json\/wp\/v2\/media?parent=1296"}],"curies":[{"name":"wp","href":"https:\/\/api.w.org\/{rel}","templated":true}]}}