{"id":1297,"date":"2025-07-10T09:13:11","date_gmt":"2025-07-10T13:13:11","guid":{"rendered":"https:\/\/www.aepthermal.com\/ressources\/"},"modified":"2025-08-05T03:55:25","modified_gmt":"2025-08-05T07:55:25","slug":"ressources","status":"publish","type":"page","link":"https:\/\/www.aepthermal.com\/fr\/ressources\/","title":{"rendered":"Ressources"},"content":{"rendered":"<section class=\"cs-section no-padding cs-full-height inner_page_banner\" style=\"background-image: url(\/wp-content\/uploads\/2025\/04\/iStock-1926925268.jpg); background-repeat: no-repeat;\" data-full-height-rate=\"75\"><div class=\"container-fluid\"><div class=\"row cs-equal-height cs-equal-height-center\"><div class=\"col-md-6 cs-animation fadeInLeft wpb_animate_when_almost_visible wpb_zoomIn zoomIn wpb_start_animation vc_custom_1744741468126\" style=\"background: radial-gradient(118.86% 123.26% at 73.16% 75%, #85b2ff96 0, #1eba47);\"><div class=\"cs-column-inner\">[vc_empty_space height=\u00a0\u00bb100px\u00a0\u00bb][vc_custom_heading text=\u00a0\u00bbUne technologie de chaudi\u00e8re in\u00e9gal\u00e9e. Fiabilit\u00e9 in\u00e9branlable. Progr\u00e8s durable.\u00a0\u00bb font_container=\u00a0\u00bbtag:h2|font_size:50px|text_align:left|color:%23FFFFFF\u00a0\u00bb use_theme_fonts=\u00a0\u00bbyes\u00a0\u00bb css=\u00a0\u00bb\u00a0\u00bb][vc_empty_space][vc_empty_space height=\u00a0\u00bb100px\u00a0\u00bb]<\/div><\/div><div class=\"col-md-6 vc_custom_1742473025354\"><div class=\"cs-column-inner\"><\/div><\/div><\/div><\/div><\/section><section class=\"cs-section benefits_section resources\" style=\"background-image: url(https:\/\/www.aepthermal.com\/wp-content\/uploads\/2025\/04\/Image-Apr-1-2025-04_31_44-PM.jpg);\"><div class=\"container\"><div class=\"row\"><div class=\"col-md-4 cs-animation fadeInUp shadow_box shadow_box_1 wpb_animate_when_almost_visible wpb_zoomIn zoomIn wpb_start_animation\"><div class=\"cs-column-inner\"><section class=\"cs-section benefits_col\"><div class=\"container\"><div class=\"row\"><div class=\"col-md-6 front-part\"><div class=\"cs-column-inner\">[vc_custom_heading text=\u00a0\u00bbRessources du CEJW\u00a0\u00bb font_container=\u00a0\u00bbtag:h3|text_align:center\u00a0\u00bb use_theme_fonts=\u00a0\u00bbyes\u00a0\u00bb css=\u00a0\u00bb\u00a0\u00bb el_class=\u00a0\u00bbhide_on_hover\u00a0\u00bb]<\/div><\/div><div class=\"col-md-6 back-part\"><div class=\"cs-column-inner\"><div class=\"cs-column-text show_on_hover\"><p style=\"text-align: center;\">T\u00e9l\u00e9chargez la brochure CEJW et les sp\u00e9cifications CEJW<\/p>\n<\/div><a href=\"\/wp-content\/uploads\/2025\/07\/CEJW-specification-FR.pdf\" class=\"cs-btn cs-btn-flat cs-btn-square cs-btn-flat-accent cs-btn-sm\" target=\"_blank\">CEJW Specifications<br \/>\n<\/a><\/div><\/div><\/div><\/div><\/section><\/div><\/div><div class=\"col-md-4 cs-animation fadeInDown shadow_box shadow_box_2 wpb_animate_when_almost_visible wpb_zoomIn zoomIn wpb_start_animation\"><div class=\"cs-column-inner\"><section class=\"cs-section benefits_col\"><div class=\"container\"><div class=\"row\"><div class=\"col-md-6 front-part\"><div class=\"cs-column-inner\">[vc_custom_heading text=\u00a0\u00bbRessources du CEJWS\u00a0\u00bb font_container=\u00a0\u00bbtag:h3|text_align:center\u00a0\u00bb use_theme_fonts=\u00a0\u00bbyes\u00a0\u00bb css=\u00a0\u00bb\u00a0\u00bb el_class=\u00a0\u00bbhide_on_hover\u00a0\u00bb]<\/div><\/div><div class=\"col-md-6 back-part\"><div class=\"cs-column-inner\"><div class=\"cs-column-text show_on_hover\"><p style=\"text-align: center;\">T\u00e9l\u00e9chargez la brochure du CEJWS<\/p>\n<\/div><a href=\"\/wp-content\/uploads\/2025\/07\/Bulletin-CEJWS-FR-Rev.2022-05.pdf\" class=\"cs-btn cs-btn-flat cs-btn-square cs-btn-flat-accent cs-btn-sm\" target=\"_blank\">CEJWS Brochure<\/a><\/div><\/div><\/div><\/div><\/section><\/div><\/div><div class=\"col-md-4 cs-animation fadeInUp shadow_box shadow_box_3 wpb_animate_when_almost_visible wpb_zoomIn zoomIn wpb_start_animation\"><div class=\"cs-column-inner\"><section class=\"cs-section benefits_col\"><div class=\"container\"><div class=\"row\"><div class=\"col-md-6 front-part\"><div class=\"cs-column-inner\">[vc_custom_heading text=\u00a0\u00bbRessources du CEJS\u00a0\u00bb font_container=\u00a0\u00bbtag:h3|text_align:center\u00a0\u00bb use_theme_fonts=\u00a0\u00bbyes\u00a0\u00bb css=\u00a0\u00bb\u00a0\u00bb el_class=\u00a0\u00bbhide_on_hover\u00a0\u00bb]<\/div><\/div><div class=\"col-md-6 back-part\"><div class=\"cs-column-inner\"><div class=\"cs-column-text show_on_hover\"><p style=\"text-align: center;\">T\u00e9l\u00e9chargez la brochure et les sp\u00e9cifications de CEJS<\/p>\n<\/div><a href=\"\/wp-content\/uploads\/2025\/07\/Electrode-Steam-Boiler-Specification-FR.pdf\" class=\"cs-btn cs-btn-flat cs-btn-square cs-btn-flat-accent cs-btn-sm\" target=\"_blank\">CEJS Specifications<br \/>\n<\/a><\/div><\/div><\/div><\/div><\/section><\/div><\/div><div class=\"col-md-4 cs-animation fadeInDown shadow_box shadow_box_4 wpb_animate_when_almost_visible wpb_zoomIn zoomIn wpb_start_animation\"><div class=\"cs-column-inner\"><section class=\"cs-section benefits_col\"><div class=\"container\"><div class=\"row\"><div class=\"col-md-6 front-part\"><div class=\"cs-column-inner\">[vc_custom_heading text=\u00a0\u00bbBulletins du CEJW\u00a0\u00bb font_container=\u00a0\u00bbtag:h3|text_align:center\u00a0\u00bb use_theme_fonts=\u00a0\u00bbyes\u00a0\u00bb css=\u00a0\u00bb\u00a0\u00bb el_class=\u00a0\u00bbhide_on_hover\u00a0\u00bb]<\/div><\/div><div class=\"col-md-6 back-part\"><div class=\"cs-column-inner\"><div class=\"cs-column-text show_on_hover\"><p style=\"text-align: center;\">T\u00e9l\u00e9charger les bulletins du CEJW<\/p>\n<\/div><a href=\"\/wp-content\/uploads\/2025\/07\/Bulletin-CEJW-FR.pdf\" class=\"cs-btn cs-btn-flat cs-btn-square cs-btn-flat-accent cs-btn-sm\" target=\"_blank\">CEJW Bulletins<br \/>\n<\/a><\/div><\/div><\/div><\/div><\/section><\/div><\/div><div class=\"col-md-4 cs-animation fadeInUp shadow_box shadow_box_5 wpb_animate_when_almost_visible wpb_zoomIn zoomIn wpb_start_animation\"><div class=\"cs-column-inner\"><section class=\"cs-section benefits_col\"><div class=\"container\"><div class=\"row\"><div class=\"col-md-6 front-part\"><div class=\"cs-column-inner\">[vc_custom_heading text=\u00a0\u00bbBulletins du CEJWS\u00a0\u00bb font_container=\u00a0\u00bbtag:h3|text_align:center\u00a0\u00bb use_theme_fonts=\u00a0\u00bbyes\u00a0\u00bb css=\u00a0\u00bb\u00a0\u00bb el_class=\u00a0\u00bbhide_on_hover\u00a0\u00bb]<\/div><\/div><div class=\"col-md-6 back-part\"><div class=\"cs-column-inner\"><div class=\"cs-column-text show_on_hover\"><p style=\"text-align: center;\">T\u00e9l\u00e9chargez les bulletins du CEJWS<\/p>\n<\/div><a href=\"\/wp-content\/uploads\/2025\/07\/Bulletin-CEJWS-FR-Rev.2022-05.pdf\" class=\"cs-btn cs-btn-flat cs-btn-square cs-btn-flat-accent cs-btn-sm\" target=\"_blank\">CEJWS Bulletins<br \/>\n<\/a><\/div><\/div><\/div><\/div><\/section><\/div><\/div><div class=\"col-md-4 cs-animation fadeInDown shadow_box shadow_box_6 wpb_animate_when_almost_visible wpb_zoomIn zoomIn wpb_start_animation\"><div class=\"cs-column-inner\"><section class=\"cs-section benefits_col\"><div class=\"container\"><div class=\"row\"><div class=\"col-md-6 front-part\"><div class=\"cs-column-inner\">[vc_custom_heading text=\u00a0\u00bbBulletins du CEJS\u00a0\u00bb font_container=\u00a0\u00bbtag:h3|text_align:center\u00a0\u00bb use_theme_fonts=\u00a0\u00bbyes\u00a0\u00bb css=\u00a0\u00bb\u00a0\u00bb el_class=\u00a0\u00bbhide_on_hover\u00a0\u00bb]<\/div><\/div><div class=\"col-md-6 back-part\"><div class=\"cs-column-inner\"><div class=\"cs-column-text show_on_hover\"><p style=\"text-align: center;\">T\u00e9l\u00e9charger les bulletins du CEJS<\/p>\n<\/div><a href=\"\/wp-content\/uploads\/2025\/07\/Bulletin-CEJS-FR-Rev.-2022-11.pdf\" class=\"cs-btn cs-btn-flat cs-btn-square cs-btn-flat-accent cs-btn-sm\" target=\"_blank\">CEJS Bulletins<br \/>\n<\/a><\/div><\/div><\/div><\/div><\/section><\/div><\/div><\/div><\/div><\/section>\n","protected":false},"excerpt":{"rendered":"<p><span class=\"entry-read-more\"><a href=\"https:\/\/www.aepthermal.com\/fr\/ressources\/\" class=\"cs-btn cs-btn-flat cs-btn-rounded cs-btn-xxs cs-btn-flat-accent\">Lire la suite<\/a><\/span><\/p>\n","protected":false},"author":2,"featured_media":0,"parent":0,"menu_order":0,"comment_status":"closed","ping_status":"closed","template":"","meta":{"footnotes":""},"class_list":["post-1297","page","type-page","status-publish","hentry"],"_links":{"self":[{"href":"https:\/\/www.aepthermal.com\/fr\/wp-json\/wp\/v2\/pages\/1297","targetHints":{"allow":["GET"]}}],"collection":[{"href":"https:\/\/www.aepthermal.com\/fr\/wp-json\/wp\/v2\/pages"}],"about":[{"href":"https:\/\/www.aepthermal.com\/fr\/wp-json\/wp\/v2\/types\/page"}],"author":[{"embeddable":true,"href":"https:\/\/www.aepthermal.com\/fr\/wp-json\/wp\/v2\/users\/2"}],"replies":[{"embeddable":true,"href":"https:\/\/www.aepthermal.com\/fr\/wp-json\/wp\/v2\/comments?post=1297"}],"version-history":[{"count":0,"href":"https:\/\/www.aepthermal.com\/fr\/wp-json\/wp\/v2\/pages\/1297\/revisions"}],"wp:attachment":[{"href":"https:\/\/www.aepthermal.com\/fr\/wp-json\/wp\/v2\/media?parent=1297"}],"curies":[{"name":"wp","href":"https:\/\/api.w.org\/{rel}","templated":true}]}}