{"id":1311,"date":"2025-07-10T13:06:29","date_gmt":"2025-07-10T17:06:29","guid":{"rendered":"https:\/\/www.aepthermal.com\/chaudiere-a-vapeur-de-type-jet\/"},"modified":"2026-03-09T15:15:47","modified_gmt":"2026-03-09T19:15:47","slug":"chaudiere-a-vapeur-de-type-jet","status":"publish","type":"page","link":"https:\/\/www.aepthermal.com\/fr\/chaudiere-a-vapeur-de-type-jet\/","title":{"rendered":"Chaudi\u00e8re \u00e0 vapeur de type jet"},"content":{"rendered":"<section class=\"cs-section no-padding cs-full-height banner inner_page_banner\" style=\"background-image: url(\/wp-content\/uploads\/2025\/04\/iStock-1922342677.jpg); background-repeat: no-repeat;\" data-full-height-rate=\"75\"><div class=\"container-fluid\"><div class=\"row cs-equal-height cs-equal-height-center\"><div class=\"col-md-6 cs-animation fadeInLeft wpb_animate_when_almost_visible wpb_zoomIn zoomIn wpb_start_animation vc_custom_1744741468126\" style=\"background: radial-gradient(118.86% 123.26% at 73.16% 75%, #85b2ff96 0, #1eba47);\"><div class=\"cs-column-inner\">[vc_empty_space height=\u00a0\u00bb100px\u00a0\u00bb][vc_custom_heading text=\u00a0\u00bbUn chauffage \u00e9lectrique sur mesure pour un avenir durable.\u00a0\u00bb font_container=\u00a0\u00bbtag:h2|font_size:50px|text_align:left|color:%23FFFFFF\u00a0\u00bb use_theme_fonts=\u00a0\u00bbyes\u00a0\u00bb css=\u00a0\u00bb\u00a0\u00bb][vc_empty_space]<a href=\"\/contact-us\/\" class=\"cs-btn cs-btn-custom cs-btn-square cs-btn-custom-own cs-btn-lg cs-btn-custom-69fb0df2368f9\" title=\"Contact Us\">Contact Us<\/a>[vc_empty_space height=\u00a0\u00bb100px\u00a0\u00bb]<\/div><\/div><div class=\"col-md-6 vc_custom_1742473025354\"><div class=\"cs-column-inner\"><\/div><\/div><\/div><\/div><\/section><section class=\"cs-section electrode_steam_boiler\"><div class=\"container\"><div class=\"row\"><div class=\"col-md-12\"><div class=\"cs-column-inner\"><section class=\"cs-section possible_uses\"><div class=\"container\"><div class=\"row\"><div class=\"col-md-4 cs-animation fadeInLeft title_img wpb_animate_when_almost_visible wpb_zoomIn zoomIn wpb_start_animation cs-column-background\" style=\" background-image: url(https:\/\/www.aepthermal.com\/wp-content\/uploads\/2025\/04\/High-Voltage-Jet-Type-Steam-Boiler-\u2013-CEJS-Series.jpg);\"><div class=\"cs-column-inner\">[vc_custom_heading text=\u00a0\u00bbChaudi\u00e8re \u00e0 vapeur \u00e0 jet haute tension &#8211; S\u00e9rie CEJS\u00a0\u00bb font_container=\u00a0\u00bbtag:h2|text_align:center\u00a0\u00bb use_theme_fonts=\u00a0\u00bbyes\u00a0\u00bb css=\u00a0\u00bb\u00a0\u00bb]<div class=\"cs-column-text\"><p style=\"text-align: center;\"><span style=\"font-weight: 400;\">La chaudi\u00e8re \u00e0 vapeur \u00e0 \u00e9lectrodes haute tension CEJS a fait ses preuves et compte plus d&rsquo;heures de fonctionnement dans une large gamme d&rsquo;applications que n&rsquo;importe quel concurrent. Les \u00e9lectrodes de CEJS sont mont\u00e9es verticalement autour de l&rsquo;int\u00e9rieur de la cuve sous pression, ce qui permet \u00e0 CEJS de produire un maximum de vapeur dans un minimum d&rsquo;espace au sol. <\/span><\/p>\n<\/div><a href=\"\/contact-us\/\" class=\"cs-btn cs-btn-custom cs-btn-square cs-btn-custom-own cs-btn-lg cs-btn-custom-69fb0df236d1f\" title=\"Contact Us\">Contact Us<\/a><\/div><\/div><div class=\"col-md-8 cs-animation fadeInRight uses wpb_animate_when_almost_visible wpb_zoomIn zoomIn wpb_start_animation\"><div class=\"cs-column-inner\"><div class=\"cs-column-text\"><p>Le CEJS fonctionne aux tensions de distribution existantes, de 4,16 \u00e0 25 KV, avec un rendement exceptionnel &#8211; jusqu&rsquo;\u00e0 99,9 % ! Des mod\u00e8les sont disponibles pour produire de la vapeur dans des capacit\u00e9s allant jusqu&rsquo;\u00e0 270 000 livres par heure. Les pressions nominales vont de 75 psig \u00e0 500 PSIG.<\/p>\n<\/div><div class=\"cs-column-text\"><p>Plus le courant (amp\u00e8res) circule, plus la chaleur (BTU) est g\u00e9n\u00e9r\u00e9e et plus la vapeur produite est importante. Pr\u00e8s de 100 % de l&rsquo;\u00e9nergie \u00e9lectrique est convertie en chaleur sans aucune perte de chemin\u00e9e ou de transfert de chaleur.<\/p>\n<\/div><div class=\"cs-column-text\"><p>Toutes les chaudi\u00e8res de CEJS sont con\u00e7ues conform\u00e9ment \u00e0 la norme ASME Sec. VIII Div.1 et sont des appareils \u00e0 pression certifi\u00e9s et enregistr\u00e9s. Les chaudi\u00e8res \u00e0 \u00e9lectrodes utilisent les propri\u00e9t\u00e9s conductrices et r\u00e9sistives de l&rsquo;eau pour transporter le courant \u00e9lectrique et g\u00e9n\u00e9rer de la vapeur. Un courant alternatif circule d&rsquo;une \u00e9lectrode d&rsquo;une phase \u00e0 une \u00e9lectrode d&rsquo;une autre phase en passant par le neutre et en utilisant l&rsquo;eau comme conducteur. L&rsquo;eau ayant une r\u00e9sistance \u00e9lectrique, le flux de courant g\u00e9n\u00e8re de la chaleur directement dans l&rsquo;eau elle-m\u00eame.<\/p>\n<\/div><\/div><\/div><\/div><\/div><\/section><\/div><\/div><\/div><\/div><\/section><section class=\"cs-section key_adv_fet\"><div class=\"container\"><div class=\"row\"><div class=\"col-md-12 cs-animation fadeInUp wpb_animate_when_almost_visible wpb_zoomIn zoomIn wpb_start_animation\"><div class=\"cs-column-inner\">[vc_custom_heading text=\u00a0\u00bbPrincipaux avantages et caract\u00e9ristiques\u00a0\u00bb use_theme_fonts=\u00a0\u00bbyes\u00a0\u00bb css=\u00a0\u00bb\u00a0\u00bb][vc_separator color=\u00a0\u00bbcustom\u00a0\u00bb align=\u00a0\u00bbalign_left\u00a0\u00bb border_width=\u00a0\u00bb3&Prime; el_width=\u00a0\u00bb50&Prime; css=\u00a0\u00bb\u00a0\u00bb accent_color=\u00a0\u00bb#000080&Prime;]<div class=\"cs-column-text\"><p>\nLes chaudi\u00e8res \u00e0 \u00e9lectrodes utilisent les propri\u00e9t\u00e9s conductrices et r\u00e9sistives de l&rsquo;eau pour transporter le courant \u00e9lectrique et produire de la vapeur. Un courant alternatif circule d&rsquo;une \u00e9lectrode d&rsquo;une phase vers le neutre. Le second courant va de l&rsquo;\u00e9lectrode \u00e0 la contre-\u00e9lectrode. L&rsquo;eau ayant une r\u00e9sistance \u00e9lectrique, les flux de courant g\u00e9n\u00e8rent de la chaleur directement dans l&rsquo;eau elle-m\u00eame. Plus le courant (amp\u00e8res) circule, plus la chaleur (BTU) est g\u00e9n\u00e9r\u00e9e et plus la vapeur est produite. Presque 100 % de l&rsquo;\u00e9nergie \u00e9lectrique est convertie en chaleur sans aucune perte de chemin\u00e9e ou de transfert de chaleur. La protection contre le manque d&rsquo;eau est absolue puisque l&rsquo;absence d&rsquo;eau emp\u00eache le courant de circuler et la chaudi\u00e8re \u00e0 \u00e9lectrodes de produire de la vapeur. Contrairement aux chaudi\u00e8res \u00e9lectriques conventionnelles ou aux chaudi\u00e8res \u00e0 combustibles fossiles, rien dans la chaudi\u00e8re \u00e0 \u00e9lectrodes n&rsquo;est \u00e0 une temp\u00e9rature plus \u00e9lev\u00e9e que la vapeur produite elle-m\u00eame. Il n&rsquo;y a cependant pas de perte d&rsquo;efficacit\u00e9 de la conversion et il suffit de nettoyer les \u00e9lectrodes pour r\u00e9tablir la pleine capacit\u00e9 de la chaudi\u00e8re. Il ne peut y avoir d&rsquo;accumulation de chaleur dans les \u00e9lectrodes, donc pas d&rsquo;\u00e9puisement des \u00e9lectrodes et pas de danger pour la chaudi\u00e8re elle-m\u00eame.<\/p>\n<\/div><\/div><\/div><div class=\"col-md-7 cs-animation fadeInLeft key_adv_fet_content wpb_animate_when_almost_visible wpb_zoomIn zoomIn wpb_start_animation\"><div class=\"cs-column-inner\"><div class=\"cs-column-text\"><div class=\"adv_fet\">\n<h4>Installation \u00e9conomique<\/h4>\n<p>La chaudi\u00e8re CEJS \u00e9limine le besoin de conduites de combustible, de stockage, d&rsquo;\u00e9quipements de manutention, d&rsquo;\u00e9conomiseurs et de syst\u00e8mes de contr\u00f4le des \u00e9missions, ce qui permet de r\u00e9aliser d&rsquo;importantes \u00e9conomies en termes de d\u00e9penses d&rsquo;investissement.\n<\/p><\/div>\n<div class=\"adv_fet\">\n<h4>S\u00e9curit\u00e9 renforc\u00e9e<\/h4>\n<p>Sans processus de combustion, le mod\u00e8le CEJS \u00e9limine les risques associ\u00e9s aux flammes, aux fum\u00e9es, aux conduites de carburant ou aux r\u00e9servoirs de stockage. La conception garantit l&rsquo;absence de dangers li\u00e9s aux faibles niveaux d&rsquo;eau, car le flux de courant d\u00e9pend de la pr\u00e9sence d&rsquo;eau, et emp\u00eache les probl\u00e8mes tels que l&rsquo;accumulation de chaleur ou la combustion des \u00e9lectrodes, m\u00eame en cas d&rsquo;entartrage.\n<\/p><\/div>\n<div class=\"adv_fet\">\n<h4>R\u00e9duction des co\u00fbts d&rsquo;exploitation<\/h4>\n<p>La simplicit\u00e9 d&rsquo;utilisation et d&rsquo;entretien de la chaudi\u00e8re, associ\u00e9e \u00e0 des commandes automatiques, r\u00e9duit la n\u00e9cessit\u00e9 d&rsquo;un personnel d&rsquo;exploitation important. Son rendement \u00e9lev\u00e9 se traduit par une r\u00e9duction de la consommation d&rsquo;\u00e9nergie et des d\u00e9penses d&rsquo;exploitation.\n<\/p><\/div>\n<div class=\"adv_fet\">\n<h4>Maintenance minimale<\/h4>\n<p>L&rsquo;absence de temp\u00e9ratures excessives et de combustion garantit une longue dur\u00e9e de vie. Avec moins de composants et aucun r\u00e9sidu de carburant, les besoins de nettoyage et d&rsquo;entretien sont consid\u00e9rablement r\u00e9duits.\n<\/p><\/div>\n<div class=\"adv_fet\">\n<h4>Respect de l&rsquo;environnement<\/h4>\n<p>Fonctionnant sans combustion, la chaudi\u00e8re CEJS ne produit aucune \u00e9mission, s&rsquo;aligne sur les objectifs de d\u00e9veloppement durable et r\u00e9duit l&#8217;empreinte environnementale de vos activit\u00e9s.\n<\/p><\/div>\n<\/div><a href=\"\/contact-us\/\" class=\"cs-btn cs-btn-custom cs-btn-square cs-btn-custom-own cs-btn-lg cs-btn-custom-69fb0df237178\">Contact Us<\/a><\/div><\/div><div class=\"col-md-5 cs-animation fadeInRight key_adv_fet_img wpb_animate_when_almost_visible wpb_zoomIn zoomIn wpb_start_animation\"><div class=\"cs-column-inner\">[vc_single_image image=\u00a0\u00bb1140&Prime; img_size=\u00a0\u00bbfull\u00a0\u00bb css=\u00a0\u00bb\u00a0\u00bb]<\/div><\/div><\/div><\/div><\/section><section class=\"cs-section benefits_section\" style=\"background-image: url(https:\/\/www.aepthermal.com\/wp-content\/uploads\/2025\/04\/Jet_Benefits.jpg);\"><div class=\"container\"><div class=\"row\"><div class=\"col-md-12\"><div class=\"cs-column-inner\">[vc_custom_heading text=\u00a0\u00bbAvantages\u00a0\u00bb font_container=\u00a0\u00bbtag:h2|text_align:center\u00a0\u00bb use_theme_fonts=\u00a0\u00bbyes\u00a0\u00bb css=\u00a0\u00bb\u00a0\u00bb]<div class=\"cs-column-text benefits_disc\"><p style=\"text-align: center;\">La polyvalence et l&rsquo;efficacit\u00e9 de la chaudi\u00e8re \u00e0 vapeur \u00e0 \u00e9lectrodes haute tension CEJS la rendent adapt\u00e9e \u00e0 un large \u00e9ventail d&rsquo;industries, notamment :<\/p>\n<\/div><\/div><\/div><div class=\"col-md-4 cs-animation fadeInUp shadow_box shadow_box_1 wpb_animate_when_almost_visible wpb_zoomIn zoomIn wpb_start_animation\"><div class=\"cs-column-inner\"><section class=\"cs-section benefits_col\"><div class=\"container\"><div class=\"row\"><div class=\"col-md-6 front-part\"><div class=\"cs-column-inner\">[vc_custom_heading text=\u00a0\u00bb\u00c9tablissements de sant\u00e9\u00a0\u00bb font_container=\u00a0\u00bbtag:h3|text_align:center\u00a0\u00bb use_theme_fonts=\u00a0\u00bbyes\u00a0\u00bb css=\u00a0\u00bb\u00a0\u00bb el_class=\u00a0\u00bbhide_on_hover\u00a0\u00bb]<div class=\"cs-column-text\"><p style=\"text-align: center;\">Fournir de la vapeur propre et fiable pour la st\u00e9rilisation et le chauffage.<\/p>\n<\/div><\/div><\/div><div class=\"col-md-6 back-part\"><div class=\"cs-column-inner\"><div class=\"cs-column-text\"><p style=\"text-align: center;\">Fournir de la vapeur propre et fiable pour la st\u00e9rilisation et le chauffage.<\/p>\n<\/div><\/div><\/div><\/div><\/div><\/section><\/div><\/div><div class=\"col-md-4 cs-animation fadeInDown shadow_box shadow_box_2 wpb_animate_when_almost_visible wpb_zoomIn zoomIn wpb_start_animation\"><div class=\"cs-column-inner\"><section class=\"cs-section benefits_col\"><div class=\"container\"><div class=\"row\"><div class=\"col-md-6 front-part\"><div class=\"cs-column-inner\">[vc_custom_heading text=\u00a0\u00bb\u00c9tablissements d&apos;enseignement\u00a0\u00bb font_container=\u00a0\u00bbtag:h3|text_align:center\u00a0\u00bb use_theme_fonts=\u00a0\u00bbyes\u00a0\u00bb css=\u00a0\u00bb\u00a0\u00bb el_class=\u00a0\u00bbhide_on_hover\u00a0\u00bb]<div class=\"cs-column-text show_on_hover\"><p style=\"text-align: center;\">Fournir des solutions de chauffage efficaces pour les campus et les installations de recherche.<\/p>\n<\/div><\/div><\/div><div class=\"col-md-6 back-part\"><div class=\"cs-column-inner\"><div class=\"cs-column-text show_on_hover\"><p style=\"text-align: center;\">Fournir des solutions de chauffage efficaces pour les campus et les installations de recherche.<\/p>\n<\/div><\/div><\/div><\/div><\/div><\/section><\/div><\/div><div class=\"col-md-4 cs-animation fadeInUp shadow_box shadow_box_3 wpb_animate_when_almost_visible wpb_zoomIn zoomIn wpb_start_animation\"><div class=\"cs-column-inner\"><section class=\"cs-section benefits_col\"><div class=\"container\"><div class=\"row\"><div class=\"col-md-6 front-part\"><div class=\"cs-column-inner\">[vc_custom_heading text=\u00a0\u00bbUsines de fabrication\u00a0\u00bb font_container=\u00a0\u00bbtag:h3|text_align:center\u00a0\u00bb use_theme_fonts=\u00a0\u00bbyes\u00a0\u00bb css=\u00a0\u00bb\u00a0\u00bb el_class=\u00a0\u00bbhide_on_hover\u00a0\u00bb]<div class=\"cs-column-text show_on_hover\"><p style=\"text-align: center;\">Fournir une vapeur constante pour divers processus de production.<\/p>\n<\/div><\/div><\/div><div class=\"col-md-6 back-part\"><div class=\"cs-column-inner\"><div class=\"cs-column-text show_on_hover\"><p style=\"text-align: center;\">Fournir une vapeur constante pour divers processus de production.<\/p>\n<\/div><\/div><\/div><\/div><\/div><\/section><\/div><\/div><div class=\"col-md-4 cs-animation fadeInDown shadow_box shadow_box_4 wpb_animate_when_almost_visible wpb_zoomIn zoomIn wpb_start_animation\"><div class=\"cs-column-inner\"><section class=\"cs-section benefits_col\"><div class=\"container\"><div class=\"row\"><div class=\"col-md-6 front-part\"><div class=\"cs-column-inner\">[vc_custom_heading text=\u00a0\u00bbProduction d&apos;\u00e9lectricit\u00e9\u00a0\u00bb font_container=\u00a0\u00bbtag:h3|text_align:center\u00a0\u00bb use_theme_fonts=\u00a0\u00bbyes\u00a0\u00bb css=\u00a0\u00bb\u00a0\u00bb el_class=\u00a0\u00bbhide_on_hover\u00a0\u00bb]<div class=\"cs-column-text show_on_hover\"><p style=\"text-align: center;\">Servir de chaudi\u00e8res auxiliaires dans les centrales \u00e9lectriques pour les pics de charge.<\/p>\n<\/div><\/div><\/div><div class=\"col-md-6 back-part\"><div class=\"cs-column-inner\"><div class=\"cs-column-text show_on_hover\"><p style=\"text-align: center;\">Servir de chaudi\u00e8res auxiliaires dans les centrales \u00e9lectriques pour les pics de charge.<\/p>\n<\/div><\/div><\/div><\/div><\/div><\/section><\/div><\/div><div class=\"col-md-4 cs-animation fadeInUp shadow_box shadow_box_5 wpb_animate_when_almost_visible wpb_zoomIn zoomIn wpb_start_animation\"><div class=\"cs-column-inner\"><section class=\"cs-section benefits_col\"><div class=\"container\"><div class=\"row\"><div class=\"col-md-6 front-part\"><div class=\"cs-column-inner\">[vc_custom_heading text=\u00a0\u00bbSyst\u00e8mes de chauffage urbain\u00a0\u00bb font_container=\u00a0\u00bbtag:h3|text_align:center\u00a0\u00bb use_theme_fonts=\u00a0\u00bbyes\u00a0\u00bb css=\u00a0\u00bb\u00a0\u00bb el_class=\u00a0\u00bbhide_on_hover\u00a0\u00bb]<div class=\"cs-column-text show_on_hover\"><p style=\"text-align: center;\">Proposer des solutions de chauffage centralis\u00e9 pour les complexes r\u00e9sidentiels et commerciaux.<\/p>\n<\/div><\/div><\/div><div class=\"col-md-6 back-part\"><div class=\"cs-column-inner\"><div class=\"cs-column-text show_on_hover\"><p style=\"text-align: center;\">Proposer des solutions de chauffage centralis\u00e9 pour les complexes r\u00e9sidentiels et commerciaux.<\/p>\n<\/div><\/div><\/div><\/div><\/div><\/section><\/div><\/div><\/div><\/div><\/section><section class=\"cs-section download_brochure\"><div class=\"container\"><div class=\"row\"><div class=\"col-md-6 cs-animation fadeInUp wpb_animate_when_almost_visible wpb_zoomIn zoomIn wpb_start_animation\"><div class=\"cs-column-inner\"><div class=\"cs-btn-align text-center\"><a href=\"\/wp-content\/uploads\/2025\/07\/Bulletin-CEJS-FR-Rev.-2022-11.pdf\" class=\"cs-btn cs-btn-custom cs-btn-square cs-btn-custom-own cs-btn-lg cs-btn-custom-69fb0df238861\" target=\"_blank\">T\u00e9l\u00e9chargez la brochure du CEJS<\/a><\/div><\/div><\/div><div class=\"col-md-6 cs-animation fadeInUp wpb_animate_when_almost_visible wpb_zoomIn zoomIn wpb_start_animation\"><div class=\"cs-column-inner\"><div class=\"cs-btn-align text-center\"><a href=\"\/wp-content\/uploads\/2025\/07\/Electrode-Steam-Boiler-Specification-FR.pdf\" class=\"cs-btn cs-btn-custom cs-btn-square cs-btn-custom-own cs-btn-lg cs-btn-custom-69fb0df2388ca\" target=\"_blank\">Sp\u00e9cifications  <\/a><\/div><\/div><\/div><\/div><\/div><\/section><section class=\"cs-section lg-padding promise_service_section\" style=\"background-image: url(https:\/\/www.aepthermal.com\/wp-content\/uploads\/2025\/03\/vector.png); background-repeat: no-repeat; background-position: 100% 100%; background-color: rgba(10,10,10,0.01);\"><div class=\"container\"><div class=\"row cs-equal-height cs-equal-height-center\"><div class=\"col-md-6 cs-animation fadeInLeft wpb_animate_when_almost_visible wpb_zoomIn zoomIn wpb_start_animation\"><div class=\"cs-column-inner\">[vc_custom_heading text=\u00a0\u00bbLa promesse d&apos;AEP Thermal\u00a0\u00bb font_container=\u00a0\u00bbtag:h2|font_size:34px|text_align:left|color:%2337393F\u00a0\u00bb use_theme_fonts=\u00a0\u00bbyes\u00a0\u00bb css=\u00a0\u00bb\u00a0\u00bb][vc_separator color=\u00a0\u00bbcustom\u00a0\u00bb align=\u00a0\u00bbalign_left\u00a0\u00bb border_width=\u00a0\u00bb3&Prime; el_width=\u00a0\u00bb70&Prime; css=\u00a0\u00bb\u00a0\u00bb accent_color=\u00a0\u00bb#000080&Prime;]<div class=\"cs-column-text\"><p>Nous promettons de fournir plus que des solutions de chaudi\u00e8res &#8211; nous fournissons des syst\u00e8mes sur mesure, con\u00e7us par des experts, qui favorisent l&rsquo;efficacit\u00e9, la fiabilit\u00e9 et la durabilit\u00e9 dans chaque installation. Notre engagement est d&rsquo;\u00eatre un partenaire de confiance, qui r\u00e9sout les d\u00e9fis les plus complexes avec agilit\u00e9 et innovation, tout en menant l&rsquo;industrie vers un avenir plus propre, aliment\u00e9 par l&rsquo;\u00e9lectricit\u00e9. <\/p>\n<p>Nous garantissons une performance sans faille, une valeur \u00e0 long terme et un avenir plus vert.<\/p>\n<\/div><section class=\"cs-section no-padding promise_service_icon\" style=\"padding:30px 5%;\"><div class=\"container\"><div class=\"row\"><div class=\"col-md-4\"><div class=\"cs-column-inner\">[vc_single_image image=\u00a0\u00bb986&Prime; img_size=\u00a0\u00bbfull\u00a0\u00bb alignment=\u00a0\u00bbcenter\u00a0\u00bb css=\u00a0\u00bb\u00a0\u00bb]<\/div><\/div><div class=\"col-md-4\"><div class=\"cs-column-inner\">[vc_single_image image=\u00a0\u00bb988&Prime; img_size=\u00a0\u00bbfull\u00a0\u00bb alignment=\u00a0\u00bbcenter\u00a0\u00bb css=\u00a0\u00bb\u00a0\u00bb]<\/div><\/div><div class=\"col-md-4\"><div class=\"cs-column-inner\">[vc_single_image image=\u00a0\u00bb990&Prime; img_size=\u00a0\u00bbfull\u00a0\u00bb alignment=\u00a0\u00bbcenter\u00a0\u00bb css=\u00a0\u00bb\u00a0\u00bb]<\/div><\/div><\/div><\/div><\/section><a href=\"\/contact-us\/\" class=\"cs-btn cs-btn-custom cs-btn-square cs-btn-custom-own cs-btn-lg cs-btn-custom-69fb0df238b5b\">Contact Us<\/a><\/div><\/div><div class=\"col-md-6 cs-animation fadeInRight wpb_animate_when_almost_visible wpb_zoomIn zoomIn wpb_start_animation\"><div class=\"cs-column-inner\">[vc_single_image image=\u00a0\u00bb1086&Prime; img_size=\u00a0\u00bbfull\u00a0\u00bb alignment=\u00a0\u00bbcenter\u00a0\u00bb css_animation=\u00a0\u00bbfadeInRight\u00a0\u00bb css=\u00a0\u00bb\u00a0\u00bb]<\/div><\/div><\/div><\/div><\/section>\n","protected":false},"excerpt":{"rendered":"<p><span class=\"entry-read-more\"><a href=\"https:\/\/www.aepthermal.com\/fr\/chaudiere-a-vapeur-de-type-jet\/\" class=\"cs-btn cs-btn-flat cs-btn-rounded cs-btn-xxs cs-btn-flat-accent\">Lire la suite<\/a><\/span><\/p>\n","protected":false},"author":2,"featured_media":0,"parent":0,"menu_order":0,"comment_status":"closed","ping_status":"closed","template":"","meta":{"footnotes":""},"class_list":["post-1311","page","type-page","status-publish","hentry"],"_links":{"self":[{"href":"https:\/\/www.aepthermal.com\/fr\/wp-json\/wp\/v2\/pages\/1311","targetHints":{"allow":["GET"]}}],"collection":[{"href":"https:\/\/www.aepthermal.com\/fr\/wp-json\/wp\/v2\/pages"}],"about":[{"href":"https:\/\/www.aepthermal.com\/fr\/wp-json\/wp\/v2\/types\/page"}],"author":[{"embeddable":true,"href":"https:\/\/www.aepthermal.com\/fr\/wp-json\/wp\/v2\/users\/2"}],"replies":[{"embeddable":true,"href":"https:\/\/www.aepthermal.com\/fr\/wp-json\/wp\/v2\/comments?post=1311"}],"version-history":[{"count":0,"href":"https:\/\/www.aepthermal.com\/fr\/wp-json\/wp\/v2\/pages\/1311\/revisions"}],"wp:attachment":[{"href":"https:\/\/www.aepthermal.com\/fr\/wp-json\/wp\/v2\/media?parent=1311"}],"curies":[{"name":"wp","href":"https:\/\/api.w.org\/{rel}","templated":true}]}}