{"id":1315,"date":"2025-07-10T13:51:21","date_gmt":"2025-07-10T17:51:21","guid":{"rendered":"https:\/\/www.aepthermal.com\/chaudieres-a-vapeur-a-electrodes-immergees\/"},"modified":"2026-03-09T15:14:38","modified_gmt":"2026-03-09T19:14:38","slug":"chaudieres-a-vapeur-a-electrodes-immergees","status":"publish","type":"page","link":"https:\/\/www.aepthermal.com\/fr\/chaudieres-a-vapeur-a-electrodes-immergees\/","title":{"rendered":"Chaudi\u00e8res \u00e0 vapeur \u00e0 \u00e9lectrodes immerg\u00e9es"},"content":{"rendered":"<section class=\"cs-section no-padding cs-full-height inner_page_banner\" style=\"background-image: url(https:\/\/www.aepthermal.com\/wp-content\/uploads\/2025\/04\/iStock-1348078881_Opt.jpg); background-repeat: no-repeat;\" data-full-height-rate=\"75\"><div class=\"container-fluid\"><div class=\"row cs-equal-height cs-equal-height-center\"><div class=\"col-md-6 cs-animation fadeInLeft wpb_animate_when_almost_visible wpb_zoomIn zoomIn wpb_start_animation vc_custom_1744741468126\" style=\"background: radial-gradient(118.86% 123.26% at 73.16% 75%, #85b2ff96 0, #1eba47);\"><div class=\"cs-column-inner\">[vc_empty_space height=\u00a0\u00bb100px\u00a0\u00bb][vc_custom_heading text=\u00a0\u00bbUne technologie de chaudi\u00e8re in\u00e9gal\u00e9e. Fiabilit\u00e9 in\u00e9branlable. Progr\u00e8s durable.\u00a0\u00bb font_container=\u00a0\u00bbtag:h2|font_size:50px|text_align:left|color:%23FFFFFF\u00a0\u00bb use_theme_fonts=\u00a0\u00bbyes\u00a0\u00bb css=\u00a0\u00bb\u00a0\u00bb][vc_empty_space][vc_empty_space height=\u00a0\u00bb100px\u00a0\u00bb]<\/div><\/div><div class=\"col-md-6 vc_custom_1742473025354\"><div class=\"cs-column-inner\"><\/div><\/div><\/div><\/div><\/section><section class=\"cs-section electrode_steam_boiler\"><div class=\"container\"><div class=\"row\"><div class=\"col-md-12\"><div class=\"cs-column-inner\"><section class=\"cs-section possible_uses\"><div class=\"container\"><div class=\"row\"><div class=\"col-md-4 cs-animation fadeInLeft title_img wpb_animate_when_almost_visible wpb_zoomIn zoomIn wpb_start_animation cs-column-background\" style=\" background-image: url(https:\/\/www.aepthermal.com\/wp-content\/uploads\/2025\/04\/Image-Apr-1-2025-04_34_16-PM.jpg);\"><div class=\"cs-column-inner\">[vc_custom_heading text=\u00a0\u00bbChaudi\u00e8re \u00e0 vapeur \u00e0 \u00e9lectrodes immerg\u00e9es haute tension\u00a0\u00bb font_container=\u00a0\u00bbtag:h2|text_align:center\u00a0\u00bb use_theme_fonts=\u00a0\u00bbyes\u00a0\u00bb css=\u00a0\u00bb\u00a0\u00bb]<div class=\"cs-column-text\"><p style=\"text-align: center;\">Les chaudi\u00e8res \u00e0 \u00e9lectrodes utilisent les propri\u00e9t\u00e9s conductrices et r\u00e9sistives de l&rsquo;eau pour transporter le courant \u00e9lectrique et produire de la vapeur. Un courant alternatif circule d&rsquo;une \u00e9lectrode \u00e0 une phase jusqu&rsquo;\u00e0 la terre en utilisant l&rsquo;eau comme conducteur.<\/p>\n<p style=\"text-align: center;\">Ces chaudi\u00e8res \u00e0 \u00e9lectrodes offrent des possibilit\u00e9s d&rsquo;application illimit\u00e9es partout o\u00f9 il existe un besoin de chauffage de processus ou de locaux.<\/p>\n<\/div><a href=\"\/contact-us\/\" class=\"cs-btn cs-btn-custom cs-btn-square cs-btn-custom-own cs-btn-lg cs-btn-custom-69fb0de014d95\" title=\"Contact Us\">Contact Us<\/a><\/div><\/div><div class=\"col-md-8 cs-animation fadeInRight uses wpb_animate_when_almost_visible wpb_zoomIn zoomIn wpb_start_animation\"><div class=\"cs-column-inner\"><div class=\"cs-column-text\"><p><strong>Voici une liste partielle des utilisations possibles :<br \/>\n<\/strong><\/p>\n<ul>\n<li style=\"font-weight: 400;\" aria-level=\"1\"><span style=\"font-weight: 400;\">H\u00f4pitaux, \u00e9coles, h\u00f4tels  <\/span><\/li>\n<li style=\"font-weight: 400;\" aria-level=\"1\"><span style=\"font-weight: 400;\">Restauration et transformation alimentaire<\/span><\/li>\n<li style=\"font-weight: 400;\" aria-level=\"1\"><span style=\"font-weight: 400;\">Usines de v\u00eatements et de textiles  <\/span><\/li>\n<li style=\"font-weight: 400;\" aria-level=\"1\"><span style=\"font-weight: 400;\">Installations industrielles<\/span><\/li>\n<li style=\"font-weight: 400;\" aria-level=\"1\"><span style=\"font-weight: 400;\">Usines de plastique et de produits chimiques  <\/span><\/li>\n<li style=\"font-weight: 400;\" aria-level=\"1\"><span style=\"font-weight: 400;\">Utilitaires de lavage<\/span><\/li>\n<li style=\"font-weight: 400;\" aria-level=\"1\"><span style=\"font-weight: 400;\">Centrales \u00e9lectriques<\/span><\/li>\n<\/ul>\n<\/div><div class=\"cs-column-text\"><p>Les chaudi\u00e8res \u00e0 \u00e9lectrodes utilisent les propri\u00e9t\u00e9s conductrices et r\u00e9sistives de l&rsquo;eau pour transporter le courant \u00e9lectrique et produire de la vapeur. Un courant alternatif circule d&rsquo;une \u00e9lectrode \u00e0 une phase jusqu&rsquo;\u00e0 la terre en utilisant l&rsquo;eau comme conducteur.<\/p>\n<\/div><div class=\"cs-column-text\"><p><strong>Exigences \u00e9lectriques<\/strong><\/p>\n<p>Les chaudi\u00e8res CEJWS sont con\u00e7ues pour \u00eatre utilis\u00e9es sur une distribution triphas\u00e9e \u00e0 4 fils (ou triphas\u00e9e \u00e0 3 fils avec une connexion sp\u00e9ciale de mise \u00e0 la terre) jusqu&rsquo;au disjoncteur. L&rsquo;enveloppe et la cage de la chaudi\u00e8re doivent \u00eatre mises \u00e0 la terre sur l&rsquo;acier du b\u00e2timent et le tapis de terre.<\/p>\n<\/div><\/div><\/div><\/div><\/div><\/section><\/div><\/div><\/div><\/div><\/section><section class=\"cs-section key_adv_fet\"><div class=\"container\"><div class=\"row\"><div class=\"col-md-7 cs-animation fadeInLeft key_adv_fet_content wpb_animate_when_almost_visible wpb_zoomIn zoomIn wpb_start_animation\"><div class=\"cs-column-inner\">[vc_custom_heading text=\u00a0\u00bbPrincipaux avantages et caract\u00e9ristiques\u00a0\u00bb font_container=\u00a0\u00bbtag:h2|text_align:left|color:%2337393F\u00a0\u00bb use_theme_fonts=\u00a0\u00bbyes\u00a0\u00bb css=\u00a0\u00bb\u00a0\u00bb][vc_separator color=\u00a0\u00bbcustom\u00a0\u00bb align=\u00a0\u00bbalign_left\u00a0\u00bb border_width=\u00a0\u00bb3&Prime; el_width=\u00a0\u00bb70&Prime; css=\u00a0\u00bb\u00a0\u00bb accent_color=\u00a0\u00bb#000080&Prime;]<div class=\"cs-column-text\"><div class=\"adv_fet\">\n<h4>Utiliser l&rsquo;eau comme conducteur<\/h4>\n<p>Les chaudi\u00e8res \u00e0 \u00e9lectrodes utilisent les propri\u00e9t\u00e9s conductrices et r\u00e9sistives de l&rsquo;eau pour transporter le courant \u00e9lectrique et g\u00e9n\u00e9rer de la vapeur. Un courant alternatif circule d&rsquo;une \u00e9lectrode \u00e0 une phase vers la contre-\u00e9lectrode mise \u00e0 la terre en utilisant l&rsquo;eau comme conducteur.\n<\/p><\/div>\n<div class=\"adv_fet\">\n<h4>100% de l&rsquo;\u00e9nergie \u00e9lectrique est convertie en chaleur<\/h4>\n<p>Dans la vue en coupe de la chaudi\u00e8re, le flux de refroidissement de l&rsquo;eau est fourni par la pompe de recirculation et est pouss\u00e9 \u00e0 travers trois tuyaux de guidage de jet autour des \u00e9lectrodes. L&rsquo;eau \u00e9tant la r\u00e9sistance \u00e9lectrique, ce flux de courant g\u00e9n\u00e8re de la chaleur directement dans l&rsquo;eau elle-m\u00eame. Plus le courant (amp\u00e8res) circule, plus la chaleur (BTU) est g\u00e9n\u00e9r\u00e9e et plus la vapeur est produite. Presque 100 % de l&rsquo;\u00e9nergie \u00e9lectrique est convertie en chaleur.\n<\/p><\/div>\n<div class=\"adv_fet\">\n<h4>La quantit\u00e9 de vapeur g\u00e9n\u00e9r\u00e9e est compens\u00e9e<\/h4>\n<p>La quantit\u00e9 de vapeur g\u00e9n\u00e9r\u00e9e est compens\u00e9e par le syst\u00e8me d&rsquo;eau d&rsquo;alimentation qui est ajout\u00e9 au flux d&rsquo;eau de recirculation afin de renforcer les effets de refroidissement sur les \u00e9lectrodes. Un syst\u00e8me de commande \u00e9lectronique est utilis\u00e9 pour interposer un \u00e9cran isolant concentrique entre l&rsquo;\u00e9lectrode et la contre-\u00e9lectrode neutre. Le mouvement de l&rsquo;\u00e9cran augmente l&rsquo;exposition entre l&rsquo;\u00e9lectrode et la contre-\u00e9lectrode, ce qui entra\u00eene une augmentation du courant entre les deux. L&rsquo;\u00e9cran de protection peut r\u00e9duire la puissance de la chaudi\u00e8re d&rsquo;environ 10 %, soit un rapport de r\u00e9duction de 10:1. L&rsquo;alimentation \u00e9lectrique doit \u00eatre interrompue pour r\u00e9duire la puissance de la chaudi\u00e8re \u00e0 moins de 10 %.\n<\/p><\/div>\n<\/div><a href=\"\/contact-us\/\" class=\"cs-btn cs-btn-custom cs-btn-square cs-btn-custom-own cs-btn-lg cs-btn-custom-69fb0de01515e\">Contact Us<\/a><\/div><\/div><div class=\"col-md-5 cs-animation fadeInRight key_adv_fet_img wpb_animate_when_almost_visible wpb_zoomIn zoomIn wpb_start_animation\"><div class=\"cs-column-inner\">[vc_single_image image=\u00a0\u00bb1096&Prime; img_size=\u00a0\u00bbfull\u00a0\u00bb css=\u00a0\u00bb\u00a0\u00bb]<\/div><\/div><\/div><\/div><\/section><section class=\"cs-section benefits_section\" style=\"background-image: url(https:\/\/www.aepthermal.com\/wp-content\/uploads\/2025\/04\/Image-Apr-1-2025-04_31_44-PM.jpg);\"><div class=\"container\"><div class=\"row\"><div class=\"col-md-4 cs-animation fadeInUp shadow_box shadow_box_1 wpb_animate_when_almost_visible wpb_zoomIn zoomIn wpb_start_animation\"><div class=\"cs-column-inner\"><section class=\"cs-section benefits_col\"><div class=\"container\"><div class=\"row\"><div class=\"col-md-6 front-part\"><div class=\"cs-column-inner\">[vc_custom_heading text=\u00a0\u00bbHAUTE PERFORMANCE\u00a0\u00bb font_container=\u00a0\u00bbtag:h3|text_align:center\u00a0\u00bb use_theme_fonts=\u00a0\u00bbyes\u00a0\u00bb css=\u00a0\u00bb\u00a0\u00bb el_class=\u00a0\u00bbhide_on_hover\u00a0\u00bb]<div class=\"cs-column-text\"><p style=\"text-align: center;\">Convertit pratiquement 99,5 % de l&rsquo;\u00e9nergie \u00e9lectrique en chaleur. R\u00e9ponse rapide (pleine charge dans les 30-40 minutes suivant le d\u00e9marrage \u00e0 froid ou dans la minute suivant le d\u00e9marrage \u00e0 chaud).<\/p>\n<\/div><\/div><\/div><div class=\"col-md-6 back-part\"><div class=\"cs-column-inner\"><div class=\"cs-column-text show_on_hover\"><p style=\"text-align: center;\">Convertit pratiquement 99,5 % de l&rsquo;\u00e9nergie \u00e9lectrique en chaleur. R\u00e9ponse rapide (pleine charge dans les 30-40 minutes suivant le d\u00e9marrage \u00e0 froid ou dans la minute suivant le d\u00e9marrage \u00e0 chaud).<\/p>\n<\/div><\/div><\/div><\/div><\/div><\/section><\/div><\/div><div class=\"col-md-4 cs-animation fadeInDown shadow_box shadow_box_2 wpb_animate_when_almost_visible wpb_zoomIn zoomIn wpb_start_animation\"><div class=\"cs-column-inner\"><section class=\"cs-section benefits_col\"><div class=\"container\"><div class=\"row\"><div class=\"col-md-6 front-part\"><div class=\"cs-column-inner\">[vc_custom_heading text=\u00a0\u00bbINSTALLATION \u00c9CONOMIQUE\u00a0\u00bb font_container=\u00a0\u00bbtag:h3|text_align:center\u00a0\u00bb use_theme_fonts=\u00a0\u00bbyes\u00a0\u00bb css=\u00a0\u00bb\u00a0\u00bb el_class=\u00a0\u00bbhide_on_hover\u00a0\u00bb]<div class=\"cs-column-text show_on_hover\"><p style=\"text-align: center;\">Fonctionnement \u00e0 des tensions de distribution, \u00e9liminant le besoin de conduites de carburant, d&rsquo;\u00e9quipements de stockage et de manutention, d&rsquo;\u00e9conomiseurs et d&rsquo;\u00e9quipements de contr\u00f4le des \u00e9missions, ce qui permet d&rsquo;\u00e9conomiser sur les d\u00e9penses d&rsquo;investissement.<\/p>\n<\/div><\/div><\/div><div class=\"col-md-6 back-part\"><div class=\"cs-column-inner\"><div class=\"cs-column-text show_on_hover\"><p style=\"text-align: center;\">Fonctionnement \u00e0 des tensions de distribution, \u00e9liminant le besoin de conduites de carburant, d&rsquo;\u00e9quipements de stockage et de manutention, d&rsquo;\u00e9conomiseurs et d&rsquo;\u00e9quipements de contr\u00f4le des \u00e9missions, ce qui permet d&rsquo;\u00e9conomiser sur les d\u00e9penses d&rsquo;investissement.<\/p>\n<\/div><\/div><\/div><\/div><\/div><\/section><\/div><\/div><div class=\"col-md-4 cs-animation fadeInUp shadow_box shadow_box_3 wpb_animate_when_almost_visible wpb_zoomIn zoomIn wpb_start_animation\"><div class=\"cs-column-inner\"><section class=\"cs-section benefits_col\"><div class=\"container\"><div class=\"row\"><div class=\"col-md-6 front-part\"><div class=\"cs-column-inner\">[vc_custom_heading text=\u00a0\u00bbENTRETIEN MINIMAL\u00a0\u00bb font_container=\u00a0\u00bbtag:h3|text_align:center\u00a0\u00bb use_theme_fonts=\u00a0\u00bbyes\u00a0\u00bb css=\u00a0\u00bb\u00a0\u00bb el_class=\u00a0\u00bbhide_on_hover\u00a0\u00bb]<div class=\"cs-column-text show_on_hover\"><p style=\"text-align: center;\">Les \u00e9lectrodes \u00e0 longue dur\u00e9e de vie sont refroidies par des jets d&rsquo;eau produits par une pompe \u00e0 boucle int\u00e9gr\u00e9e. Le nombre minimum de composants et de commandes \u00e9lectriques assure une fiabilit\u00e9 maximale. Sans combustible, le nettoyage et l&rsquo;entretien sont r\u00e9duits.<\/p>\n<\/div><\/div><\/div><div class=\"col-md-6 back-part\"><div class=\"cs-column-inner\"><div class=\"cs-column-text show_on_hover\"><p style=\"text-align: center;\">Les \u00e9lectrodes \u00e0 longue dur\u00e9e de vie sont refroidies par des jets d&rsquo;eau produits par une pompe \u00e0 boucle int\u00e9gr\u00e9e. Le nombre minimum de composants et de commandes \u00e9lectriques assure une fiabilit\u00e9 maximale. Sans combustible, le nettoyage et l&rsquo;entretien sont r\u00e9duits.<\/p>\n<\/div><\/div><\/div><\/div><\/div><\/section><\/div><\/div><div class=\"col-md-4 cs-animation fadeInDown shadow_box shadow_box_4 wpb_animate_when_almost_visible wpb_zoomIn zoomIn wpb_start_animation\"><div class=\"cs-column-inner\"><section class=\"cs-section benefits_col\"><div class=\"container\"><div class=\"row\"><div class=\"col-md-6 front-part\"><div class=\"cs-column-inner\">[vc_custom_heading text=\u00a0\u00bbDES CO\u00dbTS D&apos;EXPLOITATION R\u00c9DUITS\u00a0\u00bb font_container=\u00a0\u00bbtag:h3|text_align:center\u00a0\u00bb use_theme_fonts=\u00a0\u00bbyes\u00a0\u00bb css=\u00a0\u00bb\u00a0\u00bb el_class=\u00a0\u00bbhide_on_hover\u00a0\u00bb]<div class=\"cs-column-text show_on_hover\"><p style=\"text-align: center;\">Facile \u00e0 utiliser et \u00e0 entretenir. Les commandes automatiques r\u00e9duisent les besoins en personnel d&rsquo;exploitation.<\/p>\n<\/div><\/div><\/div><div class=\"col-md-6 back-part\"><div class=\"cs-column-inner\"><div class=\"cs-column-text show_on_hover\"><p style=\"text-align: center;\">Facile \u00e0 utiliser et \u00e0 entretenir. Les commandes automatiques r\u00e9duisent les besoins en personnel d&rsquo;exploitation.<\/p>\n<\/div><\/div><\/div><\/div><\/div><\/section><\/div><\/div><div class=\"col-md-4 cs-animation fadeInUp shadow_box shadow_box_5 wpb_animate_when_almost_visible wpb_zoomIn zoomIn wpb_start_animation\"><div class=\"cs-column-inner\"><section class=\"cs-section benefits_col\"><div class=\"container\"><div class=\"row\"><div class=\"col-md-6 front-part\"><div class=\"cs-column-inner\">[vc_custom_heading text=\u00a0\u00bbR\u00c9SOUT LES PROBL\u00c8MES D&apos;\u00c9NERGIE\u00a0\u00bb font_container=\u00a0\u00bbtag:h3|text_align:center\u00a0\u00bb use_theme_fonts=\u00a0\u00bbyes\u00a0\u00bb css=\u00a0\u00bb\u00a0\u00bb el_class=\u00a0\u00bbhide_on_hover\u00a0\u00bb]<div class=\"cs-column-text show_on_hover\"><p style=\"text-align: center;\">Dans les r\u00e9gions touch\u00e9es par des allocations ou des interruptions de gaz naturel et de p\u00e9trole co\u00fbteux, les chaudi\u00e8res \u00e0 \u00e9lectrodes d&rsquo;alimentation constituent une source fiable de vapeur. Elles constituent une alternative propre et facile \u00e0 utiliser aux combustibles fossiles.<\/p>\n<\/div><\/div><\/div><div class=\"col-md-6 back-part\"><div class=\"cs-column-inner\"><div class=\"cs-column-text show_on_hover\"><p style=\"text-align: center;\">Dans les r\u00e9gions touch\u00e9es par des allocations ou des interruptions de gaz naturel et de p\u00e9trole co\u00fbteux, les chaudi\u00e8res \u00e0 \u00e9lectrodes d&rsquo;alimentation constituent une source fiable de vapeur. Elles constituent une alternative propre et facile \u00e0 utiliser aux combustibles fossiles.<\/p>\n<\/div><\/div><\/div><\/div><\/div><\/section><\/div><\/div><div class=\"col-md-4 cs-animation fadeInDown shadow_box shadow_box_6 wpb_animate_when_almost_visible wpb_zoomIn zoomIn wpb_start_animation\"><div class=\"cs-column-inner\"><section class=\"cs-section benefits_col\"><div class=\"container\"><div class=\"row\"><div class=\"col-md-6 front-part\"><div class=\"cs-column-inner\">[vc_custom_heading text=\u00a0\u00bbFONCTIONNEMENT PLUS S\u00dbR\u00a0\u00bb font_container=\u00a0\u00bbtag:h3|text_align:center\u00a0\u00bb use_theme_fonts=\u00a0\u00bbyes\u00a0\u00bb css=\u00a0\u00bb\u00a0\u00bb el_class=\u00a0\u00bbhide_on_hover\u00a0\u00bb]<div class=\"cs-column-text show_on_hover\"><p style=\"text-align: center;\">Il n&rsquo;y a pas de flammes, de fum\u00e9es, de conduites de carburant ou de r\u00e9servoirs de stockage. Il n&rsquo;y a pas de risque de manque d&rsquo;eau puisque le courant ne peut pas circuler sans eau. Le choc thermique est \u00e9limin\u00e9. S\u00e9curit\u00e9 \u00e9lectrique gr\u00e2ce \u00e0 la mise \u00e0 la terre du r\u00e9servoir sous pression.<\/p>\n<\/div><\/div><\/div><div class=\"col-md-6 back-part\"><div class=\"cs-column-inner\"><div class=\"cs-column-text show_on_hover\"><p style=\"text-align: center;\">Il n&rsquo;y a pas de flammes, de fum\u00e9es, de conduites de carburant ou de r\u00e9servoirs de stockage. Il n&rsquo;y a pas de risque de manque d&rsquo;eau puisque le courant ne peut pas circuler sans eau. Le choc thermique est \u00e9limin\u00e9. S\u00e9curit\u00e9 \u00e9lectrique gr\u00e2ce \u00e0 la mise \u00e0 la terre du r\u00e9servoir sous pression.<\/p>\n<\/div><\/div><\/div><\/div><\/div><\/section><\/div><\/div><\/div><\/div><\/section><section class=\"cs-section download_brochure\"><div class=\"container\"><div class=\"row\"><div class=\"col-md-12 cs-animation fadeInUp wpb_animate_when_almost_visible wpb_zoomIn zoomIn wpb_start_animation\"><div class=\"cs-column-inner\"><div class=\"cs-btn-align text-center\"><a href=\"\/wp-content\/uploads\/2025\/07\/Bulletin-CEJWS-FR-Rev.2022-05.pdf\" class=\"cs-btn cs-btn-custom cs-btn-square cs-btn-custom-own cs-btn-lg cs-btn-custom-69fb0de017d1a\" target=\"_blank\">T\u00e9l\u00e9chargez la brochure du CEJWS  <\/a><\/div><\/div><\/div><\/div><\/div><\/section><section class=\"cs-section lg-padding promise_service_section\" style=\"background-image: url(https:\/\/www.aepthermal.com\/wp-content\/uploads\/2025\/03\/vector.png); background-repeat: no-repeat; background-position: 100% 100%; background-color: rgba(10,10,10,0.01);\"><div class=\"container\"><div class=\"row cs-equal-height cs-equal-height-center\"><div class=\"col-md-6 cs-animation fadeInLeft wpb_animate_when_almost_visible wpb_zoomIn zoomIn wpb_start_animation\"><div class=\"cs-column-inner\">[vc_custom_heading text=\u00a0\u00bbLa promesse d&apos;AEP Thermal\u00a0\u00bb font_container=\u00a0\u00bbtag:h2|font_size:34px|text_align:left|color:%2337393F\u00a0\u00bb use_theme_fonts=\u00a0\u00bbyes\u00a0\u00bb css=\u00a0\u00bb\u00a0\u00bb][vc_separator color=\u00a0\u00bbcustom\u00a0\u00bb align=\u00a0\u00bbalign_left\u00a0\u00bb border_width=\u00a0\u00bb3&Prime; el_width=\u00a0\u00bb70&Prime; css=\u00a0\u00bb\u00a0\u00bb accent_color=\u00a0\u00bb#000080&Prime;]<div class=\"cs-column-text\"><p>Nous promettons de fournir plus que des solutions de chaudi\u00e8res &#8211; nous fournissons des syst\u00e8mes sur mesure, con\u00e7us par des experts, qui favorisent l&rsquo;efficacit\u00e9, la fiabilit\u00e9 et la durabilit\u00e9 dans chaque installation. Notre engagement est d&rsquo;\u00eatre un partenaire de confiance, qui r\u00e9sout les d\u00e9fis les plus complexes avec agilit\u00e9 et innovation, tout en menant l&rsquo;industrie vers un avenir plus propre, aliment\u00e9 par l&rsquo;\u00e9lectricit\u00e9. <\/p>\n<p>Nous garantissons une performance sans faille, une valeur \u00e0 long terme et un avenir plus vert.<\/p>\n<\/div><section class=\"cs-section no-padding promise_service_icon\" style=\"padding:30px 5%;\"><div class=\"container\"><div class=\"row\"><div class=\"col-md-4\"><div class=\"cs-column-inner\">[vc_single_image image=\u00a0\u00bb986&Prime; img_size=\u00a0\u00bbfull\u00a0\u00bb alignment=\u00a0\u00bbcenter\u00a0\u00bb css=\u00a0\u00bb\u00a0\u00bb]<\/div><\/div><div class=\"col-md-4\"><div class=\"cs-column-inner\">[vc_single_image image=\u00a0\u00bb988&Prime; img_size=\u00a0\u00bbfull\u00a0\u00bb alignment=\u00a0\u00bbcenter\u00a0\u00bb css=\u00a0\u00bb\u00a0\u00bb]<\/div><\/div><div class=\"col-md-4\"><div class=\"cs-column-inner\">[vc_single_image image=\u00a0\u00bb990&Prime; img_size=\u00a0\u00bbfull\u00a0\u00bb alignment=\u00a0\u00bbcenter\u00a0\u00bb css=\u00a0\u00bb\u00a0\u00bb]<\/div><\/div><\/div><\/div><\/section><\/div><\/div><div class=\"col-md-6 cs-animation fadeInRight wpb_animate_when_almost_visible wpb_zoomIn zoomIn wpb_start_animation\"><div class=\"cs-column-inner\">[vc_single_image image=\u00a0\u00bb1086&Prime; img_size=\u00a0\u00bbfull\u00a0\u00bb alignment=\u00a0\u00bbcenter\u00a0\u00bb css_animation=\u00a0\u00bbfadeInRight\u00a0\u00bb css=\u00a0\u00bb\u00a0\u00bb]<\/div><\/div><\/div><\/div><\/section>\n","protected":false},"excerpt":{"rendered":"<p><span class=\"entry-read-more\"><a href=\"https:\/\/www.aepthermal.com\/fr\/chaudieres-a-vapeur-a-electrodes-immergees\/\" class=\"cs-btn cs-btn-flat cs-btn-rounded cs-btn-xxs cs-btn-flat-accent\">Lire la suite<\/a><\/span><\/p>\n","protected":false},"author":2,"featured_media":0,"parent":0,"menu_order":0,"comment_status":"closed","ping_status":"closed","template":"","meta":{"footnotes":""},"class_list":["post-1315","page","type-page","status-publish","hentry"],"_links":{"self":[{"href":"https:\/\/www.aepthermal.com\/fr\/wp-json\/wp\/v2\/pages\/1315","targetHints":{"allow":["GET"]}}],"collection":[{"href":"https:\/\/www.aepthermal.com\/fr\/wp-json\/wp\/v2\/pages"}],"about":[{"href":"https:\/\/www.aepthermal.com\/fr\/wp-json\/wp\/v2\/types\/page"}],"author":[{"embeddable":true,"href":"https:\/\/www.aepthermal.com\/fr\/wp-json\/wp\/v2\/users\/2"}],"replies":[{"embeddable":true,"href":"https:\/\/www.aepthermal.com\/fr\/wp-json\/wp\/v2\/comments?post=1315"}],"version-history":[{"count":0,"href":"https:\/\/www.aepthermal.com\/fr\/wp-json\/wp\/v2\/pages\/1315\/revisions"}],"wp:attachment":[{"href":"https:\/\/www.aepthermal.com\/fr\/wp-json\/wp\/v2\/media?parent=1315"}],"curies":[{"name":"wp","href":"https:\/\/api.w.org\/{rel}","templated":true}]}}