{"id":1318,"date":"2025-07-10T13:56:19","date_gmt":"2025-07-10T17:56:19","guid":{"rendered":"https:\/\/www.aepthermal.com\/chaudieres-a-haute-tension\/"},"modified":"2026-03-09T15:14:14","modified_gmt":"2026-03-09T19:14:14","slug":"chaudieres-a-haute-tension","status":"publish","type":"page","link":"https:\/\/www.aepthermal.com\/fr\/chaudieres-a-haute-tension\/","title":{"rendered":"Chaudi\u00e8res \u00e0 haute tension"},"content":{"rendered":"<section class=\"cs-section no-padding cs-full-height inner_page_banner\" style=\"background-image: url(\/wp-content\/uploads\/2025\/04\/iStock-1353967009_opt.jpg); background-repeat: no-repeat;\" data-full-height-rate=\"75\"><div class=\"container-fluid\"><div class=\"row cs-equal-height cs-equal-height-center\"><div class=\"col-md-6 cs-animation fadeInLeft wpb_animate_when_almost_visible wpb_zoomIn zoomIn wpb_start_animation vc_custom_1744741468126\" style=\"background: radial-gradient(118.86% 123.26% at 73.16% 75%, #85b2ff96 0, #1eba47);\"><div class=\"cs-column-inner\">[vc_empty_space height=\u00a0\u00bb100px\u00a0\u00bb][vc_custom_heading text=\u00a0\u00bbAlimenter les industries et les institutions de mani\u00e8re efficace et durable.\u00a0\u00bb font_container=\u00a0\u00bbtag:h2|font_size:50px|text_align:left|color:%23FFFFFF\u00a0\u00bb use_theme_fonts=\u00a0\u00bbyes\u00a0\u00bb css=\u00a0\u00bb\u00a0\u00bb][vc_empty_space][vc_empty_space height=\u00a0\u00bb100px\u00a0\u00bb]<\/div><\/div><div class=\"col-md-6 vc_custom_1742473025354\"><div class=\"cs-column-inner\"><\/div><\/div><\/div><\/div><\/section><section class=\"cs-section cs-parallax custom-padding cs-section-cover-bg video_section\" style=\"background-image: url(\/wp-content\/uploads\/2025\/04\/ACME_ClientSS.jpg); background-repeat: no-repeat; padding-top: 130px; padding-bottom:130px;display:none;\"><div class=\"container\"><div class=\"row\"><div class=\"col-md-6 cs-animation fadeInLeft wpb_animate_when_almost_visible wpb_zoomIn zoomIn wpb_start_animation\"><div class=\"cs-column-inner\">[vc_custom_heading text=\u00a0\u00bbSolutions avanc\u00e9es pour les chaudi\u00e8res \u00e0 \u00e9lectrodes\u00a0\u00bb font_container=\u00a0\u00bbtag:h2|text_align:left|color:%23FFFFFF\u00a0\u00bb use_theme_fonts=\u00a0\u00bbyes\u00a0\u00bb css=\u00a0\u00bb\u00a0\u00bb][vc_separator color=\u00a0\u00bbcustom\u00a0\u00bb align=\u00a0\u00bbalign_left\u00a0\u00bb border_width=\u00a0\u00bb3&Prime; el_width=\u00a0\u00bb80&Prime; css=\u00a0\u00bb\u00a0\u00bb accent_color=\u00a0\u00bb#FFFFFF\u00a0\u00bb]<div class=\"cs-column-text vc_custom_1744803720600\"><p>A.E.P. Thermal Inc. se sp\u00e9cialise dans les chaudi\u00e8res \u00e0 \u00e9lectrodes \u00e0 haute tension de pointe, con\u00e7ues pour l&rsquo;efficacit\u00e9, la fiabilit\u00e9 et la durabilit\u00e9. Avec des d\u00e9cennies d&rsquo;expertise dans la fabrication m\u00e9canique, \u00e9lectrique et \u00e9lectronique, nous fournissons des solutions de chauffage innovantes qui r\u00e9pondent aux besoins de diverses industries. Nos trois mod\u00e8les distincts de chaudi\u00e8res offrent des options flexibles et \u00e9conomes en \u00e9nergie pour la production de vapeur et d&rsquo;eau chaude, aidant les entreprises \u00e0 r\u00e9duire leurs co\u00fbts d&rsquo;exploitation et leur impact sur l&rsquo;environnement.<\/p>\n<\/div><a href=\"\/wp-content\/uploads\/2025\/04\/Leaner-Cleaner-Electrode-Boiler-Subtitulos-Espanol-1-1-1.mp4\" class=\"cs-btn cs-btn-flat cs-btn-square cs-btn-flat-accent cs-btn-lg\" target=\"_blank\"><i class=\"cs-in fa fa-play\"><\/i>Watch video<\/a><\/div><\/div><div class=\"col-md-6\"><div class=\"cs-column-inner\"><\/div><\/div><\/div><\/div><div class=\"section-overlay\" style=\"background-color:rgba(0, 0, 0, 0.5);\"><\/div><\/section><section class=\"cs-section video_section\"><div class=\"container\"><div class=\"row\"><div class=\"col-md-12\"><div class=\"cs-column-inner\">[vc_custom_heading text=\u00a0\u00bbSolutions avanc\u00e9es pour les chaudi\u00e8res \u00e0 \u00e9lectrodes\u00a0\u00bb font_container=\u00a0\u00bbtag:h2|text_align:center|color:%23111111&Prime; use_theme_fonts=\u00a0\u00bbyes\u00a0\u00bb css=\u00a0\u00bb\u00a0\u00bb][vc_separator color=\u00a0\u00bbcustom\u00a0\u00bb border_width=\u00a0\u00bb3&Prime; el_width=\u00a0\u00bb80&Prime; css=\u00a0\u00bb\u00a0\u00bb accent_color=\u00a0\u00bb#000080&Prime;]<section class=\"cs-section video_section_desc_wrapper\" style=\"background-image: url(\/wp-content\/uploads\/2025\/04\/ACME_ClientSS.jpg); background-repeat: no-repeat;\"><div class=\"container\"><div class=\"row\"><div class=\"col-md-6 video_section_desc\"><div class=\"cs-column-inner\"><div class=\"cs-column-text vc_custom_1751350288316\"><p>Chez A.E.P. Thermal Inc. nous nous sp\u00e9cialisons dans les chaudi\u00e8res \u00e0 \u00e9lectrodes \u00e0 haute tension con\u00e7ues pour l&rsquo;efficacit\u00e9, la fiabilit\u00e9 et la durabilit\u00e9.<br \/>\nAvec des d\u00e9cennies d&rsquo;expertise dans la fabrication m\u00e9canique, \u00e9lectrique et \u00e9lectronique, nous fournissons des solutions de chauffage innovantes qui r\u00e9pondent aux besoins de diverses industries.<\/p>\n<p>Nos trois mod\u00e8les distincts de chaudi\u00e8res offrent des options flexibles et \u00e9co\u00e9nerg\u00e9tiques pour la production de vapeur et d&rsquo;eau chaude, aidant les entreprises \u00e0 r\u00e9duire les co\u00fbts op\u00e9rationnels et l&rsquo;impact sur l&rsquo;environnement.<\/p>\n<\/div><\/div><\/div><div class=\"col-md-6 video_section_btn\"><div class=\"cs-column-inner\"><a href=\"\/wp-content\/uploads\/2025\/04\/Leaner-Cleaner-Electrode-Boiler-Subtitulos-Espanol-1-1-1.mp4|target\" class=\"cs-btn cs-btn-flat cs-btn-square cs-btn-flat-accent cs-btn-lg\"><i class=\"cs-in fa fa-play\"><\/i>Voir la vid\u00e9o<\/a><\/div><\/div><\/div><\/div><\/section><\/div><\/div><\/div><\/div><\/section><section class=\"cs-section features_benefits_wrapper\" style=\"background-color:transparent;\"><div class=\"container\"><div class=\"row\"><div class=\"col-md-12 cs-animation fadeInUp wpb_animate_when_almost_visible wpb_zoomIn zoomIn wpb_start_animation\"><div class=\"cs-column-inner\">[vc_custom_heading text=\u00a0\u00bbChaudi\u00e8re \u00e0 eau chaude \u00e0 \u00e9lectrodes immerg\u00e9es &#8211; S\u00e9rie CEJW\u00a0\u00bb font_container=\u00a0\u00bbtag:h2|text_align:center|color:%23111111&Prime; use_theme_fonts=\u00a0\u00bbyes\u00a0\u00bb css=\u00a0\u00bb\u00a0\u00bb][vc_separator color=\u00a0\u00bbcustom\u00a0\u00bb border_width=\u00a0\u00bb3&Prime; el_width=\u00a0\u00bb80&Prime; css=\u00a0\u00bb\u00a0\u00bb accent_color=\u00a0\u00bb#000080&Prime;]<div class=\"cs-column-text\"><p style=\"text-align: center;\">Le <strong>mod\u00e8le CEJW<\/strong> est con\u00e7u pour fonctionner avec de l&rsquo;eau inond\u00e9e \u00e0 des niveaux de conductivit\u00e9 s\u00e9lectionn\u00e9s, garantissant une efficacit\u00e9 optimale pour les applications de chauffage de processus et de locaux. Ces chaudi\u00e8res sont id\u00e9ales pour les industries qui ont besoin d&rsquo;un approvisionnement en eau chaude constant et fiable tout en maintenant l&rsquo;efficacit\u00e9 \u00e9nerg\u00e9tique. <\/p>\n<\/div><section class=\"cs-section content_box\"><div class=\"container\"><div class=\"row\"><div class=\"col-md-12 cs-animation fadeInLeft wpb_animate_when_almost_visible wpb_zoomIn zoomIn wpb_start_animation\"><div class=\"cs-column-inner\">[vc_single_image image=\u00a0\u00bb1058&Prime; img_size=\u00a0\u00bbfull\u00a0\u00bb css=\u00a0\u00bb\u00a0\u00bb]<div class=\"cs-column-text\"><p><strong>Caract\u00e9ristiques principales :<\/strong><\/p>\n<ul>\n<li><strong>Rendement \u00e9lev\u00e9<\/strong>: Convertit pratiquement 100 % de l&rsquo;\u00e9nergie \u00e9lectrique en chaleur, maximisant ainsi l&rsquo;utilisation de l&rsquo;\u00e9nergie.<\/li>\n<li><strong>Contr\u00f4les automatiques<\/strong>: Les contr\u00f4les automatiques de la charge et de la temp\u00e9rature permettent une r\u00e9gulation en continu sur une plage de puissance allant de 10 % \u00e0 100 %.<\/li>\n<li><strong>Applications polyvalentes<\/strong>: Convient \u00e0 un large \u00e9ventail d&rsquo;industries, notamment :\n<ul>\n<li>Immeubles de bureaux et d&rsquo;appartements<\/li>\n<li>H\u00f4pitaux, \u00e9coles et h\u00f4tels<\/li>\n<li>Usines de transformation des aliments<\/li>\n<li>Usines de v\u00eatements et de textiles<\/li>\n<li>Installations industrielles<\/li>\n<li>Usines de plastique et de produits chimiques<\/li>\n<li>Op\u00e9rations mini\u00e8res<\/li>\n<li>Centrales \u00e9lectriques pour le chauffage urbain<\/li>\n<li>Fabrication automobile<\/li>\n<\/ul>\n<\/li>\n<\/ul>\n<\/div><\/div><\/div><\/div><\/div><\/section><section class=\"cs-section content_box mt-0\"><div class=\"container\"><div class=\"row\"><div class=\"col-md-12 cs-animation fadeInRight wpb_animate_when_almost_visible wpb_zoomIn zoomIn wpb_start_animation\"><div class=\"cs-column-inner\">[vc_single_image image=\u00a0\u00bb1120&Prime; img_size=\u00a0\u00bbfull\u00a0\u00bb css=\u00a0\u00bb\u00a0\u00bb]<div class=\"cs-column-text\"><p><strong>Avantages suppl\u00e9mentaires :<\/strong><\/p>\n<ul>\n<li><strong>Installation \u00e9conomique<\/strong>: Il n&rsquo;est pas n\u00e9cessaire d&rsquo;installer des conduites de carburant, des \u00e9quipements de stockage et de manutention, ce qui r\u00e9duit les d\u00e9penses d&rsquo;investissement.<\/li>\n<li><strong>Co\u00fbts d&rsquo;exploitation r\u00e9duits<\/strong>: La facilit\u00e9 d&rsquo;utilisation et les exigences minimales en mati\u00e8re de maintenance contribuent \u00e0 r\u00e9duire les co\u00fbts.<\/li>\n<li><strong>Responsabilit\u00e9 environnementale<\/strong>: Il s&rsquo;agit d&rsquo;une alternative propre aux combustibles fossiles, qui s&rsquo;inscrit dans les objectifs de d\u00e9veloppement durable.<\/li>\n<\/ul>\n<\/div><\/div><\/div><\/div><\/div><\/section><div class=\"cs-btn-align text-center\"><a href=\"\/immersed-electrode-hot-water-boilers\/\" class=\"cs-btn cs-btn-custom cs-btn-square cs-btn-custom-own cs-btn-lg cs-btn-custom-69fb0ede2b8a8\">Learn More<\/a><\/div><\/div><\/div><\/div><\/div><\/section><section class=\"cs-section features_benefits_wrapper\"><div class=\"container\"><div class=\"row\"><div class=\"col-md-12 cs-animation fadeInUp wpb_animate_when_almost_visible wpb_zoomIn zoomIn wpb_start_animation\"><div class=\"cs-column-inner\">[vc_custom_heading text=\u00a0\u00bbChaudi\u00e8re \u00e0 vapeur \u00e0 \u00e9lectrodes immerg\u00e9es &#8211; S\u00e9rie CEJWS\u00a0\u00bb font_container=\u00a0\u00bbtag:h2|text_align:center|color:%23111111&Prime; use_theme_fonts=\u00a0\u00bbyes\u00a0\u00bb css=\u00a0\u00bb\u00a0\u00bb][vc_separator color=\u00a0\u00bbcustom\u00a0\u00bb border_width=\u00a0\u00bb3&Prime; el_width=\u00a0\u00bb80&Prime; css=\u00a0\u00bb\u00a0\u00bb accent_color=\u00a0\u00bb#000080&Prime;]<div class=\"cs-column-text\"><p style=\"text-align: center;\">Le <strong>mod\u00e8le CEJWS<\/strong> est con\u00e7u pour \u00eatre utilis\u00e9 sur des syst\u00e8mes de distribution triphas\u00e9s \u00e0 4 fils. Il utilise les propri\u00e9t\u00e9s de conductivit\u00e9 et de r\u00e9sistance de l&rsquo;eau pour g\u00e9n\u00e9rer de la vapeur de mani\u00e8re efficace. Cette chaudi\u00e8re est id\u00e9ale pour les industries qui ont besoin d&rsquo;une production de vapeur de haute performance avec un impact minimal sur l&rsquo;environnement. <\/p>\n<\/div><section class=\"cs-section content_box\"><div class=\"container\"><div class=\"row\"><div class=\"col-md-12 cs-animation fadeInRight wpb_animate_when_almost_visible wpb_zoomIn zoomIn wpb_start_animation\"><div class=\"cs-column-inner\">[vc_single_image image=\u00a0\u00bb1064&Prime; img_size=\u00a0\u00bbfull\u00a0\u00bb css=\u00a0\u00bb\u00a0\u00bb]<div class=\"cs-column-text\"><p><strong>Caract\u00e9ristiques principales :<\/strong><\/p>\n<ul>\n<li><strong><strong>Rendement \u00e9lev\u00e9 : <\/strong><\/strong>Convertit pratiquement 99,5 % de l&rsquo;\u00e9nergie \u00e9lectrique en chaleur, garantissant ainsi une utilisation maximale de l&rsquo;\u00e9nergie.<\/li>\n<li><strong>R\u00e9ponse rapide :<\/strong> La pleine charge est atteinte en 30 \u00e0 40 minutes apr\u00e8s un d\u00e9marrage \u00e0 froid ou en une minute apr\u00e8s un d\u00e9marrage \u00e0 chaud, ce qui permet une disponibilit\u00e9 rapide de la vapeur.<\/li>\n<li><strong>Applications polyvalentes<\/strong>: Convient \u00e0 un large \u00e9ventail d&rsquo;industries, y compris :\n<ul>\n<li>H\u00f4pitaux, \u00e9coles et h\u00f4tels<\/li>\n<li>Restauration et transformation alimentaire<\/li>\n<li>Usines de v\u00eatements et de textiles<\/li>\n<li>Installations industrielles<\/li>\n<li>Usines de plastique et de produits chimiques<\/li>\n<li>Utilitaires de lavage<\/li>\n<li>Centrales \u00e9lectriques<\/li>\n<\/ul>\n<\/li>\n<\/ul>\n<\/div><\/div><\/div><\/div><\/div><\/section><section class=\"cs-section content_box mt-0\"><div class=\"container\"><div class=\"row\"><div class=\"col-md-12 cs-animation fadeInLeft wpb_animate_when_almost_visible wpb_zoomIn zoomIn wpb_start_animation\"><div class=\"cs-column-inner\">[vc_single_image image=\u00a0\u00bb1092&Prime; img_size=\u00a0\u00bbfull\u00a0\u00bb css=\u00a0\u00bb\u00a0\u00bb]<div class=\"cs-column-text cs-animation fadeInRight\"><p><strong>Avantages suppl\u00e9mentaires :<\/strong><\/p>\n<ul>\n<li><strong>Installation \u00e9conomique :<\/strong> Fonctionne \u00e0 des tensions de distribution, ce qui \u00e9limine le besoin de conduites de carburant, d&rsquo;\u00e9quipements de stockage et de manutention, d&rsquo;\u00e9conomiseurs et d&rsquo;\u00e9quipements de contr\u00f4le des \u00e9missions, ce qui permet de r\u00e9aliser des \u00e9conomies en termes de d\u00e9penses d&rsquo;investissement.<\/li>\n<li><strong>Co\u00fbts d&rsquo;exploitation r\u00e9duits :<\/strong> Un fonctionnement simplifi\u00e9 et une maintenance minimale r\u00e9duisent les frais d&rsquo;exploitation.<\/li>\n<li><strong>S\u00e9curit\u00e9 \u00e9nerg\u00e9tique :<\/strong> Fournit une source fiable de vapeur dans les zones affect\u00e9es par des allocations ou des interruptions de gaz naturel, offrant une alternative propre aux combustibles fossiles.<\/li>\n<li><strong>S\u00e9curit\u00e9 renforc\u00e9e :<\/strong> Elle pr\u00e9sente des avantages inh\u00e9rents en mati\u00e8re de s\u00e9curit\u00e9 par rapport aux chaudi\u00e8res traditionnelles aliment\u00e9es par des combustibles fossiles.<\/li>\n<\/ul>\n<\/div><\/div><\/div><\/div><\/div><\/section><div class=\"cs-btn-align text-center\"><a href=\"\/immersed-electrode-steam-boilers\/\" class=\"cs-btn cs-btn-custom cs-btn-square cs-btn-custom-own cs-btn-lg cs-btn-custom-69fb0ede2bccc\">Learn More<\/a><\/div><\/div><\/div><\/div><\/div><\/section><section class=\"cs-section features_benefits_wrapper\"><div class=\"container\"><div class=\"row\"><div class=\"col-md-12 cs-animation fadeInUp wpb_animate_when_almost_visible wpb_zoomIn zoomIn wpb_start_animation\"><div class=\"cs-column-inner\">[vc_custom_heading text=\u00a0\u00bbChaudi\u00e8re \u00e0 vapeur \u00e0 jet &#8211; S\u00e9rie CEJS\u00a0\u00bb font_container=\u00a0\u00bbtag:h2|text_align:center|color:%23111111&Prime; use_theme_fonts=\u00a0\u00bbyes\u00a0\u00bb css=\u00a0\u00bb\u00a0\u00bb][vc_separator color=\u00a0\u00bbcustom\u00a0\u00bb border_width=\u00a0\u00bb3&Prime; el_width=\u00a0\u00bb80&Prime; css=\u00a0\u00bb\u00a0\u00bb accent_color=\u00a0\u00bb#000080&Prime;]<div class=\"cs-column-text\"><p style=\"text-align: center;\">Le <strong>mod\u00e8le CEJS<\/strong> est un leader du march\u00e9 des chaudi\u00e8res \u00e0 vapeur \u00e0 \u00e9lectrodes \u00e0 haute tension, avec un succ\u00e8s op\u00e9rationnel consid\u00e9rable dans diverses industries. Sa conception compacte et son efficacit\u00e9 \u00e9lev\u00e9e en font un choix privil\u00e9gi\u00e9 pour les entreprises qui exigent une production de vapeur maximale dans un encombrement minimal. <\/p>\n<\/div><section class=\"cs-section content_box\"><div class=\"container\"><div class=\"row\"><div class=\"col-md-12 cs-animation fadeInLeft wpb_animate_when_almost_visible wpb_zoomIn zoomIn wpb_start_animation\"><div class=\"cs-column-inner\">[vc_single_image image=\u00a0\u00bb1124&Prime; img_size=\u00a0\u00bbfull\u00a0\u00bb css=\u00a0\u00bb\u00a0\u00bb]<div class=\"cs-column-text\"><p><strong>Caract\u00e9ristiques principales :<\/strong><\/p>\n<ul>\n<li><strong>Conception compacte :<\/strong> Offre un d\u00e9bit de vapeur \u00e9lev\u00e9 tout en occupant un minimum d&rsquo;espace au sol, ce qui permet d&rsquo;optimiser l&rsquo;am\u00e9nagement des installations.<\/li>\n<li><strong>Installation \u00e9conomique :<\/strong> Les conduites de carburant, les \u00e9quipements de stockage et de manutention, les \u00e9conomiseurs et les \u00e9quipements de contr\u00f4le des \u00e9missions ne sont pas n\u00e9cessaires, ce qui permet d&rsquo;\u00e9conomiser sur les d\u00e9penses d&rsquo;investissement.<\/li>\n<li><strong>Applications polyvalentes :<\/strong> Convient \u00e0 diverses industries n\u00e9cessitant une production de vapeur efficace et fiable, notamment :\n<ul>\n<li>Immeubles de bureaux et d&rsquo;appartements<\/li>\n<li>H\u00f4pitaux, \u00e9coles et h\u00f4tels<\/li>\n<li>Restaurants et transformation des aliments<\/li>\n<li>Usines de v\u00eatements et de textiles<\/li>\n<li>Installations industrielles<\/li>\n<li>Usines de plastique et de produits chimiques<\/li>\n<li>Utilitaires<\/li>\n<li>Centrales \u00e9lectriques<\/li>\n<\/ul>\n<\/li>\n<\/ul>\n<\/div><\/div><\/div><\/div><\/div><\/section><section class=\"cs-section content_box mt-0\"><div class=\"container\"><div class=\"row\"><div class=\"col-md-12 cs-animation fadeInRight wpb_animate_when_almost_visible wpb_zoomIn zoomIn wpb_start_animation\"><div class=\"cs-column-inner\">[vc_single_image image=\u00a0\u00bb1064&Prime; img_size=\u00a0\u00bbfull\u00a0\u00bb css=\u00a0\u00bb\u00a0\u00bb]<div class=\"cs-column-text\"><p><strong>Avantages suppl\u00e9mentaires :<\/strong><\/p>\n<ul>\n<li><strong>R\u00e9ponse rapide :<\/strong> Capable d&rsquo;atteindre rapidement la pleine charge, ce qui am\u00e9liore la flexibilit\u00e9 op\u00e9rationnelle.<\/li>\n<li><strong>Responsabilit\u00e9 environnementale :<\/strong> Offre une alternative propre et efficace aux chaudi\u00e8res traditionnelles aliment\u00e9es par des combustibles fossiles, soutenant ainsi les initiatives en faveur du d\u00e9veloppement durable.<\/li>\n<li><strong>Fonctionnement plus s\u00fbr :<\/strong> Il n&rsquo;y a pas de risques de combustion car il n&rsquo;y a pas de flammes, de fum\u00e9es, de conduites de carburant ou de r\u00e9servoirs de stockage. Il n&rsquo;y a pas de risque de manque d&rsquo;eau puisque le courant ne peut pas circuler sans eau, et il n&rsquo;y a pas de probl\u00e8me d&rsquo;accumulation de chaleur ou de br\u00fblure des \u00e9lectrodes, m\u00eame en cas d&rsquo;entartrage. Le choc thermique est \u00e9limin\u00e9.  <\/li>\n<\/ul>\n<\/div><\/div><\/div><\/div><\/div><\/section><div class=\"cs-btn-align text-center\"><a href=\"\/jet-type-steam-boiler\/\" class=\"cs-btn cs-btn-custom cs-btn-square cs-btn-custom-own cs-btn-lg cs-btn-custom-69fb0ede2c0d3\">Learn More<\/a><\/div><\/div><\/div><\/div><\/div><\/section><section class=\"cs-section lg-padding why_choose_us\" style=\"background-image: url(\/wp-content\/uploads\/2025\/04\/iStock-143917584.jpg); background-repeat: no-repeat; background-position: 100% 100%;background-repeat: no-repeat;background-size: 700px;\"><div class=\"container\"><div class=\"row cs-equal-height cs-equal-height-center\"><div class=\"col-md-12 cs-animation fadeInUp wpb_animate_when_almost_visible wpb_zoomIn zoomIn wpb_start_animation vc_custom_1744741934396\" style=\"background-size: 400px;\"><div class=\"cs-column-inner\">[vc_custom_heading text=\u00a0\u00bbPourquoi choisir A.E.P. Thermal Inc.\u00a0\u00bb font_container=\u00a0\u00bbtag:h2|font_size:34px|text_align:center|color:%23000080&Prime; use_theme_fonts=\u00a0\u00bbyes\u00a0\u00bb css=\u00a0\u00bb\u00a0\u00bb][vc_separator color=\u00a0\u00bbcustom\u00a0\u00bb border_width=\u00a0\u00bb3&Prime; el_width=\u00a0\u00bb80&Prime; css=\u00a0\u00bb\u00a0\u00bb accent_color=\u00a0\u00bb#000080&Prime;]<div class=\"cs-column-text\"><p style=\"text-align: center;\"><span style=\"font-weight: 400;\">A.E.P. Thermal Inc. s&rsquo;engage \u00e0 fournir une technologie de chaudi\u00e8re avanc\u00e9e et \u00e9conome en \u00e9nergie qui aide les entreprises \u00e0 optimiser leurs op\u00e9rations et \u00e0 r\u00e9duire leur empreinte carbone. Notre d\u00e9vouement \u00e0 l&rsquo;innovation et \u00e0 la responsabilit\u00e9 environnementale est illustr\u00e9 par nos chaudi\u00e8res \u00e0 \u00e9lectrodes immerg\u00e9es \u00e0 haute tension, qui sont \u00e9conomiques \u00e0 installer, ont des co\u00fbts d&rsquo;exploitation plus faibles, n\u00e9cessitent un entretien minimal et sont plus s\u00fbres et plus respectueuses de l&rsquo;environnement que les chaudi\u00e8res traditionnelles. <\/span><\/p>\n<p style=\"text-align: center;\">Que vous ayez besoin d&rsquo;eau chaude, de vapeur industrielle ou d&rsquo;une production de vapeur industrielle de grande capacit\u00e9, nos chaudi\u00e8res \u00e0 \u00e9lectrodes constituent la solution id\u00e9ale.<\/p>\n<\/div><div class=\"cs-btn-align text-center\"><a href=\"\/contact-us\/\" class=\"cs-btn cs-btn-custom cs-btn-square cs-btn-custom-own cs-btn-lg cs-btn-custom-69fb0ede2c244\">Contact Us<\/a><\/div><\/div><\/div><\/div><\/div><\/section><section class=\"cs-section lg-padding promise_service_section\" style=\"background-image: url(https:\/\/www.aepthermal.com\/wp-content\/uploads\/2025\/03\/vector.png); background-repeat: no-repeat; background-position: 100% 100%; background-color: rgba(10,10,10,0.01);\"><div class=\"container\"><div class=\"row cs-equal-height cs-equal-height-center\"><div class=\"col-md-6 cs-animation fadeInLeft wpb_animate_when_almost_visible wpb_zoomIn zoomIn wpb_start_animation\"><div class=\"cs-column-inner\">[vc_custom_heading text=\u00a0\u00bbLa promesse d&apos;AEP Thermal\u00a0\u00bb font_container=\u00a0\u00bbtag:h2|font_size:34px|text_align:left|color:%2337393F\u00a0\u00bb use_theme_fonts=\u00a0\u00bbyes\u00a0\u00bb css=\u00a0\u00bb\u00a0\u00bb][vc_separator color=\u00a0\u00bbcustom\u00a0\u00bb align=\u00a0\u00bbalign_left\u00a0\u00bb border_width=\u00a0\u00bb3&Prime; el_width=\u00a0\u00bb70&Prime; css=\u00a0\u00bb\u00a0\u00bb accent_color=\u00a0\u00bb#000080&Prime;]<div class=\"cs-column-text\"><p>Nous promettons de fournir plus que des solutions de chaudi\u00e8res &#8211; nous fournissons des syst\u00e8mes sur mesure, con\u00e7us par des experts, qui favorisent l&rsquo;efficacit\u00e9, la fiabilit\u00e9 et la durabilit\u00e9 dans chaque installation. Notre engagement est d&rsquo;\u00eatre un partenaire de confiance, qui r\u00e9sout les d\u00e9fis les plus complexes avec agilit\u00e9 et innovation, tout en menant l&rsquo;industrie vers un avenir plus propre, aliment\u00e9 par l&rsquo;\u00e9lectricit\u00e9. <\/p>\n<p>Nous garantissons une performance sans faille, une valeur \u00e0 long terme et un avenir plus vert.<\/p>\n<\/div><section class=\"cs-section no-padding promise_service_icon\" style=\"padding:30px 5%;\"><div class=\"container\"><div class=\"row\"><div class=\"col-md-4\"><div class=\"cs-column-inner\">[vc_single_image image=\u00a0\u00bb986&Prime; img_size=\u00a0\u00bbfull\u00a0\u00bb alignment=\u00a0\u00bbcenter\u00a0\u00bb css=\u00a0\u00bb\u00a0\u00bb]<\/div><\/div><div class=\"col-md-4\"><div class=\"cs-column-inner\">[vc_single_image image=\u00a0\u00bb988&Prime; img_size=\u00a0\u00bbfull\u00a0\u00bb alignment=\u00a0\u00bbcenter\u00a0\u00bb css=\u00a0\u00bb\u00a0\u00bb]<\/div><\/div><div class=\"col-md-4\"><div class=\"cs-column-inner\">[vc_single_image image=\u00a0\u00bb990&Prime; img_size=\u00a0\u00bbfull\u00a0\u00bb alignment=\u00a0\u00bbcenter\u00a0\u00bb css=\u00a0\u00bb\u00a0\u00bb]<\/div><\/div><\/div><\/div><\/section><\/div><\/div><div class=\"col-md-6 cs-animation fadeInRight wpb_animate_when_almost_visible wpb_zoomIn zoomIn wpb_start_animation\"><div class=\"cs-column-inner\">[vc_single_image image=\u00a0\u00bb1082&Prime; img_size=\u00a0\u00bbfull\u00a0\u00bb alignment=\u00a0\u00bbcenter\u00a0\u00bb css_animation=\u00a0\u00bbfadeInRight\u00a0\u00bb css=\u00a0\u00bb\u00a0\u00bb]<\/div><\/div><\/div><\/div><\/section>\n","protected":false},"excerpt":{"rendered":"<p><span class=\"entry-read-more\"><a href=\"https:\/\/www.aepthermal.com\/fr\/chaudieres-a-haute-tension\/\" class=\"cs-btn cs-btn-flat cs-btn-rounded cs-btn-xxs cs-btn-flat-accent\">Lire la suite<\/a><\/span><\/p>\n","protected":false},"author":2,"featured_media":0,"parent":0,"menu_order":0,"comment_status":"closed","ping_status":"closed","template":"","meta":{"footnotes":""},"class_list":["post-1318","page","type-page","status-publish","hentry"],"_links":{"self":[{"href":"https:\/\/www.aepthermal.com\/fr\/wp-json\/wp\/v2\/pages\/1318","targetHints":{"allow":["GET"]}}],"collection":[{"href":"https:\/\/www.aepthermal.com\/fr\/wp-json\/wp\/v2\/pages"}],"about":[{"href":"https:\/\/www.aepthermal.com\/fr\/wp-json\/wp\/v2\/types\/page"}],"author":[{"embeddable":true,"href":"https:\/\/www.aepthermal.com\/fr\/wp-json\/wp\/v2\/users\/2"}],"replies":[{"embeddable":true,"href":"https:\/\/www.aepthermal.com\/fr\/wp-json\/wp\/v2\/comments?post=1318"}],"version-history":[{"count":0,"href":"https:\/\/www.aepthermal.com\/fr\/wp-json\/wp\/v2\/pages\/1318\/revisions"}],"wp:attachment":[{"href":"https:\/\/www.aepthermal.com\/fr\/wp-json\/wp\/v2\/media?parent=1318"}],"curies":[{"name":"wp","href":"https:\/\/api.w.org\/{rel}","templated":true}]}}