{"id":1320,"date":"2025-07-10T13:57:40","date_gmt":"2025-07-10T17:57:40","guid":{"rendered":"https:\/\/www.aepthermal.com\/faq\/"},"modified":"2026-03-09T15:18:07","modified_gmt":"2026-03-09T19:18:07","slug":"faq","status":"publish","type":"page","link":"https:\/\/www.aepthermal.com\/fr\/faq\/","title":{"rendered":"FAQ"},"content":{"rendered":"<section class=\"cs-section no-padding cs-full-height banner faqs_banner inner_page_banner\" style=\"background-image: url(\/wp-content\/uploads\/2025\/04\/iStock-1830167512.jpg); background-repeat: no-repeat; background-position: 100% 100%;\" data-full-height-rate=\"75\"><div class=\"container-fluid\"><div class=\"row cs-equal-height cs-equal-height-center\"><div class=\"col-md-6 cs-animation fadeInLeft wpb_animate_when_almost_visible wpb_zoomIn zoomIn wpb_start_animation vc_custom_1745243952504\"><div class=\"cs-column-inner\"><\/div><\/div><div class=\"col-md-6 vc_custom_1742473025354\"><div class=\"cs-column-inner\"><\/div><\/div><\/div><\/div><\/section><section class=\"cs-section possible_uses faqs_cont\"><div class=\"container\"><div class=\"row\"><div class=\"col-md-12 uses\"><div class=\"cs-column-inner\"><div class=\"cs-column-text\"><h2 style=\"text-align: center;\">Chaudi\u00e8res sur mesure. Performance puissante. Un avenir durable.  <\/h2>\n<p>Vous \u00eates \u00e0 la recherche de chaudi\u00e8res industrielles performantes et \u00e9conerg\u00e9tiques ? Chez A.E.P. Thermal Inc. nous nous sp\u00e9cialisons dans les chaudi\u00e8res \u00e0 jet, les chaudi\u00e8res \u00e0 vapeur et les chaudi\u00e8res \u00e0 \u00e9lectrodes \u00e0 haute tension con\u00e7ues pour les syst\u00e8mes \u00e9nerg\u00e9tiques modernes. Que vous travailliez dans le domaine de la transformation des aliments, des produits pharmaceutiques, de la fabrication ou du chauffage urbain, notre technologie de chaudi\u00e8re offre un transfert de chaleur rapide, de faibles \u00e9missions et une fiabilit\u00e9 in\u00e9gal\u00e9e. Forts de nos ann\u00e9es d&rsquo;expertise industrielle et de notre engagement en faveur du d\u00e9veloppement durable, nous aidons les entreprises \u00e0 r\u00e9duire leur empreinte carbone et \u00e0 optimiser leurs op\u00e9rations thermiques. D\u00e9couvrez la solution de chaudi\u00e8re id\u00e9ale pour votre installation &#8211; con\u00e7ue pour la performance, construite pour l&rsquo;avenir.<\/p>\n<\/div><\/div><\/div><\/div><\/div><\/section><section class=\"cs-section\"><div class=\"container\"><div class=\"row\"><div class=\"col-md-12\"><div class=\"cs-column-inner\"><div class=\"cs-accordions faqs_section\"><div class=\"cs-accordion\"><h6 class=\"cs-accordion-title\"><i class=\"cs-in fa cs-anim-icon\"><\/i>Pourquoi choisir une chaudi\u00e8re \u00e0 haute tension ?<\/h6><div class=\"cs-accordion-content\"><div class=\"cs-column-text\"><p> Les chaudi\u00e8res \u00e0 \u00e9lectrodes immerg\u00e9es sont simples \u00e0 utiliser et \u00e0 entretenir et ne n\u00e9cessitent aucun \u00e9quipement complexe de contr\u00f4le de la pollution ou de la combustion. Les utilisateurs peuvent \u00e9galement b\u00e9n\u00e9ficier de tarifs \u00e9nerg\u00e9tiques plus bas pendant les p\u00e9riodes creuses quotidiennes ou saisonni\u00e8res.<\/p>\n<\/div><\/div><\/div><div class=\"cs-accordion\"><h6 class=\"cs-accordion-title\"><i class=\"cs-in fa cs-anim-icon\"><\/i>O\u00f9 peut-on installer des chaudi\u00e8res Electore immerg\u00e9es ?<\/h6><div class=\"cs-accordion-content\"><div class=\"cs-column-text\"><p>Les chaudi\u00e8res AEP peuvent \u00eatre utilis\u00e9es dans divers secteurs qui ont besoin d&rsquo;un grand volume d&rsquo;eau chaude, comme les immeubles de bureaux, les h\u00f4pitaux, les \u00e9coles, les h\u00f4tels, les motels, les usines de v\u00eatements et de textiles, les exploitations mini\u00e8res, les centrales \u00e9lectriques pour le chauffage urbain et les usines de construction automobile.<\/p>\n<\/div><\/div><\/div><div class=\"cs-accordion\"><h6 class=\"cs-accordion-title\"><i class=\"cs-in fa cs-anim-icon\"><\/i>Quels sont les avantages et les caract\u00e9ristiques des chaudi\u00e8res APE THermals Elertode ?<\/h6><div class=\"cs-accordion-content\"><div class=\"cs-column-text\"><p>La forme sp\u00e9ciale des \u00e9lectrodes d&rsquo;AEP Thermals permet d&rsquo;obtenir les meilleures performances en termes de densit\u00e9 de courant ainsi qu&rsquo;un effet de refroidissement \u00e9conomique, m\u00eame pour des capacit\u00e9s comprises entre 2 et 20 MW, et des commandes simples pour une utilisation par tous.<\/p>\n<\/div><\/div><\/div><div class=\"cs-accordion\"><h6 class=\"cs-accordion-title\"><i class=\"cs-in fa cs-anim-icon\"><\/i>Comment fonctionnent les chaudi\u00e8res \u00e0 \u00e9lectrodes \u00e0 haute tension ?<\/h6><div class=\"cs-accordion-content\"><div class=\"cs-column-text\"><p>Les chaudi\u00e8res \u00e0 \u00e9lectrodes haute tension utilisent l&rsquo;\u00e9lectricit\u00e9 pour produire de la chaleur en faisant passer un courant \u00e9lectrique dans l&rsquo;eau. La conductivit\u00e9 naturelle de l&rsquo;eau lui permet d&rsquo;agir comme une r\u00e9sistance, de produire de la chaleur et de g\u00e9n\u00e9rer de la vapeur ou de l&rsquo;eau chaude sans avoir recours aux sources de combustible traditionnelles telles que le gaz ou le p\u00e9trole.<\/p>\n<\/div><\/div><\/div><div class=\"cs-accordion\"><h6 class=\"cs-accordion-title\"><i class=\"cs-in fa cs-anim-icon\"><\/i>Quels sont les avantages d&apos;une chaudi\u00e8re \u00e0 \u00e9lectrodes par rapport \u00e0 une chaudi\u00e8re \u00e0 combustible traditionnelle ?<\/h6><div class=\"cs-accordion-content\"><div class=\"cs-column-text\"><h3>Les chaudi\u00e8res \u00e0 \u00e9lectrodes offrent plusieurs avantages, notamment<\/h3>\n<ul>\n<li><strong>Rendement plus \u00e9lev\u00e9<\/strong> (conversion de pr\u00e8s de 100 % de l&rsquo;\u00e9nergie \u00e9lectrique en chaleur).<\/li>\n<li><strong>Moins d&rsquo;entretien<\/strong> gr\u00e2ce \u00e0 un nombre r\u00e9duit de pi\u00e8ces mobiles et \u00e0 l&rsquo;absence de processus de combustion.<\/li>\n<li><strong>Temps de r\u00e9ponse plus rapide<\/strong>, atteignant la pleine capacit\u00e9 en quelques minutes.<\/li>\n<li><strong>R\u00e9duction des \u00e9missions<\/strong>, offrant une alternative propre et durable aux syst\u00e8mes bas\u00e9s sur les combustibles fossiles.<\/li>\n<li><strong>Installation simplifi\u00e9e<\/strong>, \u00e9liminant le besoin de stockage et de manipulation du combustible.<\/li>\n<\/ul>\n<\/div><\/div><\/div><div class=\"cs-accordion\"><h6 class=\"cs-accordion-title\"><i class=\"cs-in fa cs-anim-icon\"><\/i>Quelles sont les industries qui utilisent couramment les chaudi\u00e8res \u00e0 \u00e9lectrodes \u00e0 haute tension ?<\/h6><div class=\"cs-accordion-content\"><div class=\"cs-column-text\"><p>Les chaudi\u00e8res \u00e0 \u00e9lectrodes sont utilis\u00e9es dans diverses industries, notamment :<\/p>\n<ul>\n<li>Chauffage urbain et syst\u00e8mes CVC des b\u00e2timents<\/li>\n<li>Usines de transformation des aliments<\/li>\n<li>H\u00f4pitaux, \u00e9coles et h\u00f4tels<\/li>\n<li>Fabrication industrielle et usines chimiques<\/li>\n<li>Op\u00e9rations mini\u00e8res<\/li>\n<li>Centrales \u00e9lectriques et services \u00e9nerg\u00e9tiques<\/li>\n<li>Production de textiles et de plastiques<\/li>\n<\/ul>\n<\/div><\/div><\/div><div class=\"cs-accordion\"><h6 class=\"cs-accordion-title\"><i class=\"cs-in fa cs-anim-icon\"><\/i>Quelle est l&apos;efficacit\u00e9 \u00e9nerg\u00e9tique des chaudi\u00e8res \u00e0 \u00e9lectrodes ?<\/h6><div class=\"cs-accordion-content\"><div class=\"cs-column-text\"><p>Les chaudi\u00e8res \u00e0 \u00e9lectrodes sont extr\u00eamement efficaces sur le plan \u00e9nerg\u00e9tique, atteignant g\u00e9n\u00e9ralement un<strong> rendement thermique de 99,5 % ou plus<\/strong>. Comme elles convertissent directement l&rsquo;\u00e9nergie \u00e9lectrique en chaleur, elles minimisent les pertes d&rsquo;\u00e9nergie, ce qui en fait l&rsquo;une des solutions de chauffage les plus efficaces qui soient.<\/p>\n<\/div><\/div><\/div><div class=\"cs-accordion\"><h6 class=\"cs-accordion-title\"><i class=\"cs-in fa cs-anim-icon\"><\/i>Les chaudi\u00e8res \u00e0 \u00e9lectrodes peuvent-elles \u00eatre int\u00e9gr\u00e9es aux sources d&apos;\u00e9nergie renouvelables ?<\/h6><div class=\"cs-accordion-content\"><div class=\"cs-column-text\"><p>Oui ! Les chaudi\u00e8res \u00e0 \u00e9lectrodes s&rsquo;int\u00e8grent parfaitement aux sources d&rsquo;<strong>\u00e9nergie \u00e9olienne, solaire et hydro\u00e9lectrique<\/strong>. Comme elles utilisent l&rsquo;\u00e9lectricit\u00e9, elles peuvent tirer parti des r\u00e9seaux d&rsquo;\u00e9nergie renouvelable pour fournir des solutions de vapeur et d&rsquo;eau chaude<strong> sans \u00e9missions<\/strong>, ce qui r\u00e9duit encore la d\u00e9pendance \u00e0 l&rsquo;\u00e9gard des combustibles fossiles.<\/p>\n<\/div><\/div><\/div><div class=\"cs-accordion\"><h6 class=\"cs-accordion-title\"><i class=\"cs-in fa cs-anim-icon\"><\/i>En combien de temps une chaudi\u00e8re \u00e0 \u00e9lectrodes peut-elle atteindre sa pleine capacit\u00e9 ?<\/h6><div class=\"cs-accordion-content\"><div class=\"cs-column-text\"><p>Les chaudi\u00e8res \u00e0 \u00e9lectrodes ont un temps de d\u00e9marrage exceptionnellement rapide. \u00c0 partir d&rsquo;un<strong> \u00e9tat de veille \u00e0 chaud<\/strong>, elles peuvent atteindre leur pleine charge en <strong>moins d&rsquo;une minute<\/strong>. Apr\u00e8s un <strong>d\u00e9marrage \u00e0 froid<\/strong>, elles atteignent g\u00e9n\u00e9ralement leur capacit\u00e9 maximale en<strong> 30 \u00e0 40 minutes<\/strong>, ce qui est nettement plus rapide que les chaudi\u00e8res traditionnelles.<\/p>\n<\/div><\/div><\/div><div class=\"cs-accordion\"><h6 class=\"cs-accordion-title\"><i class=\"cs-in fa cs-anim-icon\"><\/i>Les chaudi\u00e8res \u00e0 \u00e9lectrodes sont-elles s\u00fbres ?<\/h6><div class=\"cs-accordion-content\"><div class=\"cs-column-text\"><p><span style=\"font-weight: 400;\">Oui, les chaudi\u00e8res \u00e0 \u00e9lectrodes ont <\/span><b>des avantages inh\u00e9rents en mati\u00e8re de s\u00e9curit\u00e9<\/b><span style=\"font-weight: 400;\">  par rapport aux chaudi\u00e8res \u00e0 combustible. \u00c9tant donn\u00e9 qu&rsquo;il y a   <\/span><b>pas de processus de combustion<\/b><span style=\"font-weight: 400;\">Ainsi, il n&rsquo;y a pas de risque d&rsquo;explosion, de production de monoxyde de carbone ou de fuite de combustible. En outre, des dispositifs de s\u00e9curit\u00e9 int\u00e9gr\u00e9s garantissent des niveaux d&rsquo;eau et un contr\u00f4le \u00e9lectrique corrects. <\/span><\/p>\n<\/div><\/div><\/div><div class=\"cs-accordion\"><h6 class=\"cs-accordion-title\"><i class=\"cs-in fa cs-anim-icon\"><\/i>Quelles sont les exigences en mati\u00e8re d&apos;entretien d&apos;une chaudi\u00e8re \u00e0 \u00e9lectrodes ?<\/h6><div class=\"cs-accordion-content\"><div class=\"cs-column-text\"><p>L&rsquo;entretien est minime par rapport aux chaudi\u00e8res traditionnelles. Les principales t\u00e2ches d&rsquo;entretien sont les suivantes <\/p>\n<ul>\n<li>Contr\u00f4le de la <strong>conductivit\u00e9 et de la qualit\u00e9 de l&rsquo;eau<\/strong> pour une performance optimale.<\/li>\n<li><strong> Inspections<\/strong> r\u00e9guli\u00e8res<strong> du syst\u00e8me \u00e9lectrique<\/strong> pour garantir la s\u00e9curit\u00e9 et l&rsquo;efficacit\u00e9.<\/li>\n<li>V\u00e9rifier et nettoyer les \u00e9lectrodes si n\u00e9cessaire.<br \/>\nL&rsquo;absence de br\u00fbleurs, de pompes \u00e0 combustible ou de chambres de combustion permet de r\u00e9duire consid\u00e9rablement les co\u00fbts d&rsquo;entretien et les temps d&rsquo;arr\u00eat.<\/li>\n<\/ul>\n<\/div><\/div><\/div><div class=\"cs-accordion\"><h6 class=\"cs-accordion-title\"><i class=\"cs-in fa cs-anim-icon\"><\/i>Quelles sont les tensions et les puissances disponibles pour les chaudi\u00e8res \u00e0 \u00e9lectrodes d&apos;A.E.P. Thermal Inc.<\/h6><div class=\"cs-accordion-content\"><div class=\"cs-column-text\"><p><span style=\"font-weight: 400;\">Les chaudi\u00e8res d&rsquo;A.E.P. Thermal Inc. peuvent fonctionner \u00e0 des tensions allant jusqu&rsquo;\u00e0 <\/span><b>25 kV<\/b><span style=\"font-weight: 400;\"> et offrent des capacit\u00e9s allant de <\/span><b>1 MW \u00e0 60 MW<\/b><span style=\"font-weight: 400;\">ce qui les rend adapt\u00e9es aux applications industrielles \u00e0 petite et \u00e0 grande \u00e9chelle.<\/span><\/p>\n<\/div><\/div><\/div><div class=\"cs-accordion\"><h6 class=\"cs-accordion-title\"><i class=\"cs-in fa cs-anim-icon\"><\/i>Comment les chaudi\u00e8res \u00e0 \u00e9lectrodes contribuent-elles \u00e0 la r\u00e9alisation des objectifs de d\u00e9veloppement durable ?<\/h6><div class=\"cs-accordion-content\"><div class=\"cs-column-text\"><p>En \u00e9liminant la combustion de combustibles fossiles, les chaudi\u00e8res \u00e0 \u00e9lectrodes ne produisent pas d&rsquo;\u00e9missions directes de gaz \u00e0 effet de serre. Elles sont \u00e9galement : <\/p>\n<ul>\n<li>R\u00e9duire les polluants atmosph\u00e9riques tels que les NOx et les SOx.<\/li>\n<li>Niveaux de bruit de fonctionnement inf\u00e9rieurs \u00e0 ceux des syst\u00e8mes \u00e0 base de carburant.<\/li>\n<li>Soutenir la transition vers des solutions \u00e9nerg\u00e9tiques neutres en carbone lorsqu&rsquo;elles sont associ\u00e9es \u00e0 des \u00e9nergies renouvelables<\/li>\n<\/ul>\n<\/div><\/div><\/div><div class=\"cs-accordion\"><h6 class=\"cs-accordion-title\"><i class=\"cs-in fa cs-anim-icon\"><\/i>Qu&apos;est-ce qu&apos;une chaudi\u00e8re \u00e0 vapeur et comment fonctionne-t-elle ?<\/h6><div class=\"cs-accordion-content\"><div class=\"cs-column-text\"><p><span style=\"font-weight: 400;\">A <\/span><b>chaudi\u00e8re \u00e0 vapeur<\/b><span style=\"font-weight: 400;\">  est un r\u00e9cipient sous pression qui chauffe l&rsquo;eau pour produire de la vapeur destin\u00e9e au chauffage, \u00e0 la production d&rsquo;\u00e9lectricit\u00e9 ou \u00e0 des processus industriels. Il fonctionne \u00e0 l&rsquo;\u00e9lectricit\u00e9, au gaz naturel, au p\u00e9trole ou \u00e0 la biomasse, et peut \u00eatre con\u00e7u pour des applications \u00e0 basse ou haute pression. <\/span><\/p>\n<\/div><\/div><\/div><div class=\"cs-accordion\"><h6 class=\"cs-accordion-title\"><i class=\"cs-in fa cs-anim-icon\"><\/i>Quels sont les types de chaudi\u00e8res \u00e0 vapeur disponibles ?<\/h6><div class=\"cs-accordion-content\"><div class=\"cs-column-text\"><p><span style=\"font-weight: 400;\">Il existe plusieurs types de chaudi\u00e8res \u00e0 vapeur :<\/span><\/p>\n<ul>\n<li>Chaudi\u00e8res \u00e0 vapeur \u00e0 tubes de fum\u00e9e<\/li>\n<li>Chaudi\u00e8res \u00e0 vapeur \u00e0 tubes d&rsquo;eau<\/li>\n<li>Chaudi\u00e8res \u00e9lectriques \u00e0 vapeur<\/li>\n<li>Chaudi\u00e8res \u00e0 \u00e9lectrodes haute tension<\/li>\n<\/ul>\n<p>Chaque type pr\u00e9sente des avantages uniques pour des industries et des processus sp\u00e9cifiques.<\/p>\n<\/div><\/div><\/div><div class=\"cs-accordion\"><h6 class=\"cs-accordion-title\"><i class=\"cs-in fa cs-anim-icon\"><\/i>Pourquoi choisir une chaudi\u00e8re \u00e9lectrique \u00e0 vapeur ?<\/h6><div class=\"cs-accordion-content\"><div class=\"cs-column-text\"><p><b>Chaudi\u00e8res \u00e9lectriques \u00e0 vapeur<\/b><span style=\"font-weight: 400;\">  sont une alternative propre et efficace aux syst\u00e8mes \u00e0 base de combustibles fossiles. Il s&rsquo;agit de <\/span><\/p>\n<ul>\n<li style=\"font-weight: 400;\" aria-level=\"1\"><span style=\"font-weight: 400;\">Sans \u00e9missions<\/span><\/li>\n<li aria-level=\"1\"><span style=\"font-weight: 400;\">Silencieux et compact<\/span><span style=\"font-weight: 400;\"><br \/>\n<\/span><\/li>\n<li aria-level=\"1\"><span style=\"font-weight: 400;\">Id\u00e9al pour les installations int\u00e9rieures<\/span><span style=\"font-weight: 400;\"><br \/>\n<\/span><\/li>\n<li aria-level=\"1\"><span style=\"font-weight: 400;\">Peu d&rsquo;entretien gr\u00e2ce \u00e0 l&rsquo;absence de composants de combustion<\/span><\/li>\n<\/ul>\n<p><span style=\"font-weight: 400;\">Parfait pour les b\u00e2timents commerciaux, la fabrication propre et les environnements urbains.<\/span><\/p>\n<\/div><\/div><\/div><div class=\"cs-accordion\"><h6 class=\"cs-accordion-title\"><i class=\"cs-in fa cs-anim-icon\"><\/i>Quelles sont les industries qui utilisent des chaudi\u00e8res \u00e0 vapeur ?<\/h6><div class=\"cs-accordion-content\"><div class=\"cs-column-text\"><p><span style=\"font-weight: 400;\">Les chaudi\u00e8res \u00e0 vapeur sont utilis\u00e9es dans un large \u00e9ventail de secteurs, tels que<\/span><\/p>\n<ul>\n<li style=\"font-weight: 400;\" aria-level=\"1\"><b>Fabrication de produits alimentaires et de boissons<\/b><span style=\"font-weight: 400;\"> fabrication<\/span><\/li>\n<li aria-level=\"1\"><span style=\"font-weight: 400;\">Traitement <b>pharmaceutique et chimique<\/b> <\/span><\/li>\n<li aria-level=\"1\"><span style=\"font-weight: 400;\"><b>Production textile<\/b><\/span><\/li>\n<li aria-level=\"1\"><b>H\u00f4pitaux et \u00e9tablissements de soins<\/b><span style=\"font-weight: 400;\"> \u00e9tablissements<\/span><\/li>\n<li aria-level=\"1\"><b>Production d&rsquo;\u00e9lectricit\u00e9<\/b><span style=\"font-weight: 400;\"> et services publics<\/span><\/li>\n<\/ul>\n<p><span style=\"font-weight: 400;\">Parfait pour les b\u00e2timents commerciaux, la fabrication propre et les environnements urbains.<\/span><\/p>\n<\/div><\/div><\/div><div class=\"cs-accordion\"><h6 class=\"cs-accordion-title\"><i class=\"cs-in fa cs-anim-icon\"><\/i>Les chaudi\u00e8res \u00e0 vapeur sont-elles s\u00fbres ?<\/h6><div class=\"cs-accordion-content\"><div class=\"cs-column-text\"><p><span style=\"font-weight: 400;\">Les chaudi\u00e8res \u00e0 vapeur modernes sont dot\u00e9es de dispositifs de s\u00e9curit\u00e9 avanc\u00e9s :<\/span><\/p>\n<ul>\n<li style=\"font-weight: 400;\" aria-level=\"1\"><span style=\"font-weight: 400;\">Contr\u00f4le automatique de la pression<\/span><\/li>\n<li aria-level=\"1\"><span style=\"font-weight: 400;\">Surveillance du niveau de l&rsquo;eau<\/span><\/li>\n<li aria-level=\"1\"><span style=\"font-weight: 400;\">Fermetures de s\u00e9curit\u00e9<\/span><\/li>\n<li aria-level=\"1\"><b>H\u00f4pitaux et \u00e9tablissements de soins<\/b><span style=\"font-weight: 400;\"> \u00e9tablissements<\/span><\/li>\n<li aria-level=\"1\"><span style=\"font-weight: 400;\">Syst\u00e8mes de r\u00e9gulation de la temp\u00e9rature<\/span><\/li>\n<\/ul>\n<p><span style=\"font-weight: 400;\">Une installation correcte et des inspections de routine garantissent un fonctionnement s\u00fbr et fiable.<\/span><\/p>\n<\/div><\/div><\/div><div class=\"cs-accordion\"><h6 class=\"cs-accordion-title\"><i class=\"cs-in fa cs-anim-icon\"><\/i>Quelle est la fr\u00e9quence d&apos;entretien d&apos;une chaudi\u00e8re \u00e0 vapeur ?<\/h6><div class=\"cs-accordion-content\"><div class=\"cs-column-text\"><p><span style=\"font-weight: 400;\">Les chaudi\u00e8res \u00e0 vapeur doivent faire l&rsquo;objet d&rsquo;un entretien r\u00e9gulier pour garantir une efficacit\u00e9 optimale et une durabilit\u00e9 \u00e0 long terme. Les principales t\u00e2ches sont les suivantes : <\/span><\/p>\n<ul>\n<li style=\"font-weight: 400;\" aria-level=\"1\"><span style=\"font-weight: 400;\">V\u00e9rification des niveaux d&rsquo;eau et du traitement chimique<\/span><\/li>\n<li aria-level=\"1\"><span style=\"font-weight: 400;\">Inspection des soupapes de s\u00e9curit\u00e9 et des commandes<\/span><\/li>\n<li aria-level=\"1\"><span style=\"font-weight: 400;\">\u00c9limination de l&rsquo;accumulation de tartre ou de s\u00e9diments<\/span><\/li>\n<\/ul>\n<p><span style=\"font-weight: 400;\">Une installation correcte et des inspections de routine garantissent un fonctionnement s\u00fbr et fiable.<\/span><\/p>\n<\/div><\/div><\/div><div class=\"cs-accordion\"><h6 class=\"cs-accordion-title\"><i class=\"cs-in fa cs-anim-icon\"><\/i>Qu&apos;est-ce qu&apos;une chaudi\u00e8re \u00e0 jet et comment fonctionne-t-elle ?<\/h6><div class=\"cs-accordion-content\"><div class=\"cs-column-text\"><p><span style=\"font-weight: 400;\">A <\/span><b>chaudi\u00e8re \u00e0 jet<\/b><span style=\"font-weight: 400;\">  est un syst\u00e8me de chauffage de l&rsquo;eau ou de la vapeur \u00e0 haut rendement qui utilise des jets de fluide \u00e0 grande vitesse pour transf\u00e9rer rapidement la chaleur. Contrairement aux chaudi\u00e8res traditionnelles, les chaudi\u00e8res \u00e0 jet permettent un transfert de chaleur par contact direct, ce qui les rend id\u00e9ales pour les processus n\u00e9cessitant un chauffage rapide et uniforme. <\/span><\/p>\n<\/div><\/div><\/div><div class=\"cs-accordion\"><h6 class=\"cs-accordion-title\"><i class=\"cs-in fa cs-anim-icon\"><\/i>Quels sont les avantages d&apos;une chaudi\u00e8re \u00e0 jet ?<\/h6><div class=\"cs-accordion-content\"><div class=\"cs-column-text\"><p><span style=\"font-weight: 400;\">Les chaudi\u00e8res \u00e0 jet offrent plusieurs avantages :<\/span><\/p>\n<ul>\n<li><span style=\"font-weight: 400;\">Transfert de chaleur ultra-rapide<\/span><\/li>\n<li><span style=\"font-weight: 400;\">Conception compacte et peu encombrante<\/span><\/li>\n<li><span style=\"font-weight: 400;\">Fonctionnement \u00e9conome en \u00e9nergie<\/span><\/li>\n<li><span style=\"font-weight: 400;\">Besoins d&rsquo;entretien minimes<\/span><\/li>\n<li><span style=\"font-weight: 400;\">Int\u00e9gration ais\u00e9e dans les syst\u00e8mes de traitement<\/span><\/li>\n<\/ul>\n<p><span style=\"font-weight: 400;\">La pr\u00e9cision de leur apport de chaleur les rend parfaits pour les industries ayant des besoins exigeants en mati\u00e8re de performance thermique.<\/span><\/p>\n<\/div><\/div><\/div><div class=\"cs-accordion\"><h6 class=\"cs-accordion-title\"><i class=\"cs-in fa cs-anim-icon\"><\/i>Quelles sont les industries qui utilisent des chaudi\u00e8res \u00e0 jet ?<\/h6><div class=\"cs-accordion-content\"><div class=\"cs-column-text\"><p><span style=\"font-weight: 400;\">Les chaudi\u00e8res \u00e0 jet sont couramment utilis\u00e9es dans :<\/span><\/p>\n<ul>\n<li style=\"font-weight: 400;\" aria-level=\"1\"><b>Traitement des aliments et des boissons<\/b><span style=\"font-weight: 400;\"> pour un chauffage rapide<\/span><span style=\"font-weight: 400;\"><br \/>\n<\/span><\/li>\n<li aria-level=\"1\"><span style=\"font-weight: 400;\"><b>Usines pharmaceutiques et chimiques<\/b> pour un contr\u00f4le thermique coh\u00e9rent<\/span><\/li>\n<li aria-level=\"1\"><span style=\"font-weight: 400;\">Industries des <b>p\u00e2tes et papiers<\/b> pour la vapeur industrielle<\/span><\/li>\n<li aria-level=\"1\"><b>Traitement de l&rsquo;eau<\/b><span style=\"font-weight: 400;\"> pour le chauffage des cuves et la pasteurisation<\/span><\/li>\n<\/ul>\n<\/div><\/div><\/div><div class=\"cs-accordion\"><h6 class=\"cs-accordion-title\"><i class=\"cs-in fa cs-anim-icon\"><\/i>Les chaudi\u00e8res \u00e0 jet sont-elles faciles \u00e0 entretenir ?<\/h6><div class=\"cs-accordion-content\"><div class=\"cs-column-text\"><p><span style=\"font-weight: 400;\">Oui, les chaudi\u00e8res \u00e0 jet ont moins de pi\u00e8ces mobiles que les syst\u00e8mes conventionnels, ce qui signifie moins de temps d&rsquo;arr\u00eat et des co\u00fbts de maintenance r\u00e9duits. Leur conception rationalis\u00e9e permet d&rsquo;\u00e9viter les probl\u00e8mes courants tels que l&rsquo;accumulation de tartre et l&rsquo;usure m\u00e9canique. <\/span><\/p>\n<\/div><\/div><\/div><\/div><\/div><\/div><\/div><\/div><\/section><section class=\"cs-section\"><div class=\"container\"><div class=\"row\"><div class=\"col-md-12\"><div class=\"cs-column-inner\"><\/div><\/div><\/div><\/div><\/section><section class=\"cs-section\"><div class=\"container\"><div class=\"row\"><div class=\"col-md-12\"><div class=\"cs-column-inner\"><\/div><\/div><\/div><\/div><\/section>\n","protected":false},"excerpt":{"rendered":"<p><span class=\"entry-read-more\"><a href=\"https:\/\/www.aepthermal.com\/fr\/faq\/\" class=\"cs-btn cs-btn-flat cs-btn-rounded cs-btn-xxs cs-btn-flat-accent\">Lire la suite<\/a><\/span><\/p>\n","protected":false},"author":1,"featured_media":0,"parent":0,"menu_order":0,"comment_status":"closed","ping_status":"closed","template":"","meta":{"footnotes":""},"class_list":["post-1320","page","type-page","status-publish","hentry"],"_links":{"self":[{"href":"https:\/\/www.aepthermal.com\/fr\/wp-json\/wp\/v2\/pages\/1320","targetHints":{"allow":["GET"]}}],"collection":[{"href":"https:\/\/www.aepthermal.com\/fr\/wp-json\/wp\/v2\/pages"}],"about":[{"href":"https:\/\/www.aepthermal.com\/fr\/wp-json\/wp\/v2\/types\/page"}],"author":[{"embeddable":true,"href":"https:\/\/www.aepthermal.com\/fr\/wp-json\/wp\/v2\/users\/1"}],"replies":[{"embeddable":true,"href":"https:\/\/www.aepthermal.com\/fr\/wp-json\/wp\/v2\/comments?post=1320"}],"version-history":[{"count":0,"href":"https:\/\/www.aepthermal.com\/fr\/wp-json\/wp\/v2\/pages\/1320\/revisions"}],"wp:attachment":[{"href":"https:\/\/www.aepthermal.com\/fr\/wp-json\/wp\/v2\/media?parent=1320"}],"curies":[{"name":"wp","href":"https:\/\/api.w.org\/{rel}","templated":true}]}}